{"id":4260,"date":"2023-05-29T15:19:01","date_gmt":"2023-05-29T20:19:01","guid":{"rendered":"https:\/\/pauccarmarca.com\/?post_type=product&#038;p=4260"},"modified":"2023-05-29T16:18:02","modified_gmt":"2023-05-29T21:18:02","slug":"taller-de-despachos-exclusivo","status":"publish","type":"product","link":"https:\/\/pauccarmarca.com\/en\/comprar\/taller-de-despachos-exclusivo\/","title":{"rendered":"Taller de despachos exclusivo"},"content":{"rendered":"<p class=\"qtranxs-available-languages-message qtranxs-available-languages-message-en\">Sorry, this entry is only available in <a href=\"https:\/\/pauccarmarca.com\/es\/wp-json\/wp\/v2\/product\/4260\" class=\"qtranxs-available-language-link qtranxs-available-language-link-es\" title=\"Espa\u00f1ol\">Espa\u00f1ol<\/a>.<\/p><p>Al tomar esta clase online, tambi\u00e9n tienes acceso a las im\u00e1genes dise\u00f1adas como ayuda memoria al momento de construir tu propio despacho. Y a la lista escrita de los materiales usados en el video.<br \/>\nSum\u00e9rgete en el misterioso y antiguo arte de la construcci\u00f3n de despachos andinos con Guillermo Pauccar, descendiente de los incas y portador del grado de Altomisayoc. En este cautivador taller en video, Guillermo te guiar\u00e1 a trav\u00e9s de cada paso del proceso, revelando los secretos detr\u00e1s de esta pr\u00e1ctica sagrada.<\/p>\n<p>Desde el inicio hasta el final, experimentar\u00e1s la magia de crear un despacho andino aut\u00e9ntico y poderoso. Con im\u00e1genes detalladas y claras instrucciones, aprender\u00e1s a seleccionar y combinar cuidadosamente los elementos sagrados que componen este ritual ancestral.<\/p>\n<p>Guillermo te ense\u00f1ar\u00e1 a armonizar los colores y las formas, creando un dise\u00f1o equilibrado y armonioso que refleje tus intenciones y prop\u00f3sitos. Aprender\u00e1s a honrar a los Apus (esp\u00edritus de las monta\u00f1as) y a los elementos naturales, creando una experiencia transformadora y enriquecedora.<\/p>\n<p>Este taller en video no solo te ense\u00f1ar\u00e1 a construir un despacho andino, sino que tambi\u00e9n te invitar\u00e1 a explorar tu propia conciencia y a conectarte con una tradici\u00f3n milenaria.<\/p>\n<p>\u00a1Prep\u00e1rate para sumergirte en la magia de los despachos andinos y descubre c\u00f3mo puedes integrar esta pr\u00e1ctica en tu propia vida! Este video taller es una oportunidad \u00fanica para aprender de un aut\u00e9ntico maestro descendiente de los incas y profundizar en la sabidur\u00eda de una cultura ancestral.<\/p>","protected":false},"excerpt":{"rendered":"<p class=\"qtranxs-available-languages-message qtranxs-available-languages-message-en\">Sorry, this entry is only available in <a href=\"https:\/\/pauccarmarca.com\/es\/wp-json\/wp\/v2\/product\/4260\" class=\"qtranxs-available-language-link qtranxs-available-language-link-es\" title=\"Espa\u00f1ol\">Espa\u00f1ol<\/a>.<\/p>\n<p>Este taller de como hacer un despacho andino est\u00e1 grabado en un entorno natural. Veras a <a href=\"https:\/\/pauccarmarca.com\/guillermo-pauccar-calcina\/\">Guillermo Pauccar<\/a> realizar paso a paso esta ceremonia. Indicando la forma, los ingredientes b\u00e1sicos y las palabras para hacer un despacho.<\/p>\n<p>Tiene una duraci\u00f3n de 44 minutos.<\/p>\n<p>Incluye acceso a las im\u00e1genes dise\u00f1adas como ayuda memoria, lista escrita de los materiales usados en el video.<\/p>\n","protected":false},"featured_media":4268,"comment_status":"open","ping_status":"closed","template":"","meta":[],"product_brand":[],"product_cat":[93],"product_tag":[],"class_list":{"0":"post-4260","1":"product","2":"type-product","3":"status-publish","4":"has-post-thumbnail","6":"product_cat-talleres","7":"sales-flash-overlay","8":"woocommerce-text-align-center","9":"woocommerce-image-align-center","10":"wc-has-gallery","12":"first","13":"instock","14":"virtual","15":"purchasable","16":"product-type-simple"},"yoast_head":"<!-- This site is optimized with the Yoast SEO plugin v27.5 - https:\/\/yoast.com\/product\/yoast-seo-wordpress\/ -->\n<title>Taller de despachos exclusivo - Pauccarmarca<\/title>\n<meta name=\"robots\" content=\"index, follow, max-snippet:-1, max-image-preview:large, max-video-preview:-1\" \/>\n<link rel=\"canonical\" href=\"https:\/\/pauccarmarca.com\/en\/comprar\/taller-de-despachos-exclusivo\/\" \/>\n<meta property=\"og:locale\" content=\"en_US\" \/>\n<meta property=\"og:type\" content=\"article\" \/>\n<meta property=\"og:title\" content=\"Taller de despachos exclusivo - Pauccarmarca\" \/>\n<meta property=\"og:description\" content=\"Este taller de como hacer un despacho andino est\u00e1 grabado en un entorno natural. Veras a Guillermo Pauccar realizar paso a paso esta ceremonia. Indicando la forma, los ingredientes b\u00e1sicos y las palabras para hacer un despacho.  Tiene una duraci\u00f3n de 44 minutos.  Incluye acceso a las im\u00e1genes dise\u00f1adas como ayuda memoria, lista escrita de los materiales usados en el video.\" \/>\n<meta property=\"og:url\" content=\"https:\/\/pauccarmarca.com\/en\/comprar\/taller-de-despachos-exclusivo\/\" \/>\n<meta property=\"og:site_name\" content=\"Pauccarmarca\" \/>\n<meta property=\"article:modified_time\" content=\"2023-05-29T21:18:02+00:00\" \/>\n<meta property=\"og:image\" content=\"https:\/\/pauccarmarca.com\/wp-content\/uploads\/2023\/05\/rosario202200186-copia.webp\" \/>\n\t<meta property=\"og:image:width\" content=\"1280\" \/>\n\t<meta property=\"og:image:height\" content=\"720\" \/>\n\t<meta property=\"og:image:type\" content=\"image\/webp\" \/>\n<meta name=\"twitter:card\" content=\"summary_large_image\" \/>\n<meta name=\"twitter:label1\" content=\"Est. reading time\" \/>\n\t<meta name=\"twitter:data1\" content=\"2 minutes\" \/>\n<script type=\"application\/ld+json\" class=\"yoast-schema-graph\">{\"@context\":\"https:\\\/\\\/schema.org\",\"@graph\":[{\"@type\":\"WebPage\",\"@id\":\"https:\\\/\\\/pauccarmarca.com\\\/en\\\/comprar\\\/taller-de-despachos-exclusivo\\\/\",\"url\":\"https:\\\/\\\/pauccarmarca.com\\\/en\\\/comprar\\\/taller-de-despachos-exclusivo\\\/\",\"name\":\"Taller de despachos exclusivo - Pauccarmarca\",\"isPartOf\":{\"@id\":\"https:\\\/\\\/pauccarmarca.com\\\/en\\\/#website\"},\"primaryImageOfPage\":{\"@id\":\"https:\\\/\\\/pauccarmarca.com\\\/en\\\/comprar\\\/taller-de-despachos-exclusivo\\\/#primaryimage\"},\"image\":{\"@id\":\"https:\\\/\\\/pauccarmarca.com\\\/comprar\\\/taller-de-despachos-exclusivo\\\/#primaryimage\"},\"thumbnailUrl\":\"https:\\\/\\\/pauccarmarca.com\\\/wp-content\\\/uploads\\\/2023\\\/05\\\/rosario202200186-copia.webp\",\"datePublished\":\"2023-05-29T20:19:01+00:00\",\"dateModified\":\"2023-05-29T21:18:02+00:00\",\"breadcrumb\":{\"@id\":\"https:\\\/\\\/pauccarmarca.com\\\/en\\\/comprar\\\/taller-de-despachos-exclusivo\\\/#breadcrumb\"},\"inLanguage\":\"en-US\",\"potentialAction\":[{\"@type\":\"ReadAction\",\"target\":[[\"https:\\\/\\\/pauccarmarca.com\\\/en\\\/comprar\\\/taller-de-despachos-exclusivo\\\/\"]]}]},{\"@type\":\"ImageObject\",\"inLanguage\":\"en-US\",\"@id\":\"https:\\\/\\\/pauccarmarca.com\\\/en\\\/comprar\\\/taller-de-despachos-exclusivo\\\/#primaryimage\",\"url\":\"https:\\\/\\\/pauccarmarca.com\\\/wp-content\\\/uploads\\\/2023\\\/05\\\/rosario202200186-copia.webp\",\"contentUrl\":\"https:\\\/\\\/pauccarmarca.com\\\/wp-content\\\/uploads\\\/2023\\\/05\\\/rosario202200186-copia.webp\",\"width\":1280,\"height\":720,\"caption\":\"guillermo pauccar intencionando un despacho andino\"},{\"@type\":\"BreadcrumbList\",\"@id\":\"https:\\\/\\\/pauccarmarca.com\\\/en\\\/comprar\\\/taller-de-despachos-exclusivo\\\/#breadcrumb\",\"itemListElement\":[{\"@type\":\"ListItem\",\"position\":1,\"name\":\"Portada\",\"item\":\"https:\\\/\\\/pauccarmarca.com\\\/en\\\/\"},{\"@type\":\"ListItem\",\"position\":2,\"name\":\"Tienda\",\"item\":\"https:\\\/\\\/pauccarmarca.com\\\/en\\\/tienda\\\/\"},{\"@type\":\"ListItem\",\"position\":3,\"name\":\"Taller de despachos exclusivo\"}]},{\"@type\":\"WebSite\",\"@id\":\"https:\\\/\\\/pauccarmarca.com\\\/en\\\/#website\",\"url\":\"https:\\\/\\\/pauccarmarca.com\\\/en\\\/\",\"name\":\"Pauccarmarca\",\"description\":\"Viajes inici\u00e1ticos y espacios de sanaci\u00f3n\",\"publisher\":{\"@id\":\"https:\\\/\\\/pauccarmarca.com\\\/en\\\/#organization\"},\"potentialAction\":[{\"@type\":\"SearchAction\",\"target\":{\"@type\":\"EntryPoint\",\"urlTemplate\":\"https:\\\/\\\/pauccarmarca.com\\\/en\\\/?s={search_term_string}\"},\"query-input\":{\"@type\":\"PropertyValueSpecification\",\"valueRequired\":true,\"valueName\":\"search_term_string\"}}],\"inLanguage\":\"en-US\"},{\"@type\":\"Organization\",\"@id\":\"https:\\\/\\\/pauccarmarca.com\\\/en\\\/#organization\",\"name\":\"Pauccarmarca\",\"url\":\"https:\\\/\\\/pauccarmarca.com\\\/en\\\/\",\"logo\":{\"@type\":\"ImageObject\",\"inLanguage\":\"en-US\",\"@id\":\"https:\\\/\\\/pauccarmarca.com\\\/en\\\/#\\\/schema\\\/logo\\\/image\\\/\",\"url\":\"https:\\\/\\\/i1.wp.com\\\/pauccarmarca.com\\\/wp-content\\\/uploads\\\/2019\\\/02\\\/cropped-pauccarmarcaWEB3.png?fit=349%2C112&ssl=1\",\"contentUrl\":\"https:\\\/\\\/i1.wp.com\\\/pauccarmarca.com\\\/wp-content\\\/uploads\\\/2019\\\/02\\\/cropped-pauccarmarcaWEB3.png?fit=349%2C112&ssl=1\",\"width\":349,\"height\":112,\"caption\":\"Pauccarmarca\"},\"image\":{\"@id\":\"https:\\\/\\\/pauccarmarca.com\\\/en\\\/#\\\/schema\\\/logo\\\/image\\\/\"}}]}<\/script>\n<!-- \/ Yoast SEO plugin. -->","yoast_head_json":{"title":"Taller de despachos exclusivo - Pauccarmarca","robots":{"index":"index","follow":"follow","max-snippet":"max-snippet:-1","max-image-preview":"max-image-preview:large","max-video-preview":"max-video-preview:-1"},"canonical":"https:\/\/pauccarmarca.com\/en\/comprar\/taller-de-despachos-exclusivo\/","og_locale":"en_US","og_type":"article","og_title":"Taller de despachos exclusivo - Pauccarmarca","og_description":"Este taller de como hacer un despacho andino est\u00e1 grabado en un entorno natural. Veras a Guillermo Pauccar realizar paso a paso esta ceremonia. Indicando la forma, los ingredientes b\u00e1sicos y las palabras para hacer un despacho.  Tiene una duraci\u00f3n de 44 minutos.  Incluye acceso a las im\u00e1genes dise\u00f1adas como ayuda memoria, lista escrita de los materiales usados en el video.","og_url":"https:\/\/pauccarmarca.com\/en\/comprar\/taller-de-despachos-exclusivo\/","og_site_name":"Pauccarmarca","article_modified_time":"2023-05-29T21:18:02+00:00","og_image":[{"width":1280,"height":720,"url":"https:\/\/pauccarmarca.com\/wp-content\/uploads\/2023\/05\/rosario202200186-copia.webp","type":"image\/webp"}],"twitter_card":"summary_large_image","twitter_misc":{"Est. reading time":"2 minutes"},"schema":{"@context":"https:\/\/schema.org","@graph":[{"@type":"WebPage","@id":"https:\/\/pauccarmarca.com\/en\/comprar\/taller-de-despachos-exclusivo\/","url":"https:\/\/pauccarmarca.com\/en\/comprar\/taller-de-despachos-exclusivo\/","name":"Taller de despachos exclusivo - Pauccarmarca","isPartOf":{"@id":"https:\/\/pauccarmarca.com\/en\/#website"},"primaryImageOfPage":{"@id":"https:\/\/pauccarmarca.com\/en\/comprar\/taller-de-despachos-exclusivo\/#primaryimage"},"image":{"@id":"https:\/\/pauccarmarca.com\/comprar\/taller-de-despachos-exclusivo\/#primaryimage"},"thumbnailUrl":"https:\/\/pauccarmarca.com\/wp-content\/uploads\/2023\/05\/rosario202200186-copia.webp","datePublished":"2023-05-29T20:19:01+00:00","dateModified":"2023-05-29T21:18:02+00:00","breadcrumb":{"@id":"https:\/\/pauccarmarca.com\/en\/comprar\/taller-de-despachos-exclusivo\/#breadcrumb"},"inLanguage":"en-US","potentialAction":[{"@type":"ReadAction","target":[["https:\/\/pauccarmarca.com\/en\/comprar\/taller-de-despachos-exclusivo\/"]]}]},{"@type":"ImageObject","inLanguage":"en-US","@id":"https:\/\/pauccarmarca.com\/en\/comprar\/taller-de-despachos-exclusivo\/#primaryimage","url":"https:\/\/pauccarmarca.com\/wp-content\/uploads\/2023\/05\/rosario202200186-copia.webp","contentUrl":"https:\/\/pauccarmarca.com\/wp-content\/uploads\/2023\/05\/rosario202200186-copia.webp","width":1280,"height":720,"caption":"guillermo pauccar intencionando un despacho andino"},{"@type":"BreadcrumbList","@id":"https:\/\/pauccarmarca.com\/en\/comprar\/taller-de-despachos-exclusivo\/#breadcrumb","itemListElement":[{"@type":"ListItem","position":1,"name":"Portada","item":"https:\/\/pauccarmarca.com\/en\/"},{"@type":"ListItem","position":2,"name":"Tienda","item":"https:\/\/pauccarmarca.com\/en\/tienda\/"},{"@type":"ListItem","position":3,"name":"Taller de despachos exclusivo"}]},{"@type":"WebSite","@id":"https:\/\/pauccarmarca.com\/en\/#website","url":"https:\/\/pauccarmarca.com\/en\/","name":"Pauccarmarca","description":"Viajes inici\u00e1ticos y espacios de sanaci\u00f3n","publisher":{"@id":"https:\/\/pauccarmarca.com\/en\/#organization"},"potentialAction":[{"@type":"SearchAction","target":{"@type":"EntryPoint","urlTemplate":"https:\/\/pauccarmarca.com\/en\/?s={search_term_string}"},"query-input":{"@type":"PropertyValueSpecification","valueRequired":true,"valueName":"search_term_string"}}],"inLanguage":"en-US"},{"@type":"Organization","@id":"https:\/\/pauccarmarca.com\/en\/#organization","name":"Pauccarmarca","url":"https:\/\/pauccarmarca.com\/en\/","logo":{"@type":"ImageObject","inLanguage":"en-US","@id":"https:\/\/pauccarmarca.com\/en\/#\/schema\/logo\/image\/","url":"https:\/\/i1.wp.com\/pauccarmarca.com\/wp-content\/uploads\/2019\/02\/cropped-pauccarmarcaWEB3.png?fit=349%2C112&ssl=1","contentUrl":"https:\/\/i1.wp.com\/pauccarmarca.com\/wp-content\/uploads\/2019\/02\/cropped-pauccarmarcaWEB3.png?fit=349%2C112&ssl=1","width":349,"height":112,"caption":"Pauccarmarca"},"image":{"@id":"https:\/\/pauccarmarca.com\/en\/#\/schema\/logo\/image\/"}}]}},"jetpack_sharing_enabled":true,"_links":{"self":[{"href":"https:\/\/pauccarmarca.com\/en\/wp-json\/wp\/v2\/product\/4260","targetHints":{"allow":["GET"]}}],"collection":[{"href":"https:\/\/pauccarmarca.com\/en\/wp-json\/wp\/v2\/product"}],"about":[{"href":"https:\/\/pauccarmarca.com\/en\/wp-json\/wp\/v2\/types\/product"}],"replies":[{"embeddable":true,"href":"https:\/\/pauccarmarca.com\/en\/wp-json\/wp\/v2\/comments?post=4260"}],"version-history":[{"count":2,"href":"https:\/\/pauccarmarca.com\/en\/wp-json\/wp\/v2\/product\/4260\/revisions"}],"predecessor-version":[{"id":4273,"href":"https:\/\/pauccarmarca.com\/en\/wp-json\/wp\/v2\/product\/4260\/revisions\/4273"}],"wp:featuredmedia":[{"embeddable":true,"href":"https:\/\/pauccarmarca.com\/en\/wp-json\/wp\/v2\/media\/4268"}],"wp:attachment":[{"href":"https:\/\/pauccarmarca.com\/en\/wp-json\/wp\/v2\/media?parent=4260"}],"wp:term":[{"taxonomy":"product_brand","embeddable":true,"href":"https:\/\/pauccarmarca.com\/en\/wp-json\/wp\/v2\/product_brand?post=4260"},{"taxonomy":"product_cat","embeddable":true,"href":"https:\/\/pauccarmarca.com\/en\/wp-json\/wp\/v2\/product_cat?post=4260"},{"taxonomy":"product_tag","embeddable":true,"href":"https:\/\/pauccarmarca.com\/en\/wp-json\/wp\/v2\/product_tag?post=4260"}],"curies":[{"name":"wp","href":"https:\/\/api.w.org\/{rel}","templated":true}]}}