{"id":4250,"date":"2023-04-14T06:59:48","date_gmt":"2023-04-14T11:59:48","guid":{"rendered":"https:\/\/pauccarmarca.com\/?post_type=product&#038;p=4250"},"modified":"2024-07-02T15:59:36","modified_gmt":"2024-07-02T20:59:36","slug":"taller-de-despacho-andino","status":"publish","type":"product","link":"https:\/\/pauccarmarca.com\/en\/comprar\/taller-de-despacho-andino\/","title":{"rendered":"Taller de construcci\u00f3n de despachos andinos"},"content":{"rendered":"<p>En este taller en lineal de construcci\u00f3n de despachos andinos lo da <a href=\"https:\/\/pauccarmarca.com\/guillermo-pauccar-calcina\/\">Guillermo Pauccar<\/a>,<\/p>\n<p>Veras a Guillermo realizando paso a paso esta ceremonia. Indicando la forma y los ingredientes b\u00e1sicos y las palabras para construir despachos.<\/p>\n<p>Tiene una duraci\u00f3n de 44 minutos.<\/p>\n<p>Al tomar esta clase online, tambi\u00e9n tienes acceso a las im\u00e1genes dise\u00f1adas como ayuda memoria al momento de construir tu propio despacho. Y a la lista escrita de los materiales usados en el video.<\/p>","protected":false},"excerpt":{"rendered":"<p>Veras a Guillermo realizando paso a paso esta ceremonia.<\/p>\n","protected":false},"featured_media":4262,"comment_status":"open","ping_status":"closed","template":"","meta":[],"product_brand":[],"product_cat":[93],"product_tag":[],"class_list":{"0":"post-4250","1":"product","2":"type-product","3":"status-publish","4":"has-post-thumbnail","6":"product_cat-talleres","7":"sales-flash-overlay","8":"woocommerce-text-align-center","9":"woocommerce-image-align-center","10":"wc-has-gallery","12":"first","13":"instock","14":"sale","15":"virtual","16":"purchasable","17":"product-type-simple"},"yoast_head":"<!-- This site is optimized with the Yoast SEO plugin v27.5 - https:\/\/yoast.com\/product\/yoast-seo-wordpress\/ -->\n<title>Taller de construcci\u00f3n de despachos andinos - Pauccarmarca<\/title>\n<meta name=\"robots\" content=\"index, follow, max-snippet:-1, max-image-preview:large, max-video-preview:-1\" \/>\n<link rel=\"canonical\" href=\"https:\/\/pauccarmarca.com\/en\/comprar\/taller-de-despacho-andino\/\" \/>\n<meta property=\"og:locale\" content=\"en_US\" \/>\n<meta property=\"og:type\" content=\"article\" \/>\n<meta property=\"og:title\" content=\"Taller de construcci\u00f3n de despachos andinos - Pauccarmarca\" \/>\n<meta property=\"og:description\" content=\"Veras a Guillermo realizando paso a paso esta ceremonia.\" \/>\n<meta property=\"og:url\" content=\"https:\/\/pauccarmarca.com\/en\/comprar\/taller-de-despacho-andino\/\" \/>\n<meta property=\"og:site_name\" content=\"Pauccarmarca\" \/>\n<meta property=\"article:modified_time\" content=\"2024-07-02T20:59:36+00:00\" \/>\n<meta property=\"og:image\" content=\"https:\/\/pauccarmarca.com\/wp-content\/uploads\/2023\/04\/miniatura-para-web-taller-de-despachos-15-de-abril-2023-zoom.00_51_53_15.Imagen-fija001-copia.webp\" \/>\n\t<meta property=\"og:image:width\" content=\"1920\" \/>\n\t<meta property=\"og:image:height\" content=\"1080\" \/>\n\t<meta property=\"og:image:type\" content=\"image\/webp\" \/>\n<meta name=\"twitter:card\" content=\"summary_large_image\" \/>\n<meta name=\"twitter:label1\" content=\"Est. reading time\" \/>\n\t<meta name=\"twitter:data1\" content=\"1 minute\" \/>\n<script type=\"application\/ld+json\" class=\"yoast-schema-graph\">{\"@context\":\"https:\\\/\\\/schema.org\",\"@graph\":[{\"@type\":\"WebPage\",\"@id\":\"https:\\\/\\\/pauccarmarca.com\\\/en\\\/comprar\\\/taller-de-despacho-andino\\\/\",\"url\":\"https:\\\/\\\/pauccarmarca.com\\\/en\\\/comprar\\\/taller-de-despacho-andino\\\/\",\"name\":\"Taller de construcci\u00f3n de despachos andinos - Pauccarmarca\",\"isPartOf\":{\"@id\":\"https:\\\/\\\/pauccarmarca.com\\\/en\\\/#website\"},\"primaryImageOfPage\":{\"@id\":\"https:\\\/\\\/pauccarmarca.com\\\/en\\\/comprar\\\/taller-de-despacho-andino\\\/#primaryimage\"},\"image\":{\"@id\":\"https:\\\/\\\/pauccarmarca.com\\\/comprar\\\/taller-de-despacho-andino\\\/#primaryimage\"},\"thumbnailUrl\":\"https:\\\/\\\/pauccarmarca.com\\\/wp-content\\\/uploads\\\/2023\\\/04\\\/miniatura-para-web-taller-de-despachos-15-de-abril-2023-zoom.00_51_53_15.Imagen-fija001-copia.webp\",\"datePublished\":\"2023-04-14T11:59:48+00:00\",\"dateModified\":\"2024-07-02T20:59:36+00:00\",\"breadcrumb\":{\"@id\":\"https:\\\/\\\/pauccarmarca.com\\\/en\\\/comprar\\\/taller-de-despacho-andino\\\/#breadcrumb\"},\"inLanguage\":\"en-US\",\"potentialAction\":[{\"@type\":\"ReadAction\",\"target\":[[\"https:\\\/\\\/pauccarmarca.com\\\/en\\\/comprar\\\/taller-de-despacho-andino\\\/\"]]}]},{\"@type\":\"ImageObject\",\"inLanguage\":\"en-US\",\"@id\":\"https:\\\/\\\/pauccarmarca.com\\\/en\\\/comprar\\\/taller-de-despacho-andino\\\/#primaryimage\",\"url\":\"https:\\\/\\\/pauccarmarca.com\\\/wp-content\\\/uploads\\\/2023\\\/04\\\/miniatura-para-web-taller-de-despachos-15-de-abril-2023-zoom.00_51_53_15.Imagen-fija001-copia.webp\",\"contentUrl\":\"https:\\\/\\\/pauccarmarca.com\\\/wp-content\\\/uploads\\\/2023\\\/04\\\/miniatura-para-web-taller-de-despachos-15-de-abril-2023-zoom.00_51_53_15.Imagen-fija001-copia.webp\",\"width\":1920,\"height\":1080,\"caption\":\"Taller deconstruccion de despacho andino - grabacion de zoom\"},{\"@type\":\"BreadcrumbList\",\"@id\":\"https:\\\/\\\/pauccarmarca.com\\\/en\\\/comprar\\\/taller-de-despacho-andino\\\/#breadcrumb\",\"itemListElement\":[{\"@type\":\"ListItem\",\"position\":1,\"name\":\"Portada\",\"item\":\"https:\\\/\\\/pauccarmarca.com\\\/en\\\/\"},{\"@type\":\"ListItem\",\"position\":2,\"name\":\"Tienda\",\"item\":\"https:\\\/\\\/pauccarmarca.com\\\/en\\\/tienda\\\/\"},{\"@type\":\"ListItem\",\"position\":3,\"name\":\"Taller de construcci\u00f3n de despacho andino &#8211; Grabaci\u00f3n de zoom\"}]},{\"@type\":\"WebSite\",\"@id\":\"https:\\\/\\\/pauccarmarca.com\\\/en\\\/#website\",\"url\":\"https:\\\/\\\/pauccarmarca.com\\\/en\\\/\",\"name\":\"Pauccarmarca\",\"description\":\"Viajes inici\u00e1ticos y espacios de sanaci\u00f3n\",\"publisher\":{\"@id\":\"https:\\\/\\\/pauccarmarca.com\\\/en\\\/#organization\"},\"potentialAction\":[{\"@type\":\"SearchAction\",\"target\":{\"@type\":\"EntryPoint\",\"urlTemplate\":\"https:\\\/\\\/pauccarmarca.com\\\/en\\\/?s={search_term_string}\"},\"query-input\":{\"@type\":\"PropertyValueSpecification\",\"valueRequired\":true,\"valueName\":\"search_term_string\"}}],\"inLanguage\":\"en-US\"},{\"@type\":\"Organization\",\"@id\":\"https:\\\/\\\/pauccarmarca.com\\\/en\\\/#organization\",\"name\":\"Pauccarmarca\",\"url\":\"https:\\\/\\\/pauccarmarca.com\\\/en\\\/\",\"logo\":{\"@type\":\"ImageObject\",\"inLanguage\":\"en-US\",\"@id\":\"https:\\\/\\\/pauccarmarca.com\\\/en\\\/#\\\/schema\\\/logo\\\/image\\\/\",\"url\":\"https:\\\/\\\/i1.wp.com\\\/pauccarmarca.com\\\/wp-content\\\/uploads\\\/2019\\\/02\\\/cropped-pauccarmarcaWEB3.png?fit=349%2C112&ssl=1\",\"contentUrl\":\"https:\\\/\\\/i1.wp.com\\\/pauccarmarca.com\\\/wp-content\\\/uploads\\\/2019\\\/02\\\/cropped-pauccarmarcaWEB3.png?fit=349%2C112&ssl=1\",\"width\":349,\"height\":112,\"caption\":\"Pauccarmarca\"},\"image\":{\"@id\":\"https:\\\/\\\/pauccarmarca.com\\\/en\\\/#\\\/schema\\\/logo\\\/image\\\/\"}}]}<\/script>\n<!-- \/ Yoast SEO plugin. -->","yoast_head_json":{"title":"Taller de construcci\u00f3n de despachos andinos - Pauccarmarca","robots":{"index":"index","follow":"follow","max-snippet":"max-snippet:-1","max-image-preview":"max-image-preview:large","max-video-preview":"max-video-preview:-1"},"canonical":"https:\/\/pauccarmarca.com\/en\/comprar\/taller-de-despacho-andino\/","og_locale":"en_US","og_type":"article","og_title":"Taller de construcci\u00f3n de despachos andinos - Pauccarmarca","og_description":"Veras a Guillermo realizando paso a paso esta ceremonia.","og_url":"https:\/\/pauccarmarca.com\/en\/comprar\/taller-de-despacho-andino\/","og_site_name":"Pauccarmarca","article_modified_time":"2024-07-02T20:59:36+00:00","og_image":[{"width":1920,"height":1080,"url":"https:\/\/pauccarmarca.com\/wp-content\/uploads\/2023\/04\/miniatura-para-web-taller-de-despachos-15-de-abril-2023-zoom.00_51_53_15.Imagen-fija001-copia.webp","type":"image\/webp"}],"twitter_card":"summary_large_image","twitter_misc":{"Est. reading time":"1 minute"},"schema":{"@context":"https:\/\/schema.org","@graph":[{"@type":"WebPage","@id":"https:\/\/pauccarmarca.com\/en\/comprar\/taller-de-despacho-andino\/","url":"https:\/\/pauccarmarca.com\/en\/comprar\/taller-de-despacho-andino\/","name":"Taller de construcci\u00f3n de despachos andinos - Pauccarmarca","isPartOf":{"@id":"https:\/\/pauccarmarca.com\/en\/#website"},"primaryImageOfPage":{"@id":"https:\/\/pauccarmarca.com\/en\/comprar\/taller-de-despacho-andino\/#primaryimage"},"image":{"@id":"https:\/\/pauccarmarca.com\/comprar\/taller-de-despacho-andino\/#primaryimage"},"thumbnailUrl":"https:\/\/pauccarmarca.com\/wp-content\/uploads\/2023\/04\/miniatura-para-web-taller-de-despachos-15-de-abril-2023-zoom.00_51_53_15.Imagen-fija001-copia.webp","datePublished":"2023-04-14T11:59:48+00:00","dateModified":"2024-07-02T20:59:36+00:00","breadcrumb":{"@id":"https:\/\/pauccarmarca.com\/en\/comprar\/taller-de-despacho-andino\/#breadcrumb"},"inLanguage":"en-US","potentialAction":[{"@type":"ReadAction","target":[["https:\/\/pauccarmarca.com\/en\/comprar\/taller-de-despacho-andino\/"]]}]},{"@type":"ImageObject","inLanguage":"en-US","@id":"https:\/\/pauccarmarca.com\/en\/comprar\/taller-de-despacho-andino\/#primaryimage","url":"https:\/\/pauccarmarca.com\/wp-content\/uploads\/2023\/04\/miniatura-para-web-taller-de-despachos-15-de-abril-2023-zoom.00_51_53_15.Imagen-fija001-copia.webp","contentUrl":"https:\/\/pauccarmarca.com\/wp-content\/uploads\/2023\/04\/miniatura-para-web-taller-de-despachos-15-de-abril-2023-zoom.00_51_53_15.Imagen-fija001-copia.webp","width":1920,"height":1080,"caption":"Taller deconstruccion de despacho andino - grabacion de zoom"},{"@type":"BreadcrumbList","@id":"https:\/\/pauccarmarca.com\/en\/comprar\/taller-de-despacho-andino\/#breadcrumb","itemListElement":[{"@type":"ListItem","position":1,"name":"Portada","item":"https:\/\/pauccarmarca.com\/en\/"},{"@type":"ListItem","position":2,"name":"Tienda","item":"https:\/\/pauccarmarca.com\/en\/tienda\/"},{"@type":"ListItem","position":3,"name":"Taller de construcci\u00f3n de despacho andino &#8211; Grabaci\u00f3n de zoom"}]},{"@type":"WebSite","@id":"https:\/\/pauccarmarca.com\/en\/#website","url":"https:\/\/pauccarmarca.com\/en\/","name":"Pauccarmarca","description":"Viajes inici\u00e1ticos y espacios de sanaci\u00f3n","publisher":{"@id":"https:\/\/pauccarmarca.com\/en\/#organization"},"potentialAction":[{"@type":"SearchAction","target":{"@type":"EntryPoint","urlTemplate":"https:\/\/pauccarmarca.com\/en\/?s={search_term_string}"},"query-input":{"@type":"PropertyValueSpecification","valueRequired":true,"valueName":"search_term_string"}}],"inLanguage":"en-US"},{"@type":"Organization","@id":"https:\/\/pauccarmarca.com\/en\/#organization","name":"Pauccarmarca","url":"https:\/\/pauccarmarca.com\/en\/","logo":{"@type":"ImageObject","inLanguage":"en-US","@id":"https:\/\/pauccarmarca.com\/en\/#\/schema\/logo\/image\/","url":"https:\/\/i1.wp.com\/pauccarmarca.com\/wp-content\/uploads\/2019\/02\/cropped-pauccarmarcaWEB3.png?fit=349%2C112&ssl=1","contentUrl":"https:\/\/i1.wp.com\/pauccarmarca.com\/wp-content\/uploads\/2019\/02\/cropped-pauccarmarcaWEB3.png?fit=349%2C112&ssl=1","width":349,"height":112,"caption":"Pauccarmarca"},"image":{"@id":"https:\/\/pauccarmarca.com\/en\/#\/schema\/logo\/image\/"}}]}},"jetpack_sharing_enabled":true,"_links":{"self":[{"href":"https:\/\/pauccarmarca.com\/en\/wp-json\/wp\/v2\/product\/4250","targetHints":{"allow":["GET"]}}],"collection":[{"href":"https:\/\/pauccarmarca.com\/en\/wp-json\/wp\/v2\/product"}],"about":[{"href":"https:\/\/pauccarmarca.com\/en\/wp-json\/wp\/v2\/types\/product"}],"replies":[{"embeddable":true,"href":"https:\/\/pauccarmarca.com\/en\/wp-json\/wp\/v2\/comments?post=4250"}],"version-history":[{"count":7,"href":"https:\/\/pauccarmarca.com\/en\/wp-json\/wp\/v2\/product\/4250\/revisions"}],"predecessor-version":[{"id":4267,"href":"https:\/\/pauccarmarca.com\/en\/wp-json\/wp\/v2\/product\/4250\/revisions\/4267"}],"wp:featuredmedia":[{"embeddable":true,"href":"https:\/\/pauccarmarca.com\/en\/wp-json\/wp\/v2\/media\/4262"}],"wp:attachment":[{"href":"https:\/\/pauccarmarca.com\/en\/wp-json\/wp\/v2\/media?parent=4250"}],"wp:term":[{"taxonomy":"product_brand","embeddable":true,"href":"https:\/\/pauccarmarca.com\/en\/wp-json\/wp\/v2\/product_brand?post=4250"},{"taxonomy":"product_cat","embeddable":true,"href":"https:\/\/pauccarmarca.com\/en\/wp-json\/wp\/v2\/product_cat?post=4250"},{"taxonomy":"product_tag","embeddable":true,"href":"https:\/\/pauccarmarca.com\/en\/wp-json\/wp\/v2\/product_tag?post=4250"}],"curies":[{"name":"wp","href":"https:\/\/api.w.org\/{rel}","templated":true}]}}