{"id":3229,"date":"2021-06-04T20:47:21","date_gmt":"2021-06-05T01:47:21","guid":{"rendered":"https:\/\/pauccarmarca.com\/?post_type=product&#038;p=3229"},"modified":"2024-06-30T07:36:03","modified_gmt":"2024-06-30T12:36:03","slug":"ponchos-ceremoniales","status":"publish","type":"product","link":"https:\/\/pauccarmarca.com\/en\/comprar\/ponchos-ceremoniales\/","title":{"rendered":"Ponchos Ceremoniales"},"content":{"rendered":"<p class=\"qtranxs-available-languages-message qtranxs-available-languages-message-en\">Sorry, this entry is only available in <a href=\"https:\/\/pauccarmarca.com\/es\/wp-json\/wp\/v2\/product\/3229\" class=\"qtranxs-available-language-link qtranxs-available-language-link-es\" title=\"Espa\u00f1ol\">Espa\u00f1ol<\/a>.<\/p><p><\/p>\n<h2><img fetchpriority=\"high\" decoding=\"async\" data-attachment-id=\"3235\" data-permalink=\"https:\/\/pauccarmarca.com\/en\/?attachment_id=3235#main\" data-orig-file=\"https:\/\/pauccarmarca.com\/wp-content\/uploads\/2021\/06\/poncho-ceremonial-guillermo.jpg\" data-orig-size=\"1920,2366\" data-comments-opened=\"1\" data-image-meta=\"{&quot;aperture&quot;:&quot;0&quot;,&quot;credit&quot;:&quot;&quot;,&quot;camera&quot;:&quot;&quot;,&quot;caption&quot;:&quot;&quot;,&quot;created_timestamp&quot;:&quot;0&quot;,&quot;copyright&quot;:&quot;&quot;,&quot;focal_length&quot;:&quot;0&quot;,&quot;iso&quot;:&quot;0&quot;,&quot;shutter_speed&quot;:&quot;0&quot;,&quot;title&quot;:&quot;&quot;,&quot;orientation&quot;:&quot;0&quot;}\" data-image-title=\"guillermo pauccar con su poncho ceremonial  &amp;#8211; tejidos q&amp;#8217;ero\" data-image-description=\"\" data-image-caption=\"\" data-large-file=\"https:\/\/pauccarmarca.com\/wp-content\/uploads\/2021\/06\/poncho-ceremonial-guillermo-831x1024.jpg\" class=\"borde alignleft wp-image-3235 size-medium\" src=\"https:\/\/pauccarmarca.com\/wp-content\/uploads\/2021\/06\/poncho-ceremonial-guillermo-243x300.jpg\" alt=\"guillermo pauccar con su poncho ceremonial - tejidos q'ero\" width=\"243\" height=\"300\" srcset=\"https:\/\/pauccarmarca.com\/wp-content\/uploads\/2021\/06\/poncho-ceremonial-guillermo-243x300.jpg 243w, https:\/\/pauccarmarca.com\/wp-content\/uploads\/2021\/06\/poncho-ceremonial-guillermo-300x370.jpg 300w, https:\/\/pauccarmarca.com\/wp-content\/uploads\/2021\/06\/poncho-ceremonial-guillermo-600x739.jpg 600w, https:\/\/pauccarmarca.com\/wp-content\/uploads\/2021\/06\/poncho-ceremonial-guillermo-831x1024.jpg 831w, https:\/\/pauccarmarca.com\/wp-content\/uploads\/2021\/06\/poncho-ceremonial-guillermo-768x946.jpg 768w, https:\/\/pauccarmarca.com\/wp-content\/uploads\/2021\/06\/poncho-ceremonial-guillermo-1246x1536.jpg 1246w, https:\/\/pauccarmarca.com\/wp-content\/uploads\/2021\/06\/poncho-ceremonial-guillermo-1662x2048.jpg 1662w, https:\/\/pauccarmarca.com\/wp-content\/uploads\/2021\/06\/poncho-ceremonial-guillermo.jpg 1920w\" sizes=\"(max-width: 243px) 100vw, 243px\" \/>Cuando se utilizan el poncho ceremonial<\/h2>\n<p>Los ponchos ceremoniales son utilizados exclusivamente en fechas y ceremonias importantes, por ejemplo en carnavales o ceremonias de iniciaci\u00f3n.<\/p>\n<h2>Colores t\u00edpicos<\/h2>\n<p>Los colores t\u00edpicos son rojo, negro, fucsia y naranja.<\/p>\n<h2>Tramado y complejidad<\/h2>\n<p>Existe tramados de diferentes cantidades de hilos por patr\u00f3n, desde 100 hasta 600. Cuanto m\u00e1s hilos, m\u00e1s valor tiene el poncho por la complejidad al tejerlos. Una de estas piezas puede tardar en completarse 1 a\u00f1o o m\u00e1s.<\/p>","protected":false},"excerpt":{"rendered":"<p class=\"qtranxs-available-languages-message qtranxs-available-languages-message-en\">Sorry, this entry is only available in <a href=\"https:\/\/pauccarmarca.com\/es\/wp-json\/wp\/v2\/product\/3229\" class=\"qtranxs-available-language-link qtranxs-available-language-link-es\" title=\"Espa\u00f1ol\">Espa\u00f1ol<\/a>.<\/p>\n<p>Ponchos ceremoniales q&#8217;ero en diversos patrones y cantidad de hilos.<\/p>\n","protected":false},"featured_media":3216,"comment_status":"open","ping_status":"closed","template":"","meta":[],"product_brand":[],"product_cat":[85],"product_tag":[],"class_list":{"0":"post-3229","1":"product","2":"type-product","3":"status-publish","4":"has-post-thumbnail","6":"product_cat-tejidos-qero","7":"sales-flash-overlay","8":"woocommerce-text-align-center","9":"woocommerce-image-align-center","10":"wc-has-gallery","12":"first","13":"instock","14":"shipping-taxable","15":"purchasable","16":"product-type-variable","17":"has-default-attributes"},"yoast_head":"<!-- This site is optimized with the Yoast SEO plugin v27.5 - https:\/\/yoast.com\/product\/yoast-seo-wordpress\/ -->\n<title>PONCHOS CEREMONIALES - Tejidos q&#039;ero - Pauccarmarca<\/title>\n<meta name=\"description\" content=\"Los ponchos ceremoniales q&#039;ero son utilizados en fechas y ceremonias importantes. Los colores t\u00edpicos son rojo, negro, fucsia y naranja.\" \/>\n<meta name=\"robots\" content=\"index, follow, max-snippet:-1, max-image-preview:large, max-video-preview:-1\" \/>\n<link rel=\"canonical\" href=\"https:\/\/pauccarmarca.com\/en\/comprar\/ponchos-ceremoniales\/\" \/>\n<meta property=\"og:locale\" content=\"en_US\" \/>\n<meta property=\"og:type\" content=\"article\" \/>\n<meta property=\"og:title\" content=\"PONCHOS CEREMONIALES - Tejidos q&#039;ero - Pauccarmarca\" \/>\n<meta property=\"og:description\" content=\"Los ponchos ceremoniales q&#039;ero son utilizados en fechas y ceremonias importantes. Los colores t\u00edpicos son rojo, negro, fucsia y naranja.\" \/>\n<meta property=\"og:url\" content=\"https:\/\/pauccarmarca.com\/en\/comprar\/ponchos-ceremoniales\/\" \/>\n<meta property=\"og:site_name\" content=\"Pauccarmarca\" \/>\n<meta property=\"article:modified_time\" content=\"2024-06-30T12:36:03+00:00\" \/>\n<meta property=\"og:image\" content=\"https:\/\/pauccarmarca.com\/wp-content\/uploads\/2021\/06\/poncho-ceremonial-guillermo.jpg\" \/>\n\t<meta property=\"og:image:width\" content=\"1920\" \/>\n\t<meta property=\"og:image:height\" content=\"2366\" \/>\n\t<meta property=\"og:image:type\" content=\"image\/jpeg\" \/>\n<meta name=\"twitter:card\" content=\"summary_large_image\" \/>\n<meta name=\"twitter:image\" content=\"https:\/\/pauccarmarca.com\/wp-content\/uploads\/2021\/06\/poncho-ceremonial-guillermo.jpg\" \/>\n<meta name=\"twitter:label1\" content=\"Est. reading time\" \/>\n\t<meta name=\"twitter:data1\" content=\"1 minute\" \/>\n<script type=\"application\/ld+json\" class=\"yoast-schema-graph\">{\"@context\":\"https:\\\/\\\/schema.org\",\"@graph\":[{\"@type\":\"WebPage\",\"@id\":\"https:\\\/\\\/pauccarmarca.com\\\/en\\\/comprar\\\/ponchos-ceremoniales\\\/\",\"url\":\"https:\\\/\\\/pauccarmarca.com\\\/en\\\/comprar\\\/ponchos-ceremoniales\\\/\",\"name\":\"PONCHOS CEREMONIALES - Tejidos q'ero - Pauccarmarca\",\"isPartOf\":{\"@id\":\"https:\\\/\\\/pauccarmarca.com\\\/en\\\/#website\"},\"primaryImageOfPage\":{\"@id\":\"https:\\\/\\\/pauccarmarca.com\\\/en\\\/comprar\\\/ponchos-ceremoniales\\\/#primaryimage\"},\"image\":{\"@id\":\"https:\\\/\\\/pauccarmarca.com\\\/comprar\\\/ponchos-ceremoniales\\\/#primaryimage\"},\"thumbnailUrl\":\"https:\\\/\\\/pauccarmarca.com\\\/wp-content\\\/uploads\\\/2021\\\/06\\\/poncho-ceremonial-6000.jpg\",\"datePublished\":\"2021-06-05T01:47:21+00:00\",\"dateModified\":\"2024-06-30T12:36:03+00:00\",\"description\":\"Los ponchos ceremoniales q'ero son utilizados en fechas y ceremonias importantes. Los colores t\u00edpicos son rojo, negro, fucsia y naranja.\",\"breadcrumb\":{\"@id\":\"https:\\\/\\\/pauccarmarca.com\\\/en\\\/comprar\\\/ponchos-ceremoniales\\\/#breadcrumb\"},\"inLanguage\":\"en-US\",\"potentialAction\":[{\"@type\":\"ReadAction\",\"target\":[[\"https:\\\/\\\/pauccarmarca.com\\\/en\\\/comprar\\\/ponchos-ceremoniales\\\/\"]]}]},{\"@type\":\"ImageObject\",\"inLanguage\":\"en-US\",\"@id\":\"https:\\\/\\\/pauccarmarca.com\\\/en\\\/comprar\\\/ponchos-ceremoniales\\\/#primaryimage\",\"url\":\"https:\\\/\\\/pauccarmarca.com\\\/wp-content\\\/uploads\\\/2021\\\/06\\\/poncho-ceremonial-6000.jpg\",\"contentUrl\":\"https:\\\/\\\/pauccarmarca.com\\\/wp-content\\\/uploads\\\/2021\\\/06\\\/poncho-ceremonial-6000.jpg\",\"width\":1920,\"height\":1280,\"caption\":\"poncho ceremonial tejidos qero - Pauccarmarca\"},{\"@type\":\"BreadcrumbList\",\"@id\":\"https:\\\/\\\/pauccarmarca.com\\\/en\\\/comprar\\\/ponchos-ceremoniales\\\/#breadcrumb\",\"itemListElement\":[{\"@type\":\"ListItem\",\"position\":1,\"name\":\"Portada\",\"item\":\"https:\\\/\\\/pauccarmarca.com\\\/en\\\/\"},{\"@type\":\"ListItem\",\"position\":2,\"name\":\"Tienda\",\"item\":\"https:\\\/\\\/pauccarmarca.com\\\/en\\\/tienda\\\/\"},{\"@type\":\"ListItem\",\"position\":3,\"name\":\"Ponchos Ceremoniales\"}]},{\"@type\":\"WebSite\",\"@id\":\"https:\\\/\\\/pauccarmarca.com\\\/en\\\/#website\",\"url\":\"https:\\\/\\\/pauccarmarca.com\\\/en\\\/\",\"name\":\"Pauccarmarca\",\"description\":\"Viajes inici\u00e1ticos y espacios de sanaci\u00f3n\",\"publisher\":{\"@id\":\"https:\\\/\\\/pauccarmarca.com\\\/en\\\/#organization\"},\"potentialAction\":[{\"@type\":\"SearchAction\",\"target\":{\"@type\":\"EntryPoint\",\"urlTemplate\":\"https:\\\/\\\/pauccarmarca.com\\\/en\\\/?s={search_term_string}\"},\"query-input\":{\"@type\":\"PropertyValueSpecification\",\"valueRequired\":true,\"valueName\":\"search_term_string\"}}],\"inLanguage\":\"en-US\"},{\"@type\":\"Organization\",\"@id\":\"https:\\\/\\\/pauccarmarca.com\\\/en\\\/#organization\",\"name\":\"Pauccarmarca\",\"url\":\"https:\\\/\\\/pauccarmarca.com\\\/en\\\/\",\"logo\":{\"@type\":\"ImageObject\",\"inLanguage\":\"en-US\",\"@id\":\"https:\\\/\\\/pauccarmarca.com\\\/en\\\/#\\\/schema\\\/logo\\\/image\\\/\",\"url\":\"https:\\\/\\\/i1.wp.com\\\/pauccarmarca.com\\\/wp-content\\\/uploads\\\/2019\\\/02\\\/cropped-pauccarmarcaWEB3.png?fit=349%2C112&ssl=1\",\"contentUrl\":\"https:\\\/\\\/i1.wp.com\\\/pauccarmarca.com\\\/wp-content\\\/uploads\\\/2019\\\/02\\\/cropped-pauccarmarcaWEB3.png?fit=349%2C112&ssl=1\",\"width\":349,\"height\":112,\"caption\":\"Pauccarmarca\"},\"image\":{\"@id\":\"https:\\\/\\\/pauccarmarca.com\\\/en\\\/#\\\/schema\\\/logo\\\/image\\\/\"}}]}<\/script>\n<!-- \/ Yoast SEO plugin. -->","yoast_head_json":{"title":"PONCHOS CEREMONIALES - Tejidos q'ero - Pauccarmarca","description":"Los ponchos ceremoniales q'ero son utilizados en fechas y ceremonias importantes. Los colores t\u00edpicos son rojo, negro, fucsia y naranja.","robots":{"index":"index","follow":"follow","max-snippet":"max-snippet:-1","max-image-preview":"max-image-preview:large","max-video-preview":"max-video-preview:-1"},"canonical":"https:\/\/pauccarmarca.com\/en\/comprar\/ponchos-ceremoniales\/","og_locale":"en_US","og_type":"article","og_title":"PONCHOS CEREMONIALES - Tejidos q'ero - Pauccarmarca","og_description":"Los ponchos ceremoniales q'ero son utilizados en fechas y ceremonias importantes. Los colores t\u00edpicos son rojo, negro, fucsia y naranja.","og_url":"https:\/\/pauccarmarca.com\/en\/comprar\/ponchos-ceremoniales\/","og_site_name":"Pauccarmarca","article_modified_time":"2024-06-30T12:36:03+00:00","og_image":[{"width":1920,"height":2366,"url":"https:\/\/pauccarmarca.com\/wp-content\/uploads\/2021\/06\/poncho-ceremonial-guillermo.jpg","type":"image\/jpeg"}],"twitter_card":"summary_large_image","twitter_image":"https:\/\/pauccarmarca.com\/wp-content\/uploads\/2021\/06\/poncho-ceremonial-guillermo.jpg","twitter_misc":{"Est. reading time":"1 minute"},"schema":{"@context":"https:\/\/schema.org","@graph":[{"@type":"WebPage","@id":"https:\/\/pauccarmarca.com\/en\/comprar\/ponchos-ceremoniales\/","url":"https:\/\/pauccarmarca.com\/en\/comprar\/ponchos-ceremoniales\/","name":"PONCHOS CEREMONIALES - Tejidos q'ero - Pauccarmarca","isPartOf":{"@id":"https:\/\/pauccarmarca.com\/en\/#website"},"primaryImageOfPage":{"@id":"https:\/\/pauccarmarca.com\/en\/comprar\/ponchos-ceremoniales\/#primaryimage"},"image":{"@id":"https:\/\/pauccarmarca.com\/comprar\/ponchos-ceremoniales\/#primaryimage"},"thumbnailUrl":"https:\/\/pauccarmarca.com\/wp-content\/uploads\/2021\/06\/poncho-ceremonial-6000.jpg","datePublished":"2021-06-05T01:47:21+00:00","dateModified":"2024-06-30T12:36:03+00:00","description":"Los ponchos ceremoniales q'ero son utilizados en fechas y ceremonias importantes. Los colores t\u00edpicos son rojo, negro, fucsia y naranja.","breadcrumb":{"@id":"https:\/\/pauccarmarca.com\/en\/comprar\/ponchos-ceremoniales\/#breadcrumb"},"inLanguage":"en-US","potentialAction":[{"@type":"ReadAction","target":[["https:\/\/pauccarmarca.com\/en\/comprar\/ponchos-ceremoniales\/"]]}]},{"@type":"ImageObject","inLanguage":"en-US","@id":"https:\/\/pauccarmarca.com\/en\/comprar\/ponchos-ceremoniales\/#primaryimage","url":"https:\/\/pauccarmarca.com\/wp-content\/uploads\/2021\/06\/poncho-ceremonial-6000.jpg","contentUrl":"https:\/\/pauccarmarca.com\/wp-content\/uploads\/2021\/06\/poncho-ceremonial-6000.jpg","width":1920,"height":1280,"caption":"poncho ceremonial tejidos qero - Pauccarmarca"},{"@type":"BreadcrumbList","@id":"https:\/\/pauccarmarca.com\/en\/comprar\/ponchos-ceremoniales\/#breadcrumb","itemListElement":[{"@type":"ListItem","position":1,"name":"Portada","item":"https:\/\/pauccarmarca.com\/en\/"},{"@type":"ListItem","position":2,"name":"Tienda","item":"https:\/\/pauccarmarca.com\/en\/tienda\/"},{"@type":"ListItem","position":3,"name":"Ponchos Ceremoniales"}]},{"@type":"WebSite","@id":"https:\/\/pauccarmarca.com\/en\/#website","url":"https:\/\/pauccarmarca.com\/en\/","name":"Pauccarmarca","description":"Viajes inici\u00e1ticos y espacios de sanaci\u00f3n","publisher":{"@id":"https:\/\/pauccarmarca.com\/en\/#organization"},"potentialAction":[{"@type":"SearchAction","target":{"@type":"EntryPoint","urlTemplate":"https:\/\/pauccarmarca.com\/en\/?s={search_term_string}"},"query-input":{"@type":"PropertyValueSpecification","valueRequired":true,"valueName":"search_term_string"}}],"inLanguage":"en-US"},{"@type":"Organization","@id":"https:\/\/pauccarmarca.com\/en\/#organization","name":"Pauccarmarca","url":"https:\/\/pauccarmarca.com\/en\/","logo":{"@type":"ImageObject","inLanguage":"en-US","@id":"https:\/\/pauccarmarca.com\/en\/#\/schema\/logo\/image\/","url":"https:\/\/i1.wp.com\/pauccarmarca.com\/wp-content\/uploads\/2019\/02\/cropped-pauccarmarcaWEB3.png?fit=349%2C112&ssl=1","contentUrl":"https:\/\/i1.wp.com\/pauccarmarca.com\/wp-content\/uploads\/2019\/02\/cropped-pauccarmarcaWEB3.png?fit=349%2C112&ssl=1","width":349,"height":112,"caption":"Pauccarmarca"},"image":{"@id":"https:\/\/pauccarmarca.com\/en\/#\/schema\/logo\/image\/"}}]}},"jetpack_sharing_enabled":true,"_links":{"self":[{"href":"https:\/\/pauccarmarca.com\/en\/wp-json\/wp\/v2\/product\/3229","targetHints":{"allow":["GET"]}}],"collection":[{"href":"https:\/\/pauccarmarca.com\/en\/wp-json\/wp\/v2\/product"}],"about":[{"href":"https:\/\/pauccarmarca.com\/en\/wp-json\/wp\/v2\/types\/product"}],"replies":[{"embeddable":true,"href":"https:\/\/pauccarmarca.com\/en\/wp-json\/wp\/v2\/comments?post=3229"}],"version-history":[{"count":0,"href":"https:\/\/pauccarmarca.com\/en\/wp-json\/wp\/v2\/product\/3229\/revisions"}],"wp:featuredmedia":[{"embeddable":true,"href":"https:\/\/pauccarmarca.com\/en\/wp-json\/wp\/v2\/media\/3216"}],"wp:attachment":[{"href":"https:\/\/pauccarmarca.com\/en\/wp-json\/wp\/v2\/media?parent=3229"}],"wp:term":[{"taxonomy":"product_brand","embeddable":true,"href":"https:\/\/pauccarmarca.com\/en\/wp-json\/wp\/v2\/product_brand?post=3229"},{"taxonomy":"product_cat","embeddable":true,"href":"https:\/\/pauccarmarca.com\/en\/wp-json\/wp\/v2\/product_cat?post=3229"},{"taxonomy":"product_tag","embeddable":true,"href":"https:\/\/pauccarmarca.com\/en\/wp-json\/wp\/v2\/product_tag?post=3229"}],"curies":[{"name":"wp","href":"https:\/\/api.w.org\/{rel}","templated":true}]}}