{"id":3220,"date":"2021-06-04T11:34:14","date_gmt":"2021-06-04T16:34:14","guid":{"rendered":"https:\/\/pauccarmarca.com\/?post_type=product&#038;p=3220"},"modified":"2021-10-06T13:39:14","modified_gmt":"2021-10-06T18:39:14","slug":"ponchos","status":"publish","type":"product","link":"https:\/\/pauccarmarca.com\/en\/comprar\/ponchos\/","title":{"rendered":"Ponchos"},"content":{"rendered":"<p class=\"qtranxs-available-languages-message qtranxs-available-languages-message-en\">Sorry, this entry is only available in <a href=\"https:\/\/pauccarmarca.com\/es\/wp-json\/wp\/v2\/product\/3220\" class=\"qtranxs-available-language-link qtranxs-available-language-link-es\" title=\"Espa\u00f1ol\">Espa\u00f1ol<\/a>.<\/p><p><\/p>\n<h2><a href=\"https:\/\/pauccarmarca.com\/wp-content\/uploads\/2021\/06\/poncho-cotidiano-puesto-en-Guilermo-sin-cabeza.jpg\"><img fetchpriority=\"high\" decoding=\"async\" data-attachment-id=\"3232\" data-permalink=\"https:\/\/pauccarmarca.com\/en\/?attachment_id=3232#main\" data-orig-file=\"https:\/\/pauccarmarca.com\/wp-content\/uploads\/2021\/06\/poncho-cotidiano-puesto-en-Guilermo-sin-cabeza.jpg\" data-orig-size=\"420,533\" data-comments-opened=\"1\" data-image-meta=\"{&quot;aperture&quot;:&quot;0&quot;,&quot;credit&quot;:&quot;&quot;,&quot;camera&quot;:&quot;&quot;,&quot;caption&quot;:&quot;&quot;,&quot;created_timestamp&quot;:&quot;0&quot;,&quot;copyright&quot;:&quot;&quot;,&quot;focal_length&quot;:&quot;0&quot;,&quot;iso&quot;:&quot;0&quot;,&quot;shutter_speed&quot;:&quot;0&quot;,&quot;title&quot;:&quot;&quot;,&quot;orientation&quot;:&quot;0&quot;}\" data-image-title=\"poncho cotidiano puesto en Guilermo sin cabeza\" data-image-description=\"\" data-image-caption=\"\" data-large-file=\"https:\/\/pauccarmarca.com\/wp-content\/uploads\/2021\/06\/poncho-cotidiano-puesto-en-Guilermo-sin-cabeza.jpg\" class=\"alignleft wp-image-3232 \" src=\"https:\/\/pauccarmarca.com\/wp-content\/uploads\/2021\/06\/poncho-cotidiano-puesto-en-Guilermo-sin-cabeza-236x300.jpg\" alt=\"poncho cotidiano color Ch'umpi - tejidos q'ero - Pauccarmarca\" width=\"277\" height=\"352\" srcset=\"https:\/\/pauccarmarca.com\/wp-content\/uploads\/2021\/06\/poncho-cotidiano-puesto-en-Guilermo-sin-cabeza-236x300.jpg 236w, https:\/\/pauccarmarca.com\/wp-content\/uploads\/2021\/06\/poncho-cotidiano-puesto-en-Guilermo-sin-cabeza-300x381.jpg 300w, https:\/\/pauccarmarca.com\/wp-content\/uploads\/2021\/06\/poncho-cotidiano-puesto-en-Guilermo-sin-cabeza.jpg 420w\" sizes=\"(max-width: 277px) 100vw, 277px\" \/><\/a><br \/>\nPonchos de uso cotidiano<\/h2>\n<p>El poncho es un tejido t\u00edpico de los pueblos de los andes. Generalmente de color natural sin te\u00f1ir, tejidos con lana de alpaca u oveja. Tambi\u00e9n es una de las primera prenda que usa el hombre en su desarrollo espiritual cuando est\u00e1 al servicio aprendiendo.<\/p>\n<h2>Los colores de los ponchos cotidianos<\/h2>\n<p>Como dec\u00edamos anteriormente, los colores provienen del mismo animal con el que se produce la lana. Estos colores t\u00edpico son cuatro: vicu\u00f1a, ch&#8217;umpi, q&#8217;ursa y oq&#8217;e ( marron claro, marron oscuro, gris claro y gris oscuro )<\/p>\n<p>&nbsp;<\/p>\n<div data-carousel-extra='{&quot;blog_id&quot;:1,&quot;permalink&quot;:&quot;https:\/\/pauccarmarca.com\/en\/comprar\/ponchos\/&quot;}' id='gallery-1' class='gallery galleryid-3220 gallery-columns-4 gallery-size-medium'><figure class='gallery-item'>\n\t\t\t<div class='gallery-icon landscape'>\n\t\t\t\t<a href='https:\/\/pauccarmarca.com\/en\/?attachment_id=3221#main'><img decoding=\"async\" width=\"250\" height=\"250\" src=\"https:\/\/pauccarmarca.com\/wp-content\/uploads\/2021\/06\/vicuna.jpg\" class=\"attachment-medium size-medium\" alt=\"vicu\u00f1a - colores ponchos cotidianos\" aria-describedby=\"gallery-1-3221\" srcset=\"https:\/\/pauccarmarca.com\/wp-content\/uploads\/2021\/06\/vicuna.jpg 250w, https:\/\/pauccarmarca.com\/wp-content\/uploads\/2021\/06\/vicuna-100x100.jpg 100w, https:\/\/pauccarmarca.com\/wp-content\/uploads\/2021\/06\/vicuna-150x150.jpg 150w\" sizes=\"(max-width: 250px) 100vw, 250px\" data-attachment-id=\"3221\" data-permalink=\"https:\/\/pauccarmarca.com\/en\/?attachment_id=3221#main\" data-orig-file=\"https:\/\/pauccarmarca.com\/wp-content\/uploads\/2021\/06\/vicuna.jpg\" data-orig-size=\"250,250\" data-comments-opened=\"1\" data-image-meta=\"{&quot;aperture&quot;:&quot;0&quot;,&quot;credit&quot;:&quot;&quot;,&quot;camera&quot;:&quot;&quot;,&quot;caption&quot;:&quot;&quot;,&quot;created_timestamp&quot;:&quot;0&quot;,&quot;copyright&quot;:&quot;&quot;,&quot;focal_length&quot;:&quot;0&quot;,&quot;iso&quot;:&quot;0&quot;,&quot;shutter_speed&quot;:&quot;0&quot;,&quot;title&quot;:&quot;&quot;,&quot;orientation&quot;:&quot;0&quot;}\" data-image-title=\"vicu\u00f1a &amp;#8211; colores ponchos cotidianos\" data-image-description=\"\" data-image-caption=\"&lt;p&gt;Vicu\u00f1a&lt;\/p&gt;\n\" data-large-file=\"https:\/\/pauccarmarca.com\/wp-content\/uploads\/2021\/06\/vicuna.jpg\" \/><\/a>\n\t\t\t<\/div>\n\t\t\t\t<figcaption class='wp-caption-text gallery-caption' id='gallery-1-3221'>\n\t\t\t\tVicu\u00f1a\n\t\t\t\t<\/figcaption><\/figure><figure class='gallery-item'>\n\t\t\t<div class='gallery-icon landscape'>\n\t\t\t\t<a href='https:\/\/pauccarmarca.com\/en\/?attachment_id=3224#main'><img decoding=\"async\" width=\"250\" height=\"250\" src=\"https:\/\/pauccarmarca.com\/wp-content\/uploads\/2021\/06\/chumpi.jpg\" class=\"attachment-medium size-medium\" alt=\"ch&#039;umpi - colores ponchos cotidianos\" aria-describedby=\"gallery-1-3224\" srcset=\"https:\/\/pauccarmarca.com\/wp-content\/uploads\/2021\/06\/chumpi.jpg 250w, https:\/\/pauccarmarca.com\/wp-content\/uploads\/2021\/06\/chumpi-100x100.jpg 100w, https:\/\/pauccarmarca.com\/wp-content\/uploads\/2021\/06\/chumpi-150x150.jpg 150w\" sizes=\"(max-width: 250px) 100vw, 250px\" data-attachment-id=\"3224\" data-permalink=\"https:\/\/pauccarmarca.com\/en\/?attachment_id=3224#main\" data-orig-file=\"https:\/\/pauccarmarca.com\/wp-content\/uploads\/2021\/06\/chumpi.jpg\" data-orig-size=\"250,250\" data-comments-opened=\"1\" data-image-meta=\"{&quot;aperture&quot;:&quot;0&quot;,&quot;credit&quot;:&quot;&quot;,&quot;camera&quot;:&quot;&quot;,&quot;caption&quot;:&quot;&quot;,&quot;created_timestamp&quot;:&quot;0&quot;,&quot;copyright&quot;:&quot;&quot;,&quot;focal_length&quot;:&quot;0&quot;,&quot;iso&quot;:&quot;0&quot;,&quot;shutter_speed&quot;:&quot;0&quot;,&quot;title&quot;:&quot;&quot;,&quot;orientation&quot;:&quot;0&quot;}\" data-image-title=\"ch&amp;#8217;umpi &amp;#8211; colores ponchos cotidianos\" data-image-description=\"\" data-image-caption=\"&lt;p&gt;Ch&amp;#8217;umpi&lt;\/p&gt;\n\" data-large-file=\"https:\/\/pauccarmarca.com\/wp-content\/uploads\/2021\/06\/chumpi.jpg\" \/><\/a>\n\t\t\t<\/div>\n\t\t\t\t<figcaption class='wp-caption-text gallery-caption' id='gallery-1-3224'>\n\t\t\t\tCh&#8217;umpi\n\t\t\t\t<\/figcaption><\/figure><figure class='gallery-item'>\n\t\t\t<div class='gallery-icon landscape'>\n\t\t\t\t<a href='https:\/\/pauccarmarca.com\/en\/?attachment_id=3222#main'><img loading=\"lazy\" decoding=\"async\" width=\"251\" height=\"250\" src=\"https:\/\/pauccarmarca.com\/wp-content\/uploads\/2021\/06\/qursa.jpg\" class=\"attachment-medium size-medium\" alt=\"q&#039;ursa - colores ponchos cotidianos\" aria-describedby=\"gallery-1-3222\" srcset=\"https:\/\/pauccarmarca.com\/wp-content\/uploads\/2021\/06\/qursa.jpg 251w, https:\/\/pauccarmarca.com\/wp-content\/uploads\/2021\/06\/qursa-100x100.jpg 100w, https:\/\/pauccarmarca.com\/wp-content\/uploads\/2021\/06\/qursa-150x150.jpg 150w\" sizes=\"(max-width: 251px) 100vw, 251px\" data-attachment-id=\"3222\" data-permalink=\"https:\/\/pauccarmarca.com\/en\/?attachment_id=3222#main\" data-orig-file=\"https:\/\/pauccarmarca.com\/wp-content\/uploads\/2021\/06\/qursa.jpg\" data-orig-size=\"251,250\" data-comments-opened=\"1\" data-image-meta=\"{&quot;aperture&quot;:&quot;0&quot;,&quot;credit&quot;:&quot;&quot;,&quot;camera&quot;:&quot;&quot;,&quot;caption&quot;:&quot;&quot;,&quot;created_timestamp&quot;:&quot;0&quot;,&quot;copyright&quot;:&quot;&quot;,&quot;focal_length&quot;:&quot;0&quot;,&quot;iso&quot;:&quot;0&quot;,&quot;shutter_speed&quot;:&quot;0&quot;,&quot;title&quot;:&quot;&quot;,&quot;orientation&quot;:&quot;0&quot;}\" data-image-title=\"q&amp;#8217;ursa &amp;#8211; colores ponchos cotidianos\" data-image-description=\"\" data-image-caption=\"&lt;p&gt;Q&amp;#8217;ursa&lt;\/p&gt;\n\" data-large-file=\"https:\/\/pauccarmarca.com\/wp-content\/uploads\/2021\/06\/qursa.jpg\" \/><\/a>\n\t\t\t<\/div>\n\t\t\t\t<figcaption class='wp-caption-text gallery-caption' id='gallery-1-3222'>\n\t\t\t\tQ&#8217;ursa\n\t\t\t\t<\/figcaption><\/figure><figure class='gallery-item'>\n\t\t\t<div class='gallery-icon landscape'>\n\t\t\t\t<a href='https:\/\/pauccarmarca.com\/en\/?attachment_id=3223#main'><img loading=\"lazy\" decoding=\"async\" width=\"250\" height=\"250\" src=\"https:\/\/pauccarmarca.com\/wp-content\/uploads\/2021\/06\/oqe.jpg\" class=\"attachment-medium size-medium\" alt=\"oq&#039;e - colores ponchos cotidianos\" aria-describedby=\"gallery-1-3223\" srcset=\"https:\/\/pauccarmarca.com\/wp-content\/uploads\/2021\/06\/oqe.jpg 250w, https:\/\/pauccarmarca.com\/wp-content\/uploads\/2021\/06\/oqe-100x100.jpg 100w, https:\/\/pauccarmarca.com\/wp-content\/uploads\/2021\/06\/oqe-150x150.jpg 150w\" sizes=\"(max-width: 250px) 100vw, 250px\" data-attachment-id=\"3223\" data-permalink=\"https:\/\/pauccarmarca.com\/en\/?attachment_id=3223#main\" data-orig-file=\"https:\/\/pauccarmarca.com\/wp-content\/uploads\/2021\/06\/oqe.jpg\" data-orig-size=\"250,250\" data-comments-opened=\"1\" data-image-meta=\"{&quot;aperture&quot;:&quot;0&quot;,&quot;credit&quot;:&quot;&quot;,&quot;camera&quot;:&quot;&quot;,&quot;caption&quot;:&quot;&quot;,&quot;created_timestamp&quot;:&quot;0&quot;,&quot;copyright&quot;:&quot;&quot;,&quot;focal_length&quot;:&quot;0&quot;,&quot;iso&quot;:&quot;0&quot;,&quot;shutter_speed&quot;:&quot;0&quot;,&quot;title&quot;:&quot;&quot;,&quot;orientation&quot;:&quot;0&quot;}\" data-image-title=\"oq&amp;#8217;e &amp;#8211; colores ponchos cotidianos\" data-image-description=\"\" data-image-caption=\"&lt;p&gt;Oq&amp;#8217;e&lt;\/p&gt;\n\" data-large-file=\"https:\/\/pauccarmarca.com\/wp-content\/uploads\/2021\/06\/oqe.jpg\" \/><\/a>\n\t\t\t<\/div>\n\t\t\t\t<figcaption class='wp-caption-text gallery-caption' id='gallery-1-3223'>\n\t\t\t\tOq&#8217;e\n\t\t\t\t<\/figcaption><\/figure>\n\t\t<\/div>\n\n<h2><\/h2>\n<h2><\/h2>\n<p><img loading=\"lazy\" decoding=\"async\" data-attachment-id=\"3225\" data-permalink=\"https:\/\/pauccarmarca.com\/en\/?attachment_id=3225#main\" data-orig-file=\"https:\/\/pauccarmarca.com\/wp-content\/uploads\/2021\/06\/poncho-cotidiano-boredes.jpg\" data-orig-size=\"1222,554\" data-comments-opened=\"1\" data-image-meta=\"{&quot;aperture&quot;:&quot;0&quot;,&quot;credit&quot;:&quot;&quot;,&quot;camera&quot;:&quot;&quot;,&quot;caption&quot;:&quot;&quot;,&quot;created_timestamp&quot;:&quot;0&quot;,&quot;copyright&quot;:&quot;&quot;,&quot;focal_length&quot;:&quot;0&quot;,&quot;iso&quot;:&quot;0&quot;,&quot;shutter_speed&quot;:&quot;0&quot;,&quot;title&quot;:&quot;&quot;,&quot;orientation&quot;:&quot;0&quot;}\" data-image-title=\"poncho cotidiano bordes decoraci\u00f3n  &amp;#8211; tejidos quero &amp;#8211; pauccarmarca\" data-image-description=\"\" data-image-caption=\"\" data-large-file=\"https:\/\/pauccarmarca.com\/wp-content\/uploads\/2021\/06\/poncho-cotidiano-boredes-1024x464.jpg\" class=\"size-medium wp-image-3225 alignleft\" src=\"https:\/\/pauccarmarca.com\/wp-content\/uploads\/2021\/06\/poncho-cotidiano-boredes-300x136.jpg\" alt=\"poncho cotidiano bordes decoraci\u00f3n - tejidos quero - pauccarmarca\" width=\"300\" height=\"136\" srcset=\"https:\/\/pauccarmarca.com\/wp-content\/uploads\/2021\/06\/poncho-cotidiano-boredes-300x136.jpg 300w, https:\/\/pauccarmarca.com\/wp-content\/uploads\/2021\/06\/poncho-cotidiano-boredes-600x272.jpg 600w, https:\/\/pauccarmarca.com\/wp-content\/uploads\/2021\/06\/poncho-cotidiano-boredes-1024x464.jpg 1024w, https:\/\/pauccarmarca.com\/wp-content\/uploads\/2021\/06\/poncho-cotidiano-boredes-768x348.jpg 768w, https:\/\/pauccarmarca.com\/wp-content\/uploads\/2021\/06\/poncho-cotidiano-boredes.jpg 1222w\" sizes=\"(max-width: 300px) 100vw, 300px\" \/><\/p>\n<h2>Decoraci\u00f3n<\/h2>\n<p>Como de ve en las im\u00e1genes, los ponchos cotidianos tambi\u00e9n tienen una decoraci\u00f3n en los laterales. Se la conoce como \u00f1awi a la que est\u00e1 formada por rombos y pampa lista a la que es una l\u00ednea continua. La terminaci\u00f3n del tejido suele estar rematada con un color rojo.<\/p>\n<p>&nbsp;<\/p>\n<p style=\"text-align: center;\"><a href=\"https:\/\/pauccarmarca.com\/comprar\/ponchos-ceremoniales\">Si estabas buscando ponchos ceremoniales, puedes verlos aqu\u00ed.<\/a><\/p>\n<p><\/p>","protected":false},"excerpt":{"rendered":"<p class=\"qtranxs-available-languages-message qtranxs-available-languages-message-en\">Sorry, this entry is only available in <a href=\"https:\/\/pauccarmarca.com\/es\/wp-json\/wp\/v2\/product\/3220\" class=\"qtranxs-available-language-link qtranxs-available-language-link-es\" title=\"Espa\u00f1ol\">Espa\u00f1ol<\/a>.<\/p>\n<p>Ponchos de uso cotidianos tejido con lana de alpaca u oveja. Existen 4 colores en marrones y grises.<\/p>\n","protected":false},"featured_media":3218,"comment_status":"open","ping_status":"closed","template":"","meta":[],"product_brand":[],"product_cat":[85],"product_tag":[],"class_list":{"0":"post-3220","1":"product","2":"type-product","3":"status-publish","4":"has-post-thumbnail","6":"product_cat-tejidos-qero","7":"sales-flash-overlay","8":"woocommerce-text-align-center","9":"woocommerce-image-align-center","10":"wc-has-gallery","12":"first","13":"instock","14":"shipping-taxable","15":"purchasable","16":"product-type-variable"},"yoast_head":"<!-- This site is optimized with the Yoast SEO plugin v27.5 - https:\/\/yoast.com\/product\/yoast-seo-wordpress\/ -->\n<title>PONCHOS de uso cotidiano :: tejidos q&#039;ero - Pauccarmarca<\/title>\n<meta name=\"description\" content=\"Ponchos de uso cotidianos tejido con lana de alpaca u oveja. Estos tejidos q&#039;ero vienen en colores marrones y grises con bordes rojos\" \/>\n<meta name=\"robots\" content=\"index, follow, max-snippet:-1, max-image-preview:large, max-video-preview:-1\" \/>\n<link rel=\"canonical\" href=\"https:\/\/pauccarmarca.com\/en\/comprar\/ponchos\/\" \/>\n<meta property=\"og:locale\" content=\"en_US\" \/>\n<meta property=\"og:type\" content=\"article\" \/>\n<meta property=\"og:title\" content=\"PONCHOS de uso cotidiano :: tejidos q&#039;ero - Pauccarmarca\" \/>\n<meta property=\"og:description\" content=\"Ponchos de uso cotidianos tejido con lana de alpaca u oveja. Estos tejidos q&#039;ero vienen en colores marrones y grises con bordes rojos\" \/>\n<meta property=\"og:url\" content=\"https:\/\/pauccarmarca.com\/en\/comprar\/ponchos\/\" \/>\n<meta property=\"og:site_name\" content=\"Pauccarmarca\" \/>\n<meta property=\"article:modified_time\" content=\"2021-10-06T18:39:14+00:00\" \/>\n<meta property=\"og:image\" content=\"https:\/\/pauccarmarca.com\/wp-content\/uploads\/2021\/06\/poncho-cotidiano-1650.jpg\" \/>\n\t<meta property=\"og:image:width\" content=\"1920\" \/>\n\t<meta property=\"og:image:height\" content=\"1280\" \/>\n\t<meta property=\"og:image:type\" content=\"image\/jpeg\" \/>\n<meta name=\"twitter:card\" content=\"summary_large_image\" \/>\n<meta name=\"twitter:image\" content=\"https:\/\/pauccarmarca.com\/wp-content\/uploads\/2021\/06\/poncho-cotidiano-1650.jpg\" \/>\n<meta name=\"twitter:label1\" content=\"Est. reading time\" \/>\n\t<meta name=\"twitter:data1\" content=\"2 minutes\" \/>\n<script type=\"application\/ld+json\" class=\"yoast-schema-graph\">{\"@context\":\"https:\\\/\\\/schema.org\",\"@graph\":[{\"@type\":\"WebPage\",\"@id\":\"https:\\\/\\\/pauccarmarca.com\\\/en\\\/comprar\\\/ponchos\\\/\",\"url\":\"https:\\\/\\\/pauccarmarca.com\\\/en\\\/comprar\\\/ponchos\\\/\",\"name\":\"PONCHOS de uso cotidiano :: tejidos q'ero - Pauccarmarca\",\"isPartOf\":{\"@id\":\"https:\\\/\\\/pauccarmarca.com\\\/en\\\/#website\"},\"primaryImageOfPage\":{\"@id\":\"https:\\\/\\\/pauccarmarca.com\\\/en\\\/comprar\\\/ponchos\\\/#primaryimage\"},\"image\":{\"@id\":\"https:\\\/\\\/pauccarmarca.com\\\/comprar\\\/ponchos\\\/#primaryimage\"},\"thumbnailUrl\":\"https:\\\/\\\/pauccarmarca.com\\\/wp-content\\\/uploads\\\/2021\\\/06\\\/poncho-cotidiano-1650.jpg\",\"datePublished\":\"2021-06-04T16:34:14+00:00\",\"dateModified\":\"2021-10-06T18:39:14+00:00\",\"description\":\"Ponchos de uso cotidianos tejido con lana de alpaca u oveja. Estos tejidos q'ero vienen en colores marrones y grises con bordes rojos\",\"breadcrumb\":{\"@id\":\"https:\\\/\\\/pauccarmarca.com\\\/en\\\/comprar\\\/ponchos\\\/#breadcrumb\"},\"inLanguage\":\"en-US\",\"potentialAction\":[{\"@type\":\"ReadAction\",\"target\":[[\"https:\\\/\\\/pauccarmarca.com\\\/en\\\/comprar\\\/ponchos\\\/\"]]}]},{\"@type\":\"ImageObject\",\"inLanguage\":\"en-US\",\"@id\":\"https:\\\/\\\/pauccarmarca.com\\\/en\\\/comprar\\\/ponchos\\\/#primaryimage\",\"url\":\"https:\\\/\\\/pauccarmarca.com\\\/wp-content\\\/uploads\\\/2021\\\/06\\\/poncho-cotidiano-1650.jpg\",\"contentUrl\":\"https:\\\/\\\/pauccarmarca.com\\\/wp-content\\\/uploads\\\/2021\\\/06\\\/poncho-cotidiano-1650.jpg\",\"width\":1920,\"height\":1280,\"caption\":\"poncho cotidiano color ch'umpi - tejidos q'ero - pauccarmarca\"},{\"@type\":\"BreadcrumbList\",\"@id\":\"https:\\\/\\\/pauccarmarca.com\\\/en\\\/comprar\\\/ponchos\\\/#breadcrumb\",\"itemListElement\":[{\"@type\":\"ListItem\",\"position\":1,\"name\":\"Portada\",\"item\":\"https:\\\/\\\/pauccarmarca.com\\\/en\\\/\"},{\"@type\":\"ListItem\",\"position\":2,\"name\":\"Tienda\",\"item\":\"https:\\\/\\\/pauccarmarca.com\\\/en\\\/tienda\\\/\"},{\"@type\":\"ListItem\",\"position\":3,\"name\":\"Ponchos\"}]},{\"@type\":\"WebSite\",\"@id\":\"https:\\\/\\\/pauccarmarca.com\\\/en\\\/#website\",\"url\":\"https:\\\/\\\/pauccarmarca.com\\\/en\\\/\",\"name\":\"Pauccarmarca\",\"description\":\"Viajes inici\u00e1ticos y espacios de sanaci\u00f3n\",\"publisher\":{\"@id\":\"https:\\\/\\\/pauccarmarca.com\\\/en\\\/#organization\"},\"potentialAction\":[{\"@type\":\"SearchAction\",\"target\":{\"@type\":\"EntryPoint\",\"urlTemplate\":\"https:\\\/\\\/pauccarmarca.com\\\/en\\\/?s={search_term_string}\"},\"query-input\":{\"@type\":\"PropertyValueSpecification\",\"valueRequired\":true,\"valueName\":\"search_term_string\"}}],\"inLanguage\":\"en-US\"},{\"@type\":\"Organization\",\"@id\":\"https:\\\/\\\/pauccarmarca.com\\\/en\\\/#organization\",\"name\":\"Pauccarmarca\",\"url\":\"https:\\\/\\\/pauccarmarca.com\\\/en\\\/\",\"logo\":{\"@type\":\"ImageObject\",\"inLanguage\":\"en-US\",\"@id\":\"https:\\\/\\\/pauccarmarca.com\\\/en\\\/#\\\/schema\\\/logo\\\/image\\\/\",\"url\":\"https:\\\/\\\/i1.wp.com\\\/pauccarmarca.com\\\/wp-content\\\/uploads\\\/2019\\\/02\\\/cropped-pauccarmarcaWEB3.png?fit=349%2C112&ssl=1\",\"contentUrl\":\"https:\\\/\\\/i1.wp.com\\\/pauccarmarca.com\\\/wp-content\\\/uploads\\\/2019\\\/02\\\/cropped-pauccarmarcaWEB3.png?fit=349%2C112&ssl=1\",\"width\":349,\"height\":112,\"caption\":\"Pauccarmarca\"},\"image\":{\"@id\":\"https:\\\/\\\/pauccarmarca.com\\\/en\\\/#\\\/schema\\\/logo\\\/image\\\/\"}}]}<\/script>\n<!-- \/ Yoast SEO plugin. -->","yoast_head_json":{"title":"PONCHOS de uso cotidiano :: tejidos q'ero - Pauccarmarca","description":"Ponchos de uso cotidianos tejido con lana de alpaca u oveja. Estos tejidos q'ero vienen en colores marrones y grises con bordes rojos","robots":{"index":"index","follow":"follow","max-snippet":"max-snippet:-1","max-image-preview":"max-image-preview:large","max-video-preview":"max-video-preview:-1"},"canonical":"https:\/\/pauccarmarca.com\/en\/comprar\/ponchos\/","og_locale":"en_US","og_type":"article","og_title":"PONCHOS de uso cotidiano :: tejidos q'ero - Pauccarmarca","og_description":"Ponchos de uso cotidianos tejido con lana de alpaca u oveja. Estos tejidos q'ero vienen en colores marrones y grises con bordes rojos","og_url":"https:\/\/pauccarmarca.com\/en\/comprar\/ponchos\/","og_site_name":"Pauccarmarca","article_modified_time":"2021-10-06T18:39:14+00:00","og_image":[{"width":1920,"height":1280,"url":"https:\/\/pauccarmarca.com\/wp-content\/uploads\/2021\/06\/poncho-cotidiano-1650.jpg","type":"image\/jpeg"}],"twitter_card":"summary_large_image","twitter_image":"https:\/\/pauccarmarca.com\/wp-content\/uploads\/2021\/06\/poncho-cotidiano-1650.jpg","twitter_misc":{"Est. reading time":"2 minutes"},"schema":{"@context":"https:\/\/schema.org","@graph":[{"@type":"WebPage","@id":"https:\/\/pauccarmarca.com\/en\/comprar\/ponchos\/","url":"https:\/\/pauccarmarca.com\/en\/comprar\/ponchos\/","name":"PONCHOS de uso cotidiano :: tejidos q'ero - Pauccarmarca","isPartOf":{"@id":"https:\/\/pauccarmarca.com\/en\/#website"},"primaryImageOfPage":{"@id":"https:\/\/pauccarmarca.com\/en\/comprar\/ponchos\/#primaryimage"},"image":{"@id":"https:\/\/pauccarmarca.com\/comprar\/ponchos\/#primaryimage"},"thumbnailUrl":"https:\/\/pauccarmarca.com\/wp-content\/uploads\/2021\/06\/poncho-cotidiano-1650.jpg","datePublished":"2021-06-04T16:34:14+00:00","dateModified":"2021-10-06T18:39:14+00:00","description":"Ponchos de uso cotidianos tejido con lana de alpaca u oveja. Estos tejidos q'ero vienen en colores marrones y grises con bordes rojos","breadcrumb":{"@id":"https:\/\/pauccarmarca.com\/en\/comprar\/ponchos\/#breadcrumb"},"inLanguage":"en-US","potentialAction":[{"@type":"ReadAction","target":[["https:\/\/pauccarmarca.com\/en\/comprar\/ponchos\/"]]}]},{"@type":"ImageObject","inLanguage":"en-US","@id":"https:\/\/pauccarmarca.com\/en\/comprar\/ponchos\/#primaryimage","url":"https:\/\/pauccarmarca.com\/wp-content\/uploads\/2021\/06\/poncho-cotidiano-1650.jpg","contentUrl":"https:\/\/pauccarmarca.com\/wp-content\/uploads\/2021\/06\/poncho-cotidiano-1650.jpg","width":1920,"height":1280,"caption":"poncho cotidiano color ch'umpi - tejidos q'ero - pauccarmarca"},{"@type":"BreadcrumbList","@id":"https:\/\/pauccarmarca.com\/en\/comprar\/ponchos\/#breadcrumb","itemListElement":[{"@type":"ListItem","position":1,"name":"Portada","item":"https:\/\/pauccarmarca.com\/en\/"},{"@type":"ListItem","position":2,"name":"Tienda","item":"https:\/\/pauccarmarca.com\/en\/tienda\/"},{"@type":"ListItem","position":3,"name":"Ponchos"}]},{"@type":"WebSite","@id":"https:\/\/pauccarmarca.com\/en\/#website","url":"https:\/\/pauccarmarca.com\/en\/","name":"Pauccarmarca","description":"Viajes inici\u00e1ticos y espacios de sanaci\u00f3n","publisher":{"@id":"https:\/\/pauccarmarca.com\/en\/#organization"},"potentialAction":[{"@type":"SearchAction","target":{"@type":"EntryPoint","urlTemplate":"https:\/\/pauccarmarca.com\/en\/?s={search_term_string}"},"query-input":{"@type":"PropertyValueSpecification","valueRequired":true,"valueName":"search_term_string"}}],"inLanguage":"en-US"},{"@type":"Organization","@id":"https:\/\/pauccarmarca.com\/en\/#organization","name":"Pauccarmarca","url":"https:\/\/pauccarmarca.com\/en\/","logo":{"@type":"ImageObject","inLanguage":"en-US","@id":"https:\/\/pauccarmarca.com\/en\/#\/schema\/logo\/image\/","url":"https:\/\/i1.wp.com\/pauccarmarca.com\/wp-content\/uploads\/2019\/02\/cropped-pauccarmarcaWEB3.png?fit=349%2C112&ssl=1","contentUrl":"https:\/\/i1.wp.com\/pauccarmarca.com\/wp-content\/uploads\/2019\/02\/cropped-pauccarmarcaWEB3.png?fit=349%2C112&ssl=1","width":349,"height":112,"caption":"Pauccarmarca"},"image":{"@id":"https:\/\/pauccarmarca.com\/en\/#\/schema\/logo\/image\/"}}]}},"jetpack_sharing_enabled":true,"_links":{"self":[{"href":"https:\/\/pauccarmarca.com\/en\/wp-json\/wp\/v2\/product\/3220","targetHints":{"allow":["GET"]}}],"collection":[{"href":"https:\/\/pauccarmarca.com\/en\/wp-json\/wp\/v2\/product"}],"about":[{"href":"https:\/\/pauccarmarca.com\/en\/wp-json\/wp\/v2\/types\/product"}],"replies":[{"embeddable":true,"href":"https:\/\/pauccarmarca.com\/en\/wp-json\/wp\/v2\/comments?post=3220"}],"version-history":[{"count":0,"href":"https:\/\/pauccarmarca.com\/en\/wp-json\/wp\/v2\/product\/3220\/revisions"}],"wp:featuredmedia":[{"embeddable":true,"href":"https:\/\/pauccarmarca.com\/en\/wp-json\/wp\/v2\/media\/3218"}],"wp:attachment":[{"href":"https:\/\/pauccarmarca.com\/en\/wp-json\/wp\/v2\/media?parent=3220"}],"wp:term":[{"taxonomy":"product_brand","embeddable":true,"href":"https:\/\/pauccarmarca.com\/en\/wp-json\/wp\/v2\/product_brand?post=3220"},{"taxonomy":"product_cat","embeddable":true,"href":"https:\/\/pauccarmarca.com\/en\/wp-json\/wp\/v2\/product_cat?post=3220"},{"taxonomy":"product_tag","embeddable":true,"href":"https:\/\/pauccarmarca.com\/en\/wp-json\/wp\/v2\/product_tag?post=3220"}],"curies":[{"name":"wp","href":"https:\/\/api.w.org\/{rel}","templated":true}]}}