{"id":3198,"date":"2021-06-03T21:32:37","date_gmt":"2021-06-04T02:32:37","guid":{"rendered":"https:\/\/pauccarmarca.com\/?post_type=product&#038;p=3198"},"modified":"2023-09-19T07:10:35","modified_gmt":"2023-09-19T12:10:35","slug":"chullo-quero-ceremonial","status":"publish","type":"product","link":"https:\/\/pauccarmarca.com\/en\/comprar\/chullo-quero-ceremonial\/","title":{"rendered":"Chullos"},"content":{"rendered":"<p class=\"qtranxs-available-languages-message qtranxs-available-languages-message-en\">Sorry, this entry is only available in <a href=\"https:\/\/pauccarmarca.com\/es\/wp-json\/wp\/v2\/product\/3198\" class=\"qtranxs-available-language-link qtranxs-available-language-link-es\" title=\"Espa\u00f1ol\">Espa\u00f1ol<\/a>.<\/p><p><\/p>\n<h2>Que es un chullo<\/h2>\n<p>Un chullo es un gorro tejido de t\u00edpico de los pueblos de los andes que se destaca por tener punta y orejas. Cada pueblo los decora con diferentes dise\u00f1os y colores.<\/p>\n<h2><a href=\"https:\/\/pauccarmarca.com\/wp-content\/uploads\/2021\/06\/chullos-ceremoniales-qero.jpg\"><img fetchpriority=\"high\" decoding=\"async\" data-attachment-id=\"3204\" data-permalink=\"https:\/\/pauccarmarca.com\/en\/?attachment_id=3204#main\" data-orig-file=\"https:\/\/pauccarmarca.com\/wp-content\/uploads\/2021\/06\/chullos-ceremoniales-qero.jpg\" data-orig-size=\"910,607\" data-comments-opened=\"1\" data-image-meta=\"{&quot;aperture&quot;:&quot;0&quot;,&quot;credit&quot;:&quot;&quot;,&quot;camera&quot;:&quot;&quot;,&quot;caption&quot;:&quot;&quot;,&quot;created_timestamp&quot;:&quot;0&quot;,&quot;copyright&quot;:&quot;&quot;,&quot;focal_length&quot;:&quot;0&quot;,&quot;iso&quot;:&quot;0&quot;,&quot;shutter_speed&quot;:&quot;0&quot;,&quot;title&quot;:&quot;&quot;,&quot;orientation&quot;:&quot;0&quot;}\" data-image-title=\"chullos ceremoniales qero\" data-image-description=\"\" data-image-caption=\"\" data-large-file=\"https:\/\/pauccarmarca.com\/wp-content\/uploads\/2021\/06\/chullos-ceremoniales-qero.jpg\" class=\"alignleft wp-image-3204 size-medium\" src=\"https:\/\/pauccarmarca.com\/wp-content\/uploads\/2021\/06\/chullos-ceremoniales-qero-300x200.jpg\" alt=\"chullo ceremoniale qero\" width=\"300\" height=\"200\" srcset=\"https:\/\/pauccarmarca.com\/wp-content\/uploads\/2021\/06\/chullos-ceremoniales-qero-300x200.jpg 300w, https:\/\/pauccarmarca.com\/wp-content\/uploads\/2021\/06\/chullos-ceremoniales-qero-600x400.jpg 600w, https:\/\/pauccarmarca.com\/wp-content\/uploads\/2021\/06\/chullos-ceremoniales-qero-768x512.jpg 768w, https:\/\/pauccarmarca.com\/wp-content\/uploads\/2021\/06\/chullos-ceremoniales-qero.jpg 910w\" sizes=\"(max-width: 300px) 100vw, 300px\" \/><\/a>Que es un pirti ceremonial Q&#8217;ero<\/h2>\n<p>Un chullo o pirti ceremonial es aquel que se le ha designado una funci\u00f3n sacerdotal. La simple artesan\u00eda que protege del fr\u00edo se ha convertido en un objeto sagrado. Pasa a ser una herramienta, un aliado para el sacerdote andino o cham\u00e1n ( shaman ), como tambi\u00e9n lo son las chalinas, los ponchos y por su puesto la <a href=\"https:\/\/pauccarmarca.com\/missa-andina\/\">missa andina<\/a> . No solo protege su campo energ\u00e9tico, sino que tambi\u00e9n potencia su conexi\u00f3n con su entorno. En otras palabras, aumenta su capacidad de procesar la informaci\u00f3n que lo rodea.\u00a0\u00a0El chullo q&#8217;ero es tradicionalmente tejido por solo por hombres, donde expresan sus sentimientos e inspiraci\u00f3n. La cultura q&#8217;ero ha plasmado en sus telas los patrones que simbolizan a las neuronas. Las puntas, al igual que una antena, generan mayor conexi\u00f3n con la energ\u00eda sutil.<\/p>","protected":false},"excerpt":{"rendered":"<p class=\"qtranxs-available-languages-message qtranxs-available-languages-message-en\">Sorry, this entry is only available in <a href=\"https:\/\/pauccarmarca.com\/es\/wp-json\/wp\/v2\/product\/3198\" class=\"qtranxs-available-language-link qtranxs-available-language-link-es\" title=\"Espa\u00f1ol\">Espa\u00f1ol<\/a>.<\/p>\n<p>Chullo Q&#8217;ero ceremonial. Elige entre diferentes decoraciones.<\/p>\n","protected":false},"featured_media":3204,"comment_status":"open","ping_status":"closed","template":"","meta":[],"product_brand":[],"product_cat":[85],"product_tag":[],"class_list":{"0":"post-3198","1":"product","2":"type-product","3":"status-publish","4":"has-post-thumbnail","6":"product_cat-tejidos-qero","7":"sales-flash-overlay","8":"woocommerce-text-align-center","9":"woocommerce-image-align-center","10":"wc-has-gallery","12":"first","13":"instock","14":"shipping-taxable","15":"purchasable","16":"product-type-variable","17":"has-default-attributes"},"yoast_head":"<!-- This site is optimized with the Yoast SEO plugin v27.5 - https:\/\/yoast.com\/product\/yoast-seo-wordpress\/ -->\n<title>Chullo Q&#039;ero Ceremonial :: Potencia tu Conexi\u00f3n con lo que te rodea<\/title>\n<meta name=\"description\" content=\"Chullo Q&#039;ero ceremonial. Tejido qero que iniciado potencia tu conecci\u00f3n con tu entorno y protege tu campo energ\u00e9tico simil chullos peruanos\" \/>\n<meta name=\"robots\" content=\"index, follow, max-snippet:-1, max-image-preview:large, max-video-preview:-1\" \/>\n<link rel=\"canonical\" href=\"https:\/\/pauccarmarca.com\/en\/comprar\/chullo-quero-ceremonial\/\" \/>\n<meta property=\"og:locale\" content=\"en_US\" \/>\n<meta property=\"og:type\" content=\"article\" \/>\n<meta property=\"og:title\" content=\"Chullo Q&#039;ero Ceremonial :: Potencia tu Conexi\u00f3n con lo que te rodea\" \/>\n<meta property=\"og:description\" content=\"Chullo Q&#039;ero ceremonial. Tejido qero que iniciado potencia tu conecci\u00f3n con tu entorno y protege tu campo energ\u00e9tico simil chullos peruanos\" \/>\n<meta property=\"og:url\" content=\"https:\/\/pauccarmarca.com\/en\/comprar\/chullo-quero-ceremonial\/\" \/>\n<meta property=\"og:site_name\" content=\"Pauccarmarca\" \/>\n<meta property=\"article:modified_time\" content=\"2023-09-19T12:10:35+00:00\" \/>\n<meta property=\"og:image\" content=\"https:\/\/pauccarmarca.com\/wp-content\/uploads\/2021\/06\/chullos-ceremoniales-qero.jpg\" \/>\n\t<meta property=\"og:image:width\" content=\"910\" \/>\n\t<meta property=\"og:image:height\" content=\"607\" \/>\n\t<meta property=\"og:image:type\" content=\"image\/jpeg\" \/>\n<meta name=\"twitter:card\" content=\"summary_large_image\" \/>\n<meta name=\"twitter:image\" content=\"https:\/\/pauccarmarca.com\/wp-content\/uploads\/2021\/06\/chullos-ceremoniales-qero.jpg\" \/>\n<meta name=\"twitter:label1\" content=\"Est. reading time\" \/>\n\t<meta name=\"twitter:data1\" content=\"1 minute\" \/>\n<script type=\"application\/ld+json\" class=\"yoast-schema-graph\">{\"@context\":\"https:\\\/\\\/schema.org\",\"@graph\":[{\"@type\":\"WebPage\",\"@id\":\"https:\\\/\\\/pauccarmarca.com\\\/en\\\/comprar\\\/chullo-quero-ceremonial\\\/\",\"url\":\"https:\\\/\\\/pauccarmarca.com\\\/en\\\/comprar\\\/chullo-quero-ceremonial\\\/\",\"name\":\"Chullo Q'ero Ceremonial :: Potencia tu Conexi\u00f3n con lo que te rodea\",\"isPartOf\":{\"@id\":\"https:\\\/\\\/pauccarmarca.com\\\/en\\\/#website\"},\"primaryImageOfPage\":{\"@id\":\"https:\\\/\\\/pauccarmarca.com\\\/en\\\/comprar\\\/chullo-quero-ceremonial\\\/#primaryimage\"},\"image\":{\"@id\":\"https:\\\/\\\/pauccarmarca.com\\\/comprar\\\/chullo-quero-ceremonial\\\/#primaryimage\"},\"thumbnailUrl\":\"https:\\\/\\\/pauccarmarca.com\\\/wp-content\\\/uploads\\\/2021\\\/06\\\/chullos-ceremoniales-qero.jpg\",\"datePublished\":\"2021-06-04T02:32:37+00:00\",\"dateModified\":\"2023-09-19T12:10:35+00:00\",\"description\":\"Chullo Q'ero ceremonial. Tejido qero que iniciado potencia tu conecci\u00f3n con tu entorno y protege tu campo energ\u00e9tico simil chullos peruanos\",\"breadcrumb\":{\"@id\":\"https:\\\/\\\/pauccarmarca.com\\\/en\\\/comprar\\\/chullo-quero-ceremonial\\\/#breadcrumb\"},\"inLanguage\":\"en-US\",\"potentialAction\":[{\"@type\":\"ReadAction\",\"target\":[[\"https:\\\/\\\/pauccarmarca.com\\\/en\\\/comprar\\\/chullo-quero-ceremonial\\\/\"]]}]},{\"@type\":\"ImageObject\",\"inLanguage\":\"en-US\",\"@id\":\"https:\\\/\\\/pauccarmarca.com\\\/en\\\/comprar\\\/chullo-quero-ceremonial\\\/#primaryimage\",\"url\":\"https:\\\/\\\/pauccarmarca.com\\\/wp-content\\\/uploads\\\/2021\\\/06\\\/chullos-ceremoniales-qero.jpg\",\"contentUrl\":\"https:\\\/\\\/pauccarmarca.com\\\/wp-content\\\/uploads\\\/2021\\\/06\\\/chullos-ceremoniales-qero.jpg\",\"width\":910,\"height\":607,\"caption\":\"chullos ceremoniales qero\"},{\"@type\":\"BreadcrumbList\",\"@id\":\"https:\\\/\\\/pauccarmarca.com\\\/en\\\/comprar\\\/chullo-quero-ceremonial\\\/#breadcrumb\",\"itemListElement\":[{\"@type\":\"ListItem\",\"position\":1,\"name\":\"Portada\",\"item\":\"https:\\\/\\\/pauccarmarca.com\\\/en\\\/\"},{\"@type\":\"ListItem\",\"position\":2,\"name\":\"Tienda\",\"item\":\"https:\\\/\\\/pauccarmarca.com\\\/en\\\/tienda\\\/\"},{\"@type\":\"ListItem\",\"position\":3,\"name\":\"Chullo ceremonial Q&#8217;ero\"}]},{\"@type\":\"WebSite\",\"@id\":\"https:\\\/\\\/pauccarmarca.com\\\/en\\\/#website\",\"url\":\"https:\\\/\\\/pauccarmarca.com\\\/en\\\/\",\"name\":\"Pauccarmarca\",\"description\":\"Viajes inici\u00e1ticos y espacios de sanaci\u00f3n\",\"publisher\":{\"@id\":\"https:\\\/\\\/pauccarmarca.com\\\/en\\\/#organization\"},\"potentialAction\":[{\"@type\":\"SearchAction\",\"target\":{\"@type\":\"EntryPoint\",\"urlTemplate\":\"https:\\\/\\\/pauccarmarca.com\\\/en\\\/?s={search_term_string}\"},\"query-input\":{\"@type\":\"PropertyValueSpecification\",\"valueRequired\":true,\"valueName\":\"search_term_string\"}}],\"inLanguage\":\"en-US\"},{\"@type\":\"Organization\",\"@id\":\"https:\\\/\\\/pauccarmarca.com\\\/en\\\/#organization\",\"name\":\"Pauccarmarca\",\"url\":\"https:\\\/\\\/pauccarmarca.com\\\/en\\\/\",\"logo\":{\"@type\":\"ImageObject\",\"inLanguage\":\"en-US\",\"@id\":\"https:\\\/\\\/pauccarmarca.com\\\/en\\\/#\\\/schema\\\/logo\\\/image\\\/\",\"url\":\"https:\\\/\\\/i1.wp.com\\\/pauccarmarca.com\\\/wp-content\\\/uploads\\\/2019\\\/02\\\/cropped-pauccarmarcaWEB3.png?fit=349%2C112&ssl=1\",\"contentUrl\":\"https:\\\/\\\/i1.wp.com\\\/pauccarmarca.com\\\/wp-content\\\/uploads\\\/2019\\\/02\\\/cropped-pauccarmarcaWEB3.png?fit=349%2C112&ssl=1\",\"width\":349,\"height\":112,\"caption\":\"Pauccarmarca\"},\"image\":{\"@id\":\"https:\\\/\\\/pauccarmarca.com\\\/en\\\/#\\\/schema\\\/logo\\\/image\\\/\"}}]}<\/script>\n<!-- \/ Yoast SEO plugin. -->","yoast_head_json":{"title":"Chullo Q'ero Ceremonial :: Potencia tu Conexi\u00f3n con lo que te rodea","description":"Chullo Q'ero ceremonial. Tejido qero que iniciado potencia tu conecci\u00f3n con tu entorno y protege tu campo energ\u00e9tico simil chullos peruanos","robots":{"index":"index","follow":"follow","max-snippet":"max-snippet:-1","max-image-preview":"max-image-preview:large","max-video-preview":"max-video-preview:-1"},"canonical":"https:\/\/pauccarmarca.com\/en\/comprar\/chullo-quero-ceremonial\/","og_locale":"en_US","og_type":"article","og_title":"Chullo Q'ero Ceremonial :: Potencia tu Conexi\u00f3n con lo que te rodea","og_description":"Chullo Q'ero ceremonial. Tejido qero que iniciado potencia tu conecci\u00f3n con tu entorno y protege tu campo energ\u00e9tico simil chullos peruanos","og_url":"https:\/\/pauccarmarca.com\/en\/comprar\/chullo-quero-ceremonial\/","og_site_name":"Pauccarmarca","article_modified_time":"2023-09-19T12:10:35+00:00","og_image":[{"width":910,"height":607,"url":"https:\/\/pauccarmarca.com\/wp-content\/uploads\/2021\/06\/chullos-ceremoniales-qero.jpg","type":"image\/jpeg"}],"twitter_card":"summary_large_image","twitter_image":"https:\/\/pauccarmarca.com\/wp-content\/uploads\/2021\/06\/chullos-ceremoniales-qero.jpg","twitter_misc":{"Est. reading time":"1 minute"},"schema":{"@context":"https:\/\/schema.org","@graph":[{"@type":"WebPage","@id":"https:\/\/pauccarmarca.com\/en\/comprar\/chullo-quero-ceremonial\/","url":"https:\/\/pauccarmarca.com\/en\/comprar\/chullo-quero-ceremonial\/","name":"Chullo Q'ero Ceremonial :: Potencia tu Conexi\u00f3n con lo que te rodea","isPartOf":{"@id":"https:\/\/pauccarmarca.com\/en\/#website"},"primaryImageOfPage":{"@id":"https:\/\/pauccarmarca.com\/en\/comprar\/chullo-quero-ceremonial\/#primaryimage"},"image":{"@id":"https:\/\/pauccarmarca.com\/comprar\/chullo-quero-ceremonial\/#primaryimage"},"thumbnailUrl":"https:\/\/pauccarmarca.com\/wp-content\/uploads\/2021\/06\/chullos-ceremoniales-qero.jpg","datePublished":"2021-06-04T02:32:37+00:00","dateModified":"2023-09-19T12:10:35+00:00","description":"Chullo Q'ero ceremonial. Tejido qero que iniciado potencia tu conecci\u00f3n con tu entorno y protege tu campo energ\u00e9tico simil chullos peruanos","breadcrumb":{"@id":"https:\/\/pauccarmarca.com\/en\/comprar\/chullo-quero-ceremonial\/#breadcrumb"},"inLanguage":"en-US","potentialAction":[{"@type":"ReadAction","target":[["https:\/\/pauccarmarca.com\/en\/comprar\/chullo-quero-ceremonial\/"]]}]},{"@type":"ImageObject","inLanguage":"en-US","@id":"https:\/\/pauccarmarca.com\/en\/comprar\/chullo-quero-ceremonial\/#primaryimage","url":"https:\/\/pauccarmarca.com\/wp-content\/uploads\/2021\/06\/chullos-ceremoniales-qero.jpg","contentUrl":"https:\/\/pauccarmarca.com\/wp-content\/uploads\/2021\/06\/chullos-ceremoniales-qero.jpg","width":910,"height":607,"caption":"chullos ceremoniales qero"},{"@type":"BreadcrumbList","@id":"https:\/\/pauccarmarca.com\/en\/comprar\/chullo-quero-ceremonial\/#breadcrumb","itemListElement":[{"@type":"ListItem","position":1,"name":"Portada","item":"https:\/\/pauccarmarca.com\/en\/"},{"@type":"ListItem","position":2,"name":"Tienda","item":"https:\/\/pauccarmarca.com\/en\/tienda\/"},{"@type":"ListItem","position":3,"name":"Chullo ceremonial Q&#8217;ero"}]},{"@type":"WebSite","@id":"https:\/\/pauccarmarca.com\/en\/#website","url":"https:\/\/pauccarmarca.com\/en\/","name":"Pauccarmarca","description":"Viajes inici\u00e1ticos y espacios de sanaci\u00f3n","publisher":{"@id":"https:\/\/pauccarmarca.com\/en\/#organization"},"potentialAction":[{"@type":"SearchAction","target":{"@type":"EntryPoint","urlTemplate":"https:\/\/pauccarmarca.com\/en\/?s={search_term_string}"},"query-input":{"@type":"PropertyValueSpecification","valueRequired":true,"valueName":"search_term_string"}}],"inLanguage":"en-US"},{"@type":"Organization","@id":"https:\/\/pauccarmarca.com\/en\/#organization","name":"Pauccarmarca","url":"https:\/\/pauccarmarca.com\/en\/","logo":{"@type":"ImageObject","inLanguage":"en-US","@id":"https:\/\/pauccarmarca.com\/en\/#\/schema\/logo\/image\/","url":"https:\/\/i1.wp.com\/pauccarmarca.com\/wp-content\/uploads\/2019\/02\/cropped-pauccarmarcaWEB3.png?fit=349%2C112&ssl=1","contentUrl":"https:\/\/i1.wp.com\/pauccarmarca.com\/wp-content\/uploads\/2019\/02\/cropped-pauccarmarcaWEB3.png?fit=349%2C112&ssl=1","width":349,"height":112,"caption":"Pauccarmarca"},"image":{"@id":"https:\/\/pauccarmarca.com\/en\/#\/schema\/logo\/image\/"}}]}},"jetpack_sharing_enabled":true,"_links":{"self":[{"href":"https:\/\/pauccarmarca.com\/en\/wp-json\/wp\/v2\/product\/3198","targetHints":{"allow":["GET"]}}],"collection":[{"href":"https:\/\/pauccarmarca.com\/en\/wp-json\/wp\/v2\/product"}],"about":[{"href":"https:\/\/pauccarmarca.com\/en\/wp-json\/wp\/v2\/types\/product"}],"replies":[{"embeddable":true,"href":"https:\/\/pauccarmarca.com\/en\/wp-json\/wp\/v2\/comments?post=3198"}],"version-history":[{"count":1,"href":"https:\/\/pauccarmarca.com\/en\/wp-json\/wp\/v2\/product\/3198\/revisions"}],"predecessor-version":[{"id":4310,"href":"https:\/\/pauccarmarca.com\/en\/wp-json\/wp\/v2\/product\/3198\/revisions\/4310"}],"wp:featuredmedia":[{"embeddable":true,"href":"https:\/\/pauccarmarca.com\/en\/wp-json\/wp\/v2\/media\/3204"}],"wp:attachment":[{"href":"https:\/\/pauccarmarca.com\/en\/wp-json\/wp\/v2\/media?parent=3198"}],"wp:term":[{"taxonomy":"product_brand","embeddable":true,"href":"https:\/\/pauccarmarca.com\/en\/wp-json\/wp\/v2\/product_brand?post=3198"},{"taxonomy":"product_cat","embeddable":true,"href":"https:\/\/pauccarmarca.com\/en\/wp-json\/wp\/v2\/product_cat?post=3198"},{"taxonomy":"product_tag","embeddable":true,"href":"https:\/\/pauccarmarca.com\/en\/wp-json\/wp\/v2\/product_tag?post=3198"}],"curies":[{"name":"wp","href":"https:\/\/api.w.org\/{rel}","templated":true}]}}