{"id":2645,"date":"2021-05-19T12:55:38","date_gmt":"2021-05-19T17:55:38","guid":{"rendered":"https:\/\/pauccarmarca.com\/?post_type=product&#038;p=2645"},"modified":"2021-10-06T13:18:12","modified_gmt":"2021-10-06T18:18:12","slug":"watana-o-cinta","status":"publish","type":"product","link":"https:\/\/pauccarmarca.com\/en\/comprar\/watana-o-cinta\/","title":{"rendered":"Watana o cinta"},"content":{"rendered":"<p class=\"qtranxs-available-languages-message qtranxs-available-languages-message-en\">Sorry, this entry is only available in <a href=\"https:\/\/pauccarmarca.com\/es\/wp-json\/wp\/v2\/product\/2645\" class=\"qtranxs-available-language-link qtranxs-available-language-link-es\" title=\"Espa\u00f1ol\">Espa\u00f1ol<\/a>.<\/p><p>La watana o cinta est\u00e1 tejida totalmente a mano con lana de oveja. El principal uso es el de atar la missa andina. Tambi\u00e9n se utiliza en otros objetos, incluso en tu mu\u00f1eca como pulsera. Seg\u00fan la programaci\u00f3n que se haga del tejido tendr\u00e1 la funci\u00f3n de protecci\u00f3n, sostener la energ\u00eda, desarrollar el camino del iniciado, etc. Generalmente lleva chaquiras blancas en los laterales. El largo de la watana es el suficiente para atar la misa andina al estar cerrada, aproximadamente de 120 cm.<\/p>","protected":false},"excerpt":{"rendered":"<p class=\"qtranxs-available-languages-message qtranxs-available-languages-message-en\">Sorry, this entry is only available in <a href=\"https:\/\/pauccarmarca.com\/es\/wp-json\/wp\/v2\/product\/2645\" class=\"qtranxs-available-language-link qtranxs-available-language-link-es\" title=\"Espa\u00f1ol\">Espa\u00f1ol<\/a>.<\/p>\n<p>Watana o cinta tejida a mano, de muchos colores y patrones. Generalmente con chaquiras blancas. El largo de la watana es el suficiente para atar la misa andina al estar cerrada, aproximadamente de 120 cm.<\/p>\n","protected":false},"featured_media":2590,"comment_status":"open","ping_status":"closed","template":"","meta":[],"product_brand":[],"product_cat":[85],"product_tag":[],"class_list":{"0":"post-2645","1":"product","2":"type-product","3":"status-publish","4":"has-post-thumbnail","6":"product_cat-tejidos-qero","7":"sales-flash-overlay","8":"woocommerce-text-align-center","9":"woocommerce-image-align-center","10":"wc-has-gallery","12":"first","13":"instock","14":"shipping-taxable","15":"purchasable","16":"product-type-simple"},"yoast_head":"<!-- This site is optimized with the Yoast SEO plugin v27.5 - https:\/\/yoast.com\/product\/yoast-seo-wordpress\/ -->\n<title>Watana o cinta - Pauccarmarca<\/title>\n<meta name=\"robots\" content=\"index, follow, max-snippet:-1, max-image-preview:large, max-video-preview:-1\" \/>\n<link rel=\"canonical\" href=\"https:\/\/pauccarmarca.com\/en\/comprar\/watana-o-cinta\/\" \/>\n<meta property=\"og:locale\" content=\"en_US\" \/>\n<meta property=\"og:type\" content=\"article\" \/>\n<meta property=\"og:title\" content=\"Watana o cinta - Pauccarmarca\" \/>\n<meta property=\"og:description\" content=\"Watana o cinta tejida a mano, de muchos colores y patrones. Generalmente con chaquiras blancas. El largo de la watana es el suficiente para atar la misa andina al estar cerrada, aproximadamente de 120 cm.\" \/>\n<meta property=\"og:url\" content=\"https:\/\/pauccarmarca.com\/en\/comprar\/watana-o-cinta\/\" \/>\n<meta property=\"og:site_name\" content=\"Pauccarmarca\" \/>\n<meta property=\"article:modified_time\" content=\"2021-10-06T18:18:12+00:00\" \/>\n<meta property=\"og:image\" content=\"https:\/\/pauccarmarca.com\/wp-content\/uploads\/2021\/05\/watanas-4.jpg\" \/>\n\t<meta property=\"og:image:width\" content=\"764\" \/>\n\t<meta property=\"og:image:height\" content=\"626\" \/>\n\t<meta property=\"og:image:type\" content=\"image\/jpeg\" \/>\n<meta name=\"twitter:card\" content=\"summary_large_image\" \/>\n<meta name=\"twitter:label1\" content=\"Est. reading time\" \/>\n\t<meta name=\"twitter:data1\" content=\"1 minute\" \/>\n<script type=\"application\/ld+json\" class=\"yoast-schema-graph\">{\"@context\":\"https:\\\/\\\/schema.org\",\"@graph\":[{\"@type\":\"WebPage\",\"@id\":\"https:\\\/\\\/pauccarmarca.com\\\/en\\\/comprar\\\/watana-o-cinta\\\/\",\"url\":\"https:\\\/\\\/pauccarmarca.com\\\/en\\\/comprar\\\/watana-o-cinta\\\/\",\"name\":\"Watana o cinta - Pauccarmarca\",\"isPartOf\":{\"@id\":\"https:\\\/\\\/pauccarmarca.com\\\/en\\\/#website\"},\"primaryImageOfPage\":{\"@id\":\"https:\\\/\\\/pauccarmarca.com\\\/en\\\/comprar\\\/watana-o-cinta\\\/#primaryimage\"},\"image\":{\"@id\":\"https:\\\/\\\/pauccarmarca.com\\\/comprar\\\/watana-o-cinta\\\/#primaryimage\"},\"thumbnailUrl\":\"https:\\\/\\\/pauccarmarca.com\\\/wp-content\\\/uploads\\\/2021\\\/05\\\/watanas-4.jpg\",\"datePublished\":\"2021-05-19T17:55:38+00:00\",\"dateModified\":\"2021-10-06T18:18:12+00:00\",\"breadcrumb\":{\"@id\":\"https:\\\/\\\/pauccarmarca.com\\\/en\\\/comprar\\\/watana-o-cinta\\\/#breadcrumb\"},\"inLanguage\":\"en-US\",\"potentialAction\":[{\"@type\":\"ReadAction\",\"target\":[[\"https:\\\/\\\/pauccarmarca.com\\\/en\\\/comprar\\\/watana-o-cinta\\\/\"]]}]},{\"@type\":\"ImageObject\",\"inLanguage\":\"en-US\",\"@id\":\"https:\\\/\\\/pauccarmarca.com\\\/en\\\/comprar\\\/watana-o-cinta\\\/#primaryimage\",\"url\":\"https:\\\/\\\/pauccarmarca.com\\\/wp-content\\\/uploads\\\/2021\\\/05\\\/watanas-4.jpg\",\"contentUrl\":\"https:\\\/\\\/pauccarmarca.com\\\/wp-content\\\/uploads\\\/2021\\\/05\\\/watanas-4.jpg\",\"width\":764,\"height\":626,\"caption\":\"Watana o cinta\"},{\"@type\":\"BreadcrumbList\",\"@id\":\"https:\\\/\\\/pauccarmarca.com\\\/en\\\/comprar\\\/watana-o-cinta\\\/#breadcrumb\",\"itemListElement\":[{\"@type\":\"ListItem\",\"position\":1,\"name\":\"Portada\",\"item\":\"https:\\\/\\\/pauccarmarca.com\\\/en\\\/\"},{\"@type\":\"ListItem\",\"position\":2,\"name\":\"Tienda\",\"item\":\"https:\\\/\\\/pauccarmarca.com\\\/en\\\/tienda\\\/\"},{\"@type\":\"ListItem\",\"position\":3,\"name\":\"Watana o cinta\"}]},{\"@type\":\"WebSite\",\"@id\":\"https:\\\/\\\/pauccarmarca.com\\\/en\\\/#website\",\"url\":\"https:\\\/\\\/pauccarmarca.com\\\/en\\\/\",\"name\":\"Pauccarmarca\",\"description\":\"Viajes inici\u00e1ticos y espacios de sanaci\u00f3n\",\"publisher\":{\"@id\":\"https:\\\/\\\/pauccarmarca.com\\\/en\\\/#organization\"},\"potentialAction\":[{\"@type\":\"SearchAction\",\"target\":{\"@type\":\"EntryPoint\",\"urlTemplate\":\"https:\\\/\\\/pauccarmarca.com\\\/en\\\/?s={search_term_string}\"},\"query-input\":{\"@type\":\"PropertyValueSpecification\",\"valueRequired\":true,\"valueName\":\"search_term_string\"}}],\"inLanguage\":\"en-US\"},{\"@type\":\"Organization\",\"@id\":\"https:\\\/\\\/pauccarmarca.com\\\/en\\\/#organization\",\"name\":\"Pauccarmarca\",\"url\":\"https:\\\/\\\/pauccarmarca.com\\\/en\\\/\",\"logo\":{\"@type\":\"ImageObject\",\"inLanguage\":\"en-US\",\"@id\":\"https:\\\/\\\/pauccarmarca.com\\\/en\\\/#\\\/schema\\\/logo\\\/image\\\/\",\"url\":\"https:\\\/\\\/i1.wp.com\\\/pauccarmarca.com\\\/wp-content\\\/uploads\\\/2019\\\/02\\\/cropped-pauccarmarcaWEB3.png?fit=349%2C112&ssl=1\",\"contentUrl\":\"https:\\\/\\\/i1.wp.com\\\/pauccarmarca.com\\\/wp-content\\\/uploads\\\/2019\\\/02\\\/cropped-pauccarmarcaWEB3.png?fit=349%2C112&ssl=1\",\"width\":349,\"height\":112,\"caption\":\"Pauccarmarca\"},\"image\":{\"@id\":\"https:\\\/\\\/pauccarmarca.com\\\/en\\\/#\\\/schema\\\/logo\\\/image\\\/\"}}]}<\/script>\n<!-- \/ Yoast SEO plugin. -->","yoast_head_json":{"title":"Watana o cinta - Pauccarmarca","robots":{"index":"index","follow":"follow","max-snippet":"max-snippet:-1","max-image-preview":"max-image-preview:large","max-video-preview":"max-video-preview:-1"},"canonical":"https:\/\/pauccarmarca.com\/en\/comprar\/watana-o-cinta\/","og_locale":"en_US","og_type":"article","og_title":"Watana o cinta - Pauccarmarca","og_description":"Watana o cinta tejida a mano, de muchos colores y patrones. Generalmente con chaquiras blancas. El largo de la watana es el suficiente para atar la misa andina al estar cerrada, aproximadamente de 120 cm.","og_url":"https:\/\/pauccarmarca.com\/en\/comprar\/watana-o-cinta\/","og_site_name":"Pauccarmarca","article_modified_time":"2021-10-06T18:18:12+00:00","og_image":[{"width":764,"height":626,"url":"https:\/\/pauccarmarca.com\/wp-content\/uploads\/2021\/05\/watanas-4.jpg","type":"image\/jpeg"}],"twitter_card":"summary_large_image","twitter_misc":{"Est. reading time":"1 minute"},"schema":{"@context":"https:\/\/schema.org","@graph":[{"@type":"WebPage","@id":"https:\/\/pauccarmarca.com\/en\/comprar\/watana-o-cinta\/","url":"https:\/\/pauccarmarca.com\/en\/comprar\/watana-o-cinta\/","name":"Watana o cinta - Pauccarmarca","isPartOf":{"@id":"https:\/\/pauccarmarca.com\/en\/#website"},"primaryImageOfPage":{"@id":"https:\/\/pauccarmarca.com\/en\/comprar\/watana-o-cinta\/#primaryimage"},"image":{"@id":"https:\/\/pauccarmarca.com\/comprar\/watana-o-cinta\/#primaryimage"},"thumbnailUrl":"https:\/\/pauccarmarca.com\/wp-content\/uploads\/2021\/05\/watanas-4.jpg","datePublished":"2021-05-19T17:55:38+00:00","dateModified":"2021-10-06T18:18:12+00:00","breadcrumb":{"@id":"https:\/\/pauccarmarca.com\/en\/comprar\/watana-o-cinta\/#breadcrumb"},"inLanguage":"en-US","potentialAction":[{"@type":"ReadAction","target":[["https:\/\/pauccarmarca.com\/en\/comprar\/watana-o-cinta\/"]]}]},{"@type":"ImageObject","inLanguage":"en-US","@id":"https:\/\/pauccarmarca.com\/en\/comprar\/watana-o-cinta\/#primaryimage","url":"https:\/\/pauccarmarca.com\/wp-content\/uploads\/2021\/05\/watanas-4.jpg","contentUrl":"https:\/\/pauccarmarca.com\/wp-content\/uploads\/2021\/05\/watanas-4.jpg","width":764,"height":626,"caption":"Watana o cinta"},{"@type":"BreadcrumbList","@id":"https:\/\/pauccarmarca.com\/en\/comprar\/watana-o-cinta\/#breadcrumb","itemListElement":[{"@type":"ListItem","position":1,"name":"Portada","item":"https:\/\/pauccarmarca.com\/en\/"},{"@type":"ListItem","position":2,"name":"Tienda","item":"https:\/\/pauccarmarca.com\/en\/tienda\/"},{"@type":"ListItem","position":3,"name":"Watana o cinta"}]},{"@type":"WebSite","@id":"https:\/\/pauccarmarca.com\/en\/#website","url":"https:\/\/pauccarmarca.com\/en\/","name":"Pauccarmarca","description":"Viajes inici\u00e1ticos y espacios de sanaci\u00f3n","publisher":{"@id":"https:\/\/pauccarmarca.com\/en\/#organization"},"potentialAction":[{"@type":"SearchAction","target":{"@type":"EntryPoint","urlTemplate":"https:\/\/pauccarmarca.com\/en\/?s={search_term_string}"},"query-input":{"@type":"PropertyValueSpecification","valueRequired":true,"valueName":"search_term_string"}}],"inLanguage":"en-US"},{"@type":"Organization","@id":"https:\/\/pauccarmarca.com\/en\/#organization","name":"Pauccarmarca","url":"https:\/\/pauccarmarca.com\/en\/","logo":{"@type":"ImageObject","inLanguage":"en-US","@id":"https:\/\/pauccarmarca.com\/en\/#\/schema\/logo\/image\/","url":"https:\/\/i1.wp.com\/pauccarmarca.com\/wp-content\/uploads\/2019\/02\/cropped-pauccarmarcaWEB3.png?fit=349%2C112&ssl=1","contentUrl":"https:\/\/i1.wp.com\/pauccarmarca.com\/wp-content\/uploads\/2019\/02\/cropped-pauccarmarcaWEB3.png?fit=349%2C112&ssl=1","width":349,"height":112,"caption":"Pauccarmarca"},"image":{"@id":"https:\/\/pauccarmarca.com\/en\/#\/schema\/logo\/image\/"}}]}},"jetpack_sharing_enabled":true,"_links":{"self":[{"href":"https:\/\/pauccarmarca.com\/en\/wp-json\/wp\/v2\/product\/2645","targetHints":{"allow":["GET"]}}],"collection":[{"href":"https:\/\/pauccarmarca.com\/en\/wp-json\/wp\/v2\/product"}],"about":[{"href":"https:\/\/pauccarmarca.com\/en\/wp-json\/wp\/v2\/types\/product"}],"replies":[{"embeddable":true,"href":"https:\/\/pauccarmarca.com\/en\/wp-json\/wp\/v2\/comments?post=2645"}],"version-history":[{"count":0,"href":"https:\/\/pauccarmarca.com\/en\/wp-json\/wp\/v2\/product\/2645\/revisions"}],"wp:featuredmedia":[{"embeddable":true,"href":"https:\/\/pauccarmarca.com\/en\/wp-json\/wp\/v2\/media\/2590"}],"wp:attachment":[{"href":"https:\/\/pauccarmarca.com\/en\/wp-json\/wp\/v2\/media?parent=2645"}],"wp:term":[{"taxonomy":"product_brand","embeddable":true,"href":"https:\/\/pauccarmarca.com\/en\/wp-json\/wp\/v2\/product_brand?post=2645"},{"taxonomy":"product_cat","embeddable":true,"href":"https:\/\/pauccarmarca.com\/en\/wp-json\/wp\/v2\/product_cat?post=2645"},{"taxonomy":"product_tag","embeddable":true,"href":"https:\/\/pauccarmarca.com\/en\/wp-json\/wp\/v2\/product_tag?post=2645"}],"curies":[{"name":"wp","href":"https:\/\/api.w.org\/{rel}","templated":true}]}}