{"id":2628,"date":"2021-05-18T14:04:07","date_gmt":"2021-05-18T19:04:07","guid":{"rendered":"https:\/\/pauccarmarca.com\/?post_type=product&#038;p=2628"},"modified":"2022-08-30T07:44:36","modified_gmt":"2022-08-30T12:44:36","slug":"lliclla-avanzada","status":"publish","type":"product","link":"https:\/\/pauccarmarca.com\/en\/comprar\/lliclla-avanzada\/","title":{"rendered":"Lliclla avanzada"},"content":{"rendered":"<p class=\"qtranxs-available-languages-message qtranxs-available-languages-message-en\">Sorry, this entry is only available in <a href=\"https:\/\/pauccarmarca.com\/es\/wp-json\/wp\/v2\/product\/2628\" class=\"qtranxs-available-language-link qtranxs-available-language-link-es\" title=\"Espa\u00f1ol\">Espa\u00f1ol<\/a>.<\/p><p>Decidir comprar lliclla avanzada implica aumentar y reconocer el valor de tu universo propio.<\/p>\n<h2>Que es la Lliclla ?<\/h2>\n<p>La lliclla o masta&#8217;na ( mastana ) es la base de la missa andina. Representa a todas las posibilidades, espacios y tiempos. Se la relaciona al infinito, a la serpiente que se muerde su propia cola, al uku pacha.<\/p>\n<h2>En qu\u00e9 se diferencia una lliclla avanzada de una b\u00e1sica ?<\/h2>\n<p>Las mast&#8217;anas avanzadas se diferencian de las b\u00e1sicas por la calidad de sus hilos, la mayor cantidad en su tramado, mayor elaboraci\u00f3n de icons y s\u00edmbolos. Mayor calidad de acabados como sus caracter\u00edsticos bordes amarillos.<br \/>\nSi quieres ver m\u00e1s informaci\u00f3n: &#x25b6; <a href=\"https:\/\/pauccarmarca.com\/missa-andina\/\" target=\"_blank\" rel=\"noopener\">missa andina<\/a> &#x25c0;<\/p>","protected":false},"excerpt":{"rendered":"<p class=\"qtranxs-available-languages-message qtranxs-available-languages-message-en\">Sorry, this entry is only available in <a href=\"https:\/\/pauccarmarca.com\/es\/wp-json\/wp\/v2\/product\/2628\" class=\"qtranxs-available-language-link qtranxs-available-language-link-es\" title=\"Espa\u00f1ol\">Espa\u00f1ol<\/a>.<\/p>\n<p>Comprar llicllas avanzada implica una mayor calidad en elaboraci\u00f3n, dise\u00f1o y cantidad de hilos. Es incrementar el valor de la missa andina de tu universo propio.<\/p>\n","protected":false},"featured_media":2592,"comment_status":"open","ping_status":"closed","template":"","meta":[],"product_brand":[],"product_cat":[85],"product_tag":[],"class_list":{"0":"post-2628","1":"product","2":"type-product","3":"status-publish","4":"has-post-thumbnail","6":"product_cat-tejidos-qero","7":"sales-flash-overlay","8":"woocommerce-text-align-center","9":"woocommerce-image-align-center","10":"wc-has-gallery","12":"first","13":"instock","14":"shipping-taxable","15":"purchasable","16":"product-type-simple"},"yoast_head":"<!-- This site is optimized with the Yoast SEO plugin v27.5 - https:\/\/yoast.com\/product\/yoast-seo-wordpress\/ -->\n<title>COMPRAR LLICLLA avanzada :: \u25a9 Aumenta valor de tu universo \u2b50<\/title>\n<meta name=\"description\" content=\"Comprar llicllas avanzada \u25a9 implica incrementar el valor de tu missa andina. Es decir aumentar el valor de tu universo propio.\" \/>\n<meta name=\"robots\" content=\"index, follow, max-snippet:-1, max-image-preview:large, max-video-preview:-1\" \/>\n<link rel=\"canonical\" href=\"https:\/\/pauccarmarca.com\/en\/comprar\/lliclla-avanzada\/\" \/>\n<meta property=\"og:locale\" content=\"en_US\" \/>\n<meta property=\"og:type\" content=\"article\" \/>\n<meta property=\"og:title\" content=\"COMPRAR LLICLLA avanzada :: \u25a9 Aumenta valor de tu universo \u2b50\" \/>\n<meta property=\"og:description\" content=\"Comprar llicllas avanzada \u25a9 implica incrementar el valor de tu missa andina. Es decir aumentar el valor de tu universo propio.\" \/>\n<meta property=\"og:url\" content=\"https:\/\/pauccarmarca.com\/en\/comprar\/lliclla-avanzada\/\" \/>\n<meta property=\"og:site_name\" content=\"Pauccarmarca\" \/>\n<meta property=\"article:modified_time\" content=\"2022-08-30T12:44:36+00:00\" \/>\n<meta property=\"og:image\" content=\"https:\/\/pauccarmarca.com\/wp-content\/uploads\/2021\/05\/lliglla-avanzada-comparativa.jpg\" \/>\n\t<meta property=\"og:image:width\" content=\"1920\" \/>\n\t<meta property=\"og:image:height\" content=\"1729\" \/>\n\t<meta property=\"og:image:type\" content=\"image\/jpeg\" \/>\n<meta name=\"twitter:card\" content=\"summary_large_image\" \/>\n<meta name=\"twitter:label1\" content=\"Est. reading time\" \/>\n\t<meta name=\"twitter:data1\" content=\"1 minute\" \/>\n<script type=\"application\/ld+json\" class=\"yoast-schema-graph\">{\"@context\":\"https:\\\/\\\/schema.org\",\"@graph\":[{\"@type\":\"WebPage\",\"@id\":\"https:\\\/\\\/pauccarmarca.com\\\/en\\\/comprar\\\/lliclla-avanzada\\\/\",\"url\":\"https:\\\/\\\/pauccarmarca.com\\\/en\\\/comprar\\\/lliclla-avanzada\\\/\",\"name\":\"COMPRAR LLICLLA avanzada :: \u25a9 Aumenta valor de tu universo \u2b50\",\"isPartOf\":{\"@id\":\"https:\\\/\\\/pauccarmarca.com\\\/en\\\/#website\"},\"primaryImageOfPage\":{\"@id\":\"https:\\\/\\\/pauccarmarca.com\\\/en\\\/comprar\\\/lliclla-avanzada\\\/#primaryimage\"},\"image\":{\"@id\":\"https:\\\/\\\/pauccarmarca.com\\\/comprar\\\/lliclla-avanzada\\\/#primaryimage\"},\"thumbnailUrl\":\"https:\\\/\\\/pauccarmarca.com\\\/wp-content\\\/uploads\\\/2021\\\/05\\\/lliglla-avanzada-comparativa.jpg\",\"datePublished\":\"2021-05-18T19:04:07+00:00\",\"dateModified\":\"2022-08-30T12:44:36+00:00\",\"description\":\"Comprar llicllas avanzada \u25a9 implica incrementar el valor de tu missa andina. Es decir aumentar el valor de tu universo propio.\",\"breadcrumb\":{\"@id\":\"https:\\\/\\\/pauccarmarca.com\\\/en\\\/comprar\\\/lliclla-avanzada\\\/#breadcrumb\"},\"inLanguage\":\"en-US\",\"potentialAction\":[{\"@type\":\"ReadAction\",\"target\":[[\"https:\\\/\\\/pauccarmarca.com\\\/en\\\/comprar\\\/lliclla-avanzada\\\/\"]]}]},{\"@type\":\"ImageObject\",\"inLanguage\":\"en-US\",\"@id\":\"https:\\\/\\\/pauccarmarca.com\\\/en\\\/comprar\\\/lliclla-avanzada\\\/#primaryimage\",\"url\":\"https:\\\/\\\/pauccarmarca.com\\\/wp-content\\\/uploads\\\/2021\\\/05\\\/lliglla-avanzada-comparativa.jpg\",\"contentUrl\":\"https:\\\/\\\/pauccarmarca.com\\\/wp-content\\\/uploads\\\/2021\\\/05\\\/lliglla-avanzada-comparativa.jpg\",\"width\":1920,\"height\":1729,\"caption\":\"lliclla avanzada - parte de la missa andina\"},{\"@type\":\"BreadcrumbList\",\"@id\":\"https:\\\/\\\/pauccarmarca.com\\\/en\\\/comprar\\\/lliclla-avanzada\\\/#breadcrumb\",\"itemListElement\":[{\"@type\":\"ListItem\",\"position\":1,\"name\":\"Portada\",\"item\":\"https:\\\/\\\/pauccarmarca.com\\\/en\\\/\"},{\"@type\":\"ListItem\",\"position\":2,\"name\":\"Tienda\",\"item\":\"https:\\\/\\\/pauccarmarca.com\\\/en\\\/tienda\\\/\"},{\"@type\":\"ListItem\",\"position\":3,\"name\":\"Lliclla avanzada\"}]},{\"@type\":\"WebSite\",\"@id\":\"https:\\\/\\\/pauccarmarca.com\\\/en\\\/#website\",\"url\":\"https:\\\/\\\/pauccarmarca.com\\\/en\\\/\",\"name\":\"Pauccarmarca\",\"description\":\"Viajes inici\u00e1ticos y espacios de sanaci\u00f3n\",\"publisher\":{\"@id\":\"https:\\\/\\\/pauccarmarca.com\\\/en\\\/#organization\"},\"potentialAction\":[{\"@type\":\"SearchAction\",\"target\":{\"@type\":\"EntryPoint\",\"urlTemplate\":\"https:\\\/\\\/pauccarmarca.com\\\/en\\\/?s={search_term_string}\"},\"query-input\":{\"@type\":\"PropertyValueSpecification\",\"valueRequired\":true,\"valueName\":\"search_term_string\"}}],\"inLanguage\":\"en-US\"},{\"@type\":\"Organization\",\"@id\":\"https:\\\/\\\/pauccarmarca.com\\\/en\\\/#organization\",\"name\":\"Pauccarmarca\",\"url\":\"https:\\\/\\\/pauccarmarca.com\\\/en\\\/\",\"logo\":{\"@type\":\"ImageObject\",\"inLanguage\":\"en-US\",\"@id\":\"https:\\\/\\\/pauccarmarca.com\\\/en\\\/#\\\/schema\\\/logo\\\/image\\\/\",\"url\":\"https:\\\/\\\/i1.wp.com\\\/pauccarmarca.com\\\/wp-content\\\/uploads\\\/2019\\\/02\\\/cropped-pauccarmarcaWEB3.png?fit=349%2C112&ssl=1\",\"contentUrl\":\"https:\\\/\\\/i1.wp.com\\\/pauccarmarca.com\\\/wp-content\\\/uploads\\\/2019\\\/02\\\/cropped-pauccarmarcaWEB3.png?fit=349%2C112&ssl=1\",\"width\":349,\"height\":112,\"caption\":\"Pauccarmarca\"},\"image\":{\"@id\":\"https:\\\/\\\/pauccarmarca.com\\\/en\\\/#\\\/schema\\\/logo\\\/image\\\/\"}}]}<\/script>\n<!-- \/ Yoast SEO plugin. -->","yoast_head_json":{"title":"COMPRAR LLICLLA avanzada :: \u25a9 Aumenta valor de tu universo \u2b50","description":"Comprar llicllas avanzada \u25a9 implica incrementar el valor de tu missa andina. Es decir aumentar el valor de tu universo propio.","robots":{"index":"index","follow":"follow","max-snippet":"max-snippet:-1","max-image-preview":"max-image-preview:large","max-video-preview":"max-video-preview:-1"},"canonical":"https:\/\/pauccarmarca.com\/en\/comprar\/lliclla-avanzada\/","og_locale":"en_US","og_type":"article","og_title":"COMPRAR LLICLLA avanzada :: \u25a9 Aumenta valor de tu universo \u2b50","og_description":"Comprar llicllas avanzada \u25a9 implica incrementar el valor de tu missa andina. Es decir aumentar el valor de tu universo propio.","og_url":"https:\/\/pauccarmarca.com\/en\/comprar\/lliclla-avanzada\/","og_site_name":"Pauccarmarca","article_modified_time":"2022-08-30T12:44:36+00:00","og_image":[{"width":1920,"height":1729,"url":"https:\/\/pauccarmarca.com\/wp-content\/uploads\/2021\/05\/lliglla-avanzada-comparativa.jpg","type":"image\/jpeg"}],"twitter_card":"summary_large_image","twitter_misc":{"Est. reading time":"1 minute"},"schema":{"@context":"https:\/\/schema.org","@graph":[{"@type":"WebPage","@id":"https:\/\/pauccarmarca.com\/en\/comprar\/lliclla-avanzada\/","url":"https:\/\/pauccarmarca.com\/en\/comprar\/lliclla-avanzada\/","name":"COMPRAR LLICLLA avanzada :: \u25a9 Aumenta valor de tu universo \u2b50","isPartOf":{"@id":"https:\/\/pauccarmarca.com\/en\/#website"},"primaryImageOfPage":{"@id":"https:\/\/pauccarmarca.com\/en\/comprar\/lliclla-avanzada\/#primaryimage"},"image":{"@id":"https:\/\/pauccarmarca.com\/comprar\/lliclla-avanzada\/#primaryimage"},"thumbnailUrl":"https:\/\/pauccarmarca.com\/wp-content\/uploads\/2021\/05\/lliglla-avanzada-comparativa.jpg","datePublished":"2021-05-18T19:04:07+00:00","dateModified":"2022-08-30T12:44:36+00:00","description":"Comprar llicllas avanzada \u25a9 implica incrementar el valor de tu missa andina. Es decir aumentar el valor de tu universo propio.","breadcrumb":{"@id":"https:\/\/pauccarmarca.com\/en\/comprar\/lliclla-avanzada\/#breadcrumb"},"inLanguage":"en-US","potentialAction":[{"@type":"ReadAction","target":[["https:\/\/pauccarmarca.com\/en\/comprar\/lliclla-avanzada\/"]]}]},{"@type":"ImageObject","inLanguage":"en-US","@id":"https:\/\/pauccarmarca.com\/en\/comprar\/lliclla-avanzada\/#primaryimage","url":"https:\/\/pauccarmarca.com\/wp-content\/uploads\/2021\/05\/lliglla-avanzada-comparativa.jpg","contentUrl":"https:\/\/pauccarmarca.com\/wp-content\/uploads\/2021\/05\/lliglla-avanzada-comparativa.jpg","width":1920,"height":1729,"caption":"lliclla avanzada - parte de la missa andina"},{"@type":"BreadcrumbList","@id":"https:\/\/pauccarmarca.com\/en\/comprar\/lliclla-avanzada\/#breadcrumb","itemListElement":[{"@type":"ListItem","position":1,"name":"Portada","item":"https:\/\/pauccarmarca.com\/en\/"},{"@type":"ListItem","position":2,"name":"Tienda","item":"https:\/\/pauccarmarca.com\/en\/tienda\/"},{"@type":"ListItem","position":3,"name":"Lliclla avanzada"}]},{"@type":"WebSite","@id":"https:\/\/pauccarmarca.com\/en\/#website","url":"https:\/\/pauccarmarca.com\/en\/","name":"Pauccarmarca","description":"Viajes inici\u00e1ticos y espacios de sanaci\u00f3n","publisher":{"@id":"https:\/\/pauccarmarca.com\/en\/#organization"},"potentialAction":[{"@type":"SearchAction","target":{"@type":"EntryPoint","urlTemplate":"https:\/\/pauccarmarca.com\/en\/?s={search_term_string}"},"query-input":{"@type":"PropertyValueSpecification","valueRequired":true,"valueName":"search_term_string"}}],"inLanguage":"en-US"},{"@type":"Organization","@id":"https:\/\/pauccarmarca.com\/en\/#organization","name":"Pauccarmarca","url":"https:\/\/pauccarmarca.com\/en\/","logo":{"@type":"ImageObject","inLanguage":"en-US","@id":"https:\/\/pauccarmarca.com\/en\/#\/schema\/logo\/image\/","url":"https:\/\/i1.wp.com\/pauccarmarca.com\/wp-content\/uploads\/2019\/02\/cropped-pauccarmarcaWEB3.png?fit=349%2C112&ssl=1","contentUrl":"https:\/\/i1.wp.com\/pauccarmarca.com\/wp-content\/uploads\/2019\/02\/cropped-pauccarmarcaWEB3.png?fit=349%2C112&ssl=1","width":349,"height":112,"caption":"Pauccarmarca"},"image":{"@id":"https:\/\/pauccarmarca.com\/en\/#\/schema\/logo\/image\/"}}]}},"jetpack_sharing_enabled":true,"_links":{"self":[{"href":"https:\/\/pauccarmarca.com\/en\/wp-json\/wp\/v2\/product\/2628","targetHints":{"allow":["GET"]}}],"collection":[{"href":"https:\/\/pauccarmarca.com\/en\/wp-json\/wp\/v2\/product"}],"about":[{"href":"https:\/\/pauccarmarca.com\/en\/wp-json\/wp\/v2\/types\/product"}],"replies":[{"embeddable":true,"href":"https:\/\/pauccarmarca.com\/en\/wp-json\/wp\/v2\/comments?post=2628"}],"version-history":[{"count":0,"href":"https:\/\/pauccarmarca.com\/en\/wp-json\/wp\/v2\/product\/2628\/revisions"}],"wp:featuredmedia":[{"embeddable":true,"href":"https:\/\/pauccarmarca.com\/en\/wp-json\/wp\/v2\/media\/2592"}],"wp:attachment":[{"href":"https:\/\/pauccarmarca.com\/en\/wp-json\/wp\/v2\/media?parent=2628"}],"wp:term":[{"taxonomy":"product_brand","embeddable":true,"href":"https:\/\/pauccarmarca.com\/en\/wp-json\/wp\/v2\/product_brand?post=2628"},{"taxonomy":"product_cat","embeddable":true,"href":"https:\/\/pauccarmarca.com\/en\/wp-json\/wp\/v2\/product_cat?post=2628"},{"taxonomy":"product_tag","embeddable":true,"href":"https:\/\/pauccarmarca.com\/en\/wp-json\/wp\/v2\/product_tag?post=2628"}],"curies":[{"name":"wp","href":"https:\/\/api.w.org\/{rel}","templated":true}]}}