{"id":881,"date":"2017-06-19T07:48:01","date_gmt":"2017-06-19T07:48:01","guid":{"rendered":"http:\/\/wordpress.templaza.net\/xml\/aventura\/?page_id=881"},"modified":"2023-02-22T13:39:37","modified_gmt":"2023-02-22T18:39:37","slug":"contacto-reservar-cita","status":"publish","type":"page","link":"https:\/\/pauccarmarca.com\/en\/contacto-reservar-cita\/","title":{"rendered":"Contact"},"content":{"rendered":"\t\t<div data-elementor-type=\"wp-page\" data-elementor-id=\"881\" class=\"elementor elementor-881\" data-elementor-post-type=\"page\">\n\t\t\t\t\t\t<section class=\"elementor-section elementor-top-section elementor-element elementor-element-160a94d elementor-section-boxed elementor-section-height-default elementor-section-height-default\" data-id=\"160a94d\" data-element_type=\"section\">\n\t\t\t\t\t\t<div class=\"elementor-container elementor-column-gap-default\">\n\t\t\t\t\t<div class=\"elementor-column elementor-col-100 elementor-top-column elementor-element elementor-element-93271e2\" data-id=\"93271e2\" data-element_type=\"column\">\n\t\t\t<div class=\"elementor-widget-wrap elementor-element-populated\">\n\t\t\t\t\t\t<section class=\"elementor-section elementor-inner-section elementor-element elementor-element-9f9fe94 elementor-section-boxed elementor-section-height-default elementor-section-height-default\" data-id=\"9f9fe94\" data-element_type=\"section\">\n\t\t\t\t\t\t<div class=\"elementor-container elementor-column-gap-default\">\n\t\t\t\t\t<div class=\"elementor-column elementor-col-50 elementor-inner-column elementor-element elementor-element-40d3aa5\" data-id=\"40d3aa5\" data-element_type=\"column\">\n\t\t\t<div class=\"elementor-widget-wrap elementor-element-populated\">\n\t\t\t\t\t\t<div class=\"elementor-element elementor-element-891757b elementor-widget elementor-widget-heading\" data-id=\"891757b\" data-element_type=\"widget\" data-widget_type=\"heading.default\">\n\t\t\t\t<div class=\"elementor-widget-container\">\n\t\t\t\t\t<h1 class=\"elementor-heading-title elementor-size-default\">\u00bf Quieres reservar Cita ?<\/h1>\t\t\t\t<\/div>\n\t\t\t\t<\/div>\n\t\t\t\t<div class=\"elementor-element elementor-element-1252a05 elementor-widget elementor-widget-text-editor\" data-id=\"1252a05\" data-element_type=\"widget\" data-widget_type=\"text-editor.default\">\n\t\t\t\t<div class=\"elementor-widget-container\">\n\t\t\t\t\t\t\t\t\tReservar cita con Pauccarmarca es sencillo. Si ya has decidido que quieres tomar, por ejemplo: Despacho andino, comun\u00edcate directamente por <a style=\"background-color: #ffffff;\" href=\"https:\/\/wa.me\/543541650897\/?text=Hola.%20me%20contacto%20con%20ustedes%20por%20el%20siguiente%20asunto\" target=\"_blank\" rel=\"noopener nofollow\">WhatsApp<\/a> para acordar el dia y la fecha.\t\t\t\t\t\t\t\t<\/div>\n\t\t\t\t<\/div>\n\t\t\t\t<div class=\"elementor-element elementor-element-19474c4 elementor-align-center elementor-widget__width-auto elementor-button-success elementor-mobile-align-center elementor-widget-mobile__width-inherit elementor-widget elementor-widget-button\" data-id=\"19474c4\" data-element_type=\"widget\" data-widget_type=\"button.default\">\n\t\t\t\t<div class=\"elementor-widget-container\">\n\t\t\t\t\t\t\t\t\t<div class=\"elementor-button-wrapper\">\n\t\t\t\t\t<a class=\"elementor-button elementor-button-link elementor-size-sm\" href=\"https:\/\/wa.me\/543541650897\/?text=Hola.%20me%20contacto%20con%20ustedes%20por%20el%20siguiente%20asunto\" target=\"_blank\" rel=\"nofollow\">\n\t\t\t\t\t\t<span class=\"elementor-button-content-wrapper\">\n\t\t\t\t\t\t<span class=\"elementor-button-icon\">\n\t\t\t\t<i aria-hidden=\"true\" class=\"fab fa-whatsapp\"><\/i>\t\t\t<\/span>\n\t\t\t\t\t\t\t\t\t<span class=\"elementor-button-text\">WhatsApp <\/span>\n\t\t\t\t\t<\/span>\n\t\t\t\t\t<\/a>\n\t\t\t\t<\/div>\n\t\t\t\t\t\t\t\t<\/div>\n\t\t\t\t<\/div>\n\t\t\t\t<div class=\"elementor-element elementor-element-927c65a elementor-shape-circle elementor-grid-3 elementor-widget__width-auto elementor-widget-mobile__width-inherit e-grid-align-center elementor-widget elementor-widget-social-icons\" data-id=\"927c65a\" data-element_type=\"widget\" data-widget_type=\"social-icons.default\">\n\t\t\t\t<div class=\"elementor-widget-container\">\n\t\t\t\t\t\t\t<div class=\"elementor-social-icons-wrapper elementor-grid\">\n\t\t\t\t\t\t\t<span class=\"elementor-grid-item\">\n\t\t\t\t\t<a class=\"elementor-icon elementor-social-icon elementor-social-icon-facebook elementor-repeater-item-18b1f2b\" href=\"https:\/\/www.facebook.com\/pauccarmarca\" target=\"_blank\">\n\t\t\t\t\t\t<span class=\"elementor-screen-only\">Facebook<\/span>\n\t\t\t\t\t\t<i class=\"fab fa-facebook\"><\/i>\t\t\t\t\t<\/a>\n\t\t\t\t<\/span>\n\t\t\t\t\t\t\t<span class=\"elementor-grid-item\">\n\t\t\t\t\t<a class=\"elementor-icon elementor-social-icon elementor-social-icon-instagram elementor-repeater-item-19542a8\" href=\"https:\/\/instagram.com\/pauccarmarca33\" target=\"_blank\">\n\t\t\t\t\t\t<span class=\"elementor-screen-only\">Instagram<\/span>\n\t\t\t\t\t\t<i class=\"fab fa-instagram\"><\/i>\t\t\t\t\t<\/a>\n\t\t\t\t<\/span>\n\t\t\t\t\t\t\t<span class=\"elementor-grid-item\">\n\t\t\t\t\t<a class=\"elementor-icon elementor-social-icon elementor-social-icon-youtube elementor-repeater-item-151d357\" href=\"https:\/\/www.youtube.com\/channel\/UC-qfnDq3McxpOgTWsi2txJw\" target=\"_blank\">\n\t\t\t\t\t\t<span class=\"elementor-screen-only\">Youtube<\/span>\n\t\t\t\t\t\t<i class=\"fab fa-youtube\"><\/i>\t\t\t\t\t<\/a>\n\t\t\t\t<\/span>\n\t\t\t\t\t<\/div>\n\t\t\t\t\t\t<\/div>\n\t\t\t\t<\/div>\n\t\t\t\t\t<\/div>\n\t\t<\/div>\n\t\t\t\t<div class=\"elementor-column elementor-col-50 elementor-inner-column elementor-element elementor-element-f2c8754 elementor-hidden-tablet elementor-hidden-phone\" data-id=\"f2c8754\" data-element_type=\"column\" data-settings=\"{&quot;background_background&quot;:&quot;classic&quot;}\">\n\t\t\t<div class=\"elementor-widget-wrap elementor-element-populated\">\n\t\t\t\t\t\t<div class=\"elementor-element elementor-element-ec562aa elementor-widget elementor-widget-spacer\" data-id=\"ec562aa\" data-element_type=\"widget\" data-widget_type=\"spacer.default\">\n\t\t\t\t<div class=\"elementor-widget-container\">\n\t\t\t\t\t\t\t<div class=\"elementor-spacer\">\n\t\t\t<div class=\"elementor-spacer-inner\"><\/div>\n\t\t<\/div>\n\t\t\t\t\t\t<\/div>\n\t\t\t\t<\/div>\n\t\t\t\t\t<\/div>\n\t\t<\/div>\n\t\t\t\t\t<\/div>\n\t\t<\/section>\n\t\t\t\t\t<\/div>\n\t\t<\/div>\n\t\t\t\t\t<\/div>\n\t\t<\/section>\n\t\t\t\t<section class=\"elementor-section elementor-top-section elementor-element elementor-element-8e1fccb elementor-section-boxed elementor-section-height-default elementor-section-height-default\" data-id=\"8e1fccb\" data-element_type=\"section\">\n\t\t\t\t\t\t<div class=\"elementor-container elementor-column-gap-default\">\n\t\t\t\t\t<div class=\"elementor-column elementor-col-100 elementor-top-column elementor-element elementor-element-aa591e5\" data-id=\"aa591e5\" data-element_type=\"column\">\n\t\t\t<div class=\"elementor-widget-wrap elementor-element-populated\">\n\t\t\t\t\t\t<div class=\"elementor-element elementor-element-a50bc11 elementor-widget elementor-widget-heading\" data-id=\"a50bc11\" data-element_type=\"widget\" data-widget_type=\"heading.default\">\n\t\t\t\t<div class=\"elementor-widget-container\">\n\t\t\t\t\t<h2 class=\"elementor-heading-title elementor-size-default\">Has tu consulta<\/h2>\t\t\t\t<\/div>\n\t\t\t\t<\/div>\n\t\t\t\t<div class=\"elementor-element elementor-element-650fc27 elementor-widget elementor-widget-text-editor\" data-id=\"650fc27\" data-element_type=\"widget\" data-widget_type=\"text-editor.default\">\n\t\t\t\t<div class=\"elementor-widget-container\">\n\t\t\t\t\t\t\t\t\t<p>Pauccarmarca cuenta con diversas actividades, espacios de sanaci\u00f3n y viajes programados. Puedes consultarnos sobre lectura de hojas de coca, despacho andino, karpay o iniciaci\u00f3n, ba\u00f1os de florecimiento, rompimiento de patrones, entre otras. Despeja tus dudas y consulta los valores.<\/p><p><a href=\"https:\/\/pauccarmarca.com\/sanaciones\/\">Mirar algunas actividades<\/a><\/p>\t\t\t\t\t\t\t\t<\/div>\n\t\t\t\t<\/div>\n\t\t\t\t<section class=\"elementor-section elementor-inner-section elementor-element elementor-element-d6d6410 elementor-section-boxed elementor-section-height-default elementor-section-height-default\" data-id=\"d6d6410\" data-element_type=\"section\">\n\t\t\t\t\t\t<div class=\"elementor-container elementor-column-gap-default\">\n\t\t\t\t\t<div class=\"elementor-column elementor-col-100 elementor-inner-column elementor-element elementor-element-85157e8\" data-id=\"85157e8\" data-element_type=\"column\" data-settings=\"{&quot;background_background&quot;:&quot;classic&quot;}\">\n\t\t\t<div class=\"elementor-widget-wrap elementor-element-populated\">\n\t\t\t\t\t\t<div class=\"elementor-element elementor-element-6eba651 elementor-widget elementor-widget-heading\" data-id=\"6eba651\" data-element_type=\"widget\" data-widget_type=\"heading.default\">\n\t\t\t\t<div class=\"elementor-widget-container\">\n\t\t\t\t\t<h2 class=\"elementor-heading-title elementor-size-default\">Coordinar env\u00edos de Artesan\u00edas<\/h2>\t\t\t\t<\/div>\n\t\t\t\t<\/div>\n\t\t\t\t<div class=\"elementor-element elementor-element-e652401 elementor-widget elementor-widget-text-editor\" data-id=\"e652401\" data-element_type=\"widget\" data-widget_type=\"text-editor.default\">\n\t\t\t\t<div class=\"elementor-widget-container\">\n\t\t\t\t\t\t\t\t\t<p>Si ya estas decidido\/a sobre la artesan\u00eda que deseas adquirir puedes contactarnos para reservarla, o coordinar el env\u00edo. Si no puedes\u00a0<a href=\"https:\/\/pauccarmarca.com\/tienda\/\">mirar algunas aqui.<\/a><\/p>\t\t\t\t\t\t\t\t<\/div>\n\t\t\t\t<\/div>\n\t\t\t\t\t<\/div>\n\t\t<\/div>\n\t\t\t\t\t<\/div>\n\t\t<\/section>\n\t\t\t\t\t<\/div>\n\t\t<\/div>\n\t\t\t\t\t<\/div>\n\t\t<\/section>\n\t\t\t\t<section class=\"elementor-section elementor-top-section elementor-element elementor-element-470090c9 elementor-section-boxed elementor-section-height-default elementor-section-height-default\" data-id=\"470090c9\" data-element_type=\"section\">\n\t\t\t\t\t\t<div class=\"elementor-container elementor-column-gap-default\">\n\t\t\t\t\t<div class=\"elementor-column elementor-col-100 elementor-top-column elementor-element elementor-element-70555384\" data-id=\"70555384\" data-element_type=\"column\">\n\t\t\t<div class=\"elementor-widget-wrap elementor-element-populated\">\n\t\t\t\t\t\t<div class=\"elementor-element elementor-element-106a6c7 elementor-widget elementor-widget-heading\" data-id=\"106a6c7\" data-element_type=\"widget\" data-widget_type=\"heading.default\">\n\t\t\t\t<div class=\"elementor-widget-container\">\n\t\t\t\t\t<h2 class=\"elementor-heading-title elementor-size-default\">Formulario de contacto<\/h2>\t\t\t\t<\/div>\n\t\t\t\t<\/div>\n\t\t\t\t<div class=\"elementor-element elementor-element-bffd9bd elementor-widget elementor-widget-text-editor\" data-id=\"bffd9bd\" data-element_type=\"widget\" data-widget_type=\"text-editor.default\">\n\t\t\t\t<div class=\"elementor-widget-container\">\n\t\t\t\t\t\t\t\t\t<p>Tambi\u00e9n puedes escribirnos a <a href=\"mailto:pauccarmarca@gmail.com\">pauccarmarca@gmail.com<\/a>\u00a0<\/p>\t\t\t\t\t\t\t\t<\/div>\n\t\t\t\t<\/div>\n\t\t\t\t<div class=\"elementor-element elementor-element-5f37e8f elementor-widget elementor-widget-text-editor\" data-id=\"5f37e8f\" data-element_type=\"widget\" data-widget_type=\"text-editor.default\">\n\t\t\t\t<div class=\"elementor-widget-container\">\n\t\t\t\t\t\t\t\t\t<div><div class=\"confit-address\"><a href=\"https:\/\/maps.google.com\/maps?z=16&amp;q=cusco%2C%2Bper%C3%BA\" target=\"_blank\" rel=\"noopener noreferrer\">Cusco, Per\u00fa<\/a><\/div><\/div><div>\u00a0<\/div><div><div><a href=\"https:\/\/wa.me\/543541650897\">+54 3541 65 08 97<\/a><\/div><div><a href=\"https:\/\/wa.me\/51927503860\">+54 927 503 860<\/a><\/div><\/div><div>\u00a0<\/div><div><div class=\"confit-email\"><a href=\"mailto:pauccarmarca@gmail.com\">pauccarmarca@gmail.com<\/a>\u00a0<\/div><\/div>\t\t\t\t\t\t\t\t<\/div>\n\t\t\t\t<\/div>\n\t\t\t\t\t<\/div>\n\t\t<\/div>\n\t\t\t\t\t<\/div>\n\t\t<\/section>\n\t\t\t\t<\/div>\n\t\t","protected":false},"excerpt":{"rendered":"<p>\u00bf Quieres reservar Cita ? Reservar cita con Pauccarmarca es sencillo. Si ya has decidido que quieres tomar, por ejemplo: Despacho andino, comun\u00edcate directamente por WhatsApp para acordar el dia y la fecha. WhatsApp Facebook Instagram Youtube Has tu consulta Pauccarmarca cuenta con diversas actividades, espacios de sanaci\u00f3n y viajes programados. Puedes consultarnos sobre lectura &#8230; <a title=\"Contact\" class=\"read-more\" href=\"https:\/\/pauccarmarca.com\/en\/contacto-reservar-cita\/\" aria-label=\"More on Contact\">Read more<\/a><\/p>\n","protected":false},"author":2,"featured_media":3173,"parent":0,"menu_order":0,"comment_status":"closed","ping_status":"closed","template":"","meta":{"footnotes":""},"class_list":["post-881","page","type-page","status-publish","has-post-thumbnail"],"yoast_head":"<!-- This site is optimized with the Yoast SEO plugin v27.4 - https:\/\/yoast.com\/product\/yoast-seo-wordpress\/ -->\n<title>CONTACTOS Pauccarmarca :: Reservar cita, Despacho, Lectura, Viaje<\/title>\n<meta name=\"description\" content=\"Todos los contactos &#128222; para que puedas reservar cita para lectura de coca, despacho andino, viaje inici\u00e1tico o solo para conocernos.\" \/>\n<meta name=\"robots\" content=\"index, follow, max-snippet:-1, max-image-preview:large, max-video-preview:-1\" \/>\n<link rel=\"canonical\" href=\"https:\/\/pauccarmarca.com\/en\/contacto-reservar-cita\/\" \/>\n<meta property=\"og:locale\" content=\"en_US\" \/>\n<meta property=\"og:type\" content=\"article\" \/>\n<meta property=\"og:title\" content=\"CONTACTOS Pauccarmarca :: Reservar cita, Despacho, Lectura, Viaje\" \/>\n<meta property=\"og:description\" content=\"Todos los contactos &#128222; para que puedas reservar cita para lectura de coca, despacho andino, viaje inici\u00e1tico o solo para conocernos.\" \/>\n<meta property=\"og:url\" content=\"https:\/\/pauccarmarca.com\/en\/contacto-reservar-cita\/\" \/>\n<meta property=\"og:site_name\" content=\"Pauccarmarca\" \/>\n<meta property=\"article:modified_time\" content=\"2023-02-22T18:39:37+00:00\" \/>\n<meta property=\"og:image\" content=\"https:\/\/pauccarmarca.com\/wp-content\/uploads\/2021\/05\/citas.jpg\" \/>\n\t<meta property=\"og:image:width\" content=\"487\" \/>\n\t<meta property=\"og:image:height\" content=\"297\" \/>\n\t<meta property=\"og:image:type\" content=\"image\/jpeg\" \/>\n<meta name=\"twitter:card\" content=\"summary_large_image\" \/>\n<meta name=\"twitter:image\" content=\"https:\/\/pauccarmarca.com\/wp-content\/uploads\/2021\/05\/citas.jpg\" \/>\n<meta name=\"twitter:label1\" content=\"Est. reading time\" \/>\n\t<meta name=\"twitter:data1\" content=\"1 minute\" \/>\n<script type=\"application\/ld+json\" class=\"yoast-schema-graph\">{\"@context\":\"https:\\\/\\\/schema.org\",\"@graph\":[{\"@type\":[\"WebPage\",\"ContactPage\"],\"@id\":\"https:\\\/\\\/pauccarmarca.com\\\/en\\\/contacto-reservar-cita\\\/\",\"url\":\"https:\\\/\\\/pauccarmarca.com\\\/en\\\/contacto-reservar-cita\\\/\",\"name\":\"CONTACTOS Pauccarmarca :: Reservar cita, Despacho, Lectura, Viaje\",\"isPartOf\":{\"@id\":\"https:\\\/\\\/pauccarmarca.com\\\/en\\\/#website\"},\"primaryImageOfPage\":{\"@id\":\"https:\\\/\\\/pauccarmarca.com\\\/en\\\/contacto-reservar-cita\\\/#primaryimage\"},\"image\":{\"@id\":\"https:\\\/\\\/pauccarmarca.com\\\/contacto-reservar-cita\\\/#primaryimage\"},\"thumbnailUrl\":\"https:\\\/\\\/pauccarmarca.com\\\/wp-content\\\/uploads\\\/2021\\\/05\\\/citas.jpg\",\"datePublished\":\"2017-06-19T07:48:01+00:00\",\"dateModified\":\"2023-02-22T18:39:37+00:00\",\"description\":\"Todos los contactos &#128222; para que puedas reservar cita para lectura de coca, despacho andino, viaje inici\u00e1tico o solo para conocernos.\",\"breadcrumb\":{\"@id\":\"https:\\\/\\\/pauccarmarca.com\\\/en\\\/contacto-reservar-cita\\\/#breadcrumb\"},\"inLanguage\":\"en-US\",\"potentialAction\":[{\"@type\":\"ReadAction\",\"target\":[[\"https:\\\/\\\/pauccarmarca.com\\\/en\\\/contacto-reservar-cita\\\/\"]]}]},{\"@type\":\"ImageObject\",\"inLanguage\":\"en-US\",\"@id\":\"https:\\\/\\\/pauccarmarca.com\\\/en\\\/contacto-reservar-cita\\\/#primaryimage\",\"url\":\"https:\\\/\\\/pauccarmarca.com\\\/wp-content\\\/uploads\\\/2021\\\/05\\\/citas.jpg\",\"contentUrl\":\"https:\\\/\\\/pauccarmarca.com\\\/wp-content\\\/uploads\\\/2021\\\/05\\\/citas.jpg\",\"width\":487,\"height\":297,\"caption\":\"Pauccarmarca reservar citas\"},{\"@type\":\"BreadcrumbList\",\"@id\":\"https:\\\/\\\/pauccarmarca.com\\\/en\\\/contacto-reservar-cita\\\/#breadcrumb\",\"itemListElement\":[{\"@type\":\"ListItem\",\"position\":1,\"name\":\"Portada\",\"item\":\"https:\\\/\\\/pauccarmarca.com\\\/en\\\/\"},{\"@type\":\"ListItem\",\"position\":2,\"name\":\"Contacto\"}]},{\"@type\":\"WebSite\",\"@id\":\"https:\\\/\\\/pauccarmarca.com\\\/en\\\/#website\",\"url\":\"https:\\\/\\\/pauccarmarca.com\\\/en\\\/\",\"name\":\"Pauccarmarca\",\"description\":\"Viajes inici\u00e1ticos y espacios de sanaci\u00f3n\",\"publisher\":{\"@id\":\"https:\\\/\\\/pauccarmarca.com\\\/en\\\/#organization\"},\"potentialAction\":[{\"@type\":\"SearchAction\",\"target\":{\"@type\":\"EntryPoint\",\"urlTemplate\":\"https:\\\/\\\/pauccarmarca.com\\\/en\\\/?s={search_term_string}\"},\"query-input\":{\"@type\":\"PropertyValueSpecification\",\"valueRequired\":true,\"valueName\":\"search_term_string\"}}],\"inLanguage\":\"en-US\"},{\"@type\":\"Organization\",\"@id\":\"https:\\\/\\\/pauccarmarca.com\\\/en\\\/#organization\",\"name\":\"Pauccarmarca\",\"url\":\"https:\\\/\\\/pauccarmarca.com\\\/en\\\/\",\"logo\":{\"@type\":\"ImageObject\",\"inLanguage\":\"en-US\",\"@id\":\"https:\\\/\\\/pauccarmarca.com\\\/en\\\/#\\\/schema\\\/logo\\\/image\\\/\",\"url\":\"https:\\\/\\\/i1.wp.com\\\/pauccarmarca.com\\\/wp-content\\\/uploads\\\/2019\\\/02\\\/cropped-pauccarmarcaWEB3.png?fit=349%2C112&ssl=1\",\"contentUrl\":\"https:\\\/\\\/i1.wp.com\\\/pauccarmarca.com\\\/wp-content\\\/uploads\\\/2019\\\/02\\\/cropped-pauccarmarcaWEB3.png?fit=349%2C112&ssl=1\",\"width\":349,\"height\":112,\"caption\":\"Pauccarmarca\"},\"image\":{\"@id\":\"https:\\\/\\\/pauccarmarca.com\\\/en\\\/#\\\/schema\\\/logo\\\/image\\\/\"}}]}<\/script>\n<!-- \/ Yoast SEO plugin. -->","yoast_head_json":{"title":"CONTACTOS Pauccarmarca :: Reservar cita, Despacho, Lectura, Viaje","description":"Todos los contactos &#128222; para que puedas reservar cita para lectura de coca, despacho andino, viaje inici\u00e1tico o solo para conocernos.","robots":{"index":"index","follow":"follow","max-snippet":"max-snippet:-1","max-image-preview":"max-image-preview:large","max-video-preview":"max-video-preview:-1"},"canonical":"https:\/\/pauccarmarca.com\/en\/contacto-reservar-cita\/","og_locale":"en_US","og_type":"article","og_title":"CONTACTOS Pauccarmarca :: Reservar cita, Despacho, Lectura, Viaje","og_description":"Todos los contactos &#128222; para que puedas reservar cita para lectura de coca, despacho andino, viaje inici\u00e1tico o solo para conocernos.","og_url":"https:\/\/pauccarmarca.com\/en\/contacto-reservar-cita\/","og_site_name":"Pauccarmarca","article_modified_time":"2023-02-22T18:39:37+00:00","og_image":[{"width":487,"height":297,"url":"https:\/\/pauccarmarca.com\/wp-content\/uploads\/2021\/05\/citas.jpg","type":"image\/jpeg"}],"twitter_card":"summary_large_image","twitter_image":"https:\/\/pauccarmarca.com\/wp-content\/uploads\/2021\/05\/citas.jpg","twitter_misc":{"Est. reading time":"1 minute"},"schema":{"@context":"https:\/\/schema.org","@graph":[{"@type":["WebPage","ContactPage"],"@id":"https:\/\/pauccarmarca.com\/en\/contacto-reservar-cita\/","url":"https:\/\/pauccarmarca.com\/en\/contacto-reservar-cita\/","name":"CONTACTOS Pauccarmarca :: Reservar cita, Despacho, Lectura, Viaje","isPartOf":{"@id":"https:\/\/pauccarmarca.com\/en\/#website"},"primaryImageOfPage":{"@id":"https:\/\/pauccarmarca.com\/en\/contacto-reservar-cita\/#primaryimage"},"image":{"@id":"https:\/\/pauccarmarca.com\/contacto-reservar-cita\/#primaryimage"},"thumbnailUrl":"https:\/\/pauccarmarca.com\/wp-content\/uploads\/2021\/05\/citas.jpg","datePublished":"2017-06-19T07:48:01+00:00","dateModified":"2023-02-22T18:39:37+00:00","description":"Todos los contactos &#128222; para que puedas reservar cita para lectura de coca, despacho andino, viaje inici\u00e1tico o solo para conocernos.","breadcrumb":{"@id":"https:\/\/pauccarmarca.com\/en\/contacto-reservar-cita\/#breadcrumb"},"inLanguage":"en-US","potentialAction":[{"@type":"ReadAction","target":[["https:\/\/pauccarmarca.com\/en\/contacto-reservar-cita\/"]]}]},{"@type":"ImageObject","inLanguage":"en-US","@id":"https:\/\/pauccarmarca.com\/en\/contacto-reservar-cita\/#primaryimage","url":"https:\/\/pauccarmarca.com\/wp-content\/uploads\/2021\/05\/citas.jpg","contentUrl":"https:\/\/pauccarmarca.com\/wp-content\/uploads\/2021\/05\/citas.jpg","width":487,"height":297,"caption":"Pauccarmarca reservar citas"},{"@type":"BreadcrumbList","@id":"https:\/\/pauccarmarca.com\/en\/contacto-reservar-cita\/#breadcrumb","itemListElement":[{"@type":"ListItem","position":1,"name":"Portada","item":"https:\/\/pauccarmarca.com\/en\/"},{"@type":"ListItem","position":2,"name":"Contacto"}]},{"@type":"WebSite","@id":"https:\/\/pauccarmarca.com\/en\/#website","url":"https:\/\/pauccarmarca.com\/en\/","name":"Pauccarmarca","description":"Viajes inici\u00e1ticos y espacios de sanaci\u00f3n","publisher":{"@id":"https:\/\/pauccarmarca.com\/en\/#organization"},"potentialAction":[{"@type":"SearchAction","target":{"@type":"EntryPoint","urlTemplate":"https:\/\/pauccarmarca.com\/en\/?s={search_term_string}"},"query-input":{"@type":"PropertyValueSpecification","valueRequired":true,"valueName":"search_term_string"}}],"inLanguage":"en-US"},{"@type":"Organization","@id":"https:\/\/pauccarmarca.com\/en\/#organization","name":"Pauccarmarca","url":"https:\/\/pauccarmarca.com\/en\/","logo":{"@type":"ImageObject","inLanguage":"en-US","@id":"https:\/\/pauccarmarca.com\/en\/#\/schema\/logo\/image\/","url":"https:\/\/i1.wp.com\/pauccarmarca.com\/wp-content\/uploads\/2019\/02\/cropped-pauccarmarcaWEB3.png?fit=349%2C112&ssl=1","contentUrl":"https:\/\/i1.wp.com\/pauccarmarca.com\/wp-content\/uploads\/2019\/02\/cropped-pauccarmarcaWEB3.png?fit=349%2C112&ssl=1","width":349,"height":112,"caption":"Pauccarmarca"},"image":{"@id":"https:\/\/pauccarmarca.com\/en\/#\/schema\/logo\/image\/"}}]}},"jetpack_sharing_enabled":true,"_links":{"self":[{"href":"https:\/\/pauccarmarca.com\/en\/wp-json\/wp\/v2\/pages\/881","targetHints":{"allow":["GET"]}}],"collection":[{"href":"https:\/\/pauccarmarca.com\/en\/wp-json\/wp\/v2\/pages"}],"about":[{"href":"https:\/\/pauccarmarca.com\/en\/wp-json\/wp\/v2\/types\/page"}],"author":[{"embeddable":true,"href":"https:\/\/pauccarmarca.com\/en\/wp-json\/wp\/v2\/users\/2"}],"replies":[{"embeddable":true,"href":"https:\/\/pauccarmarca.com\/en\/wp-json\/wp\/v2\/comments?post=881"}],"version-history":[{"count":0,"href":"https:\/\/pauccarmarca.com\/en\/wp-json\/wp\/v2\/pages\/881\/revisions"}],"wp:featuredmedia":[{"embeddable":true,"href":"https:\/\/pauccarmarca.com\/en\/wp-json\/wp\/v2\/media\/3173"}],"wp:attachment":[{"href":"https:\/\/pauccarmarca.com\/en\/wp-json\/wp\/v2\/media?parent=881"}],"curies":[{"name":"wp","href":"https:\/\/api.w.org\/{rel}","templated":true}]}}