{"id":4060,"date":"2022-05-06T14:19:56","date_gmt":"2022-05-06T19:19:56","guid":{"rendered":"https:\/\/pauccarmarca.com\/?page_id=4060"},"modified":"2025-04-16T18:08:04","modified_gmt":"2025-04-16T23:08:04","slug":"en-argentina","status":"publish","type":"page","link":"https:\/\/pauccarmarca.com\/en\/en-argentina\/","title":{"rendered":"En Argentina"},"content":{"rendered":"\t\t<div data-elementor-type=\"wp-page\" data-elementor-id=\"4060\" class=\"elementor elementor-4060\" data-elementor-post-type=\"page\">\n\t\t\t\t\t\t<section class=\"elementor-section elementor-top-section elementor-element elementor-element-4ed05c13 elementor-section-content-middle elementor-reverse-mobile elementor-section-boxed elementor-section-height-default elementor-section-height-default\" data-id=\"4ed05c13\" data-element_type=\"section\" data-settings=\"{&quot;background_background&quot;:&quot;classic&quot;}\">\n\t\t\t\t\t\t<div class=\"elementor-container elementor-column-gap-no\">\n\t\t\t\t\t<div class=\"elementor-column elementor-col-50 elementor-top-column elementor-element elementor-element-661094b2\" data-id=\"661094b2\" data-element_type=\"column\">\n\t\t\t<div class=\"elementor-widget-wrap elementor-element-populated\">\n\t\t\t\t\t\t<div class=\"elementor-element elementor-element-68d197f1 elementor-widget elementor-widget-text-editor\" data-id=\"68d197f1\" data-element_type=\"widget\" data-widget_type=\"text-editor.default\">\n\t\t\t\t<div class=\"elementor-widget-container\">\n\t\t\t\t\t\t\t\t\t<p>Consulta proximas ferchas<\/p>\t\t\t\t\t\t\t\t<\/div>\n\t\t\t\t<\/div>\n\t\t\t\t<div class=\"elementor-element elementor-element-1ef89696 elementor-widget elementor-widget-heading\" data-id=\"1ef89696\" data-element_type=\"widget\" data-widget_type=\"heading.default\">\n\t\t\t\t<div class=\"elementor-widget-container\">\n\t\t\t\t\t<h3 class=\"elementor-heading-title elementor-size-default\">Pronto estamos nuevamente en Argentina<\/h3>\t\t\t\t<\/div>\n\t\t\t\t<\/div>\n\t\t\t\t<div class=\"elementor-element elementor-element-29117e6f elementor-widget elementor-widget-text-editor\" data-id=\"29117e6f\" data-element_type=\"widget\" data-widget_type=\"text-editor.default\">\n\t\t\t\t<div class=\"elementor-widget-container\">\n\t\t\t\t\t\t\t\t\t<p>En Abril de 2024 estuvimos en C\u00f3rdoba y Mendoza<br \/>En esa visita reson\u00f3 la zona de Arroyo Seco, Santa Fe, Rosario, Tigre, Buenos Aires y Mar del Plata. Gracias a todos los que se animaron a trascender sus limites y compartir junto a nosotros en nuestra visita al Apu Aconcagua.<\/p>\t\t\t\t\t\t\t\t<\/div>\n\t\t\t\t<\/div>\n\t\t\t\t<div class=\"elementor-element elementor-element-e3a564a elementor-button-success elementor-mobile-align-center elementor-widget elementor-widget-button\" data-id=\"e3a564a\" data-element_type=\"widget\" data-widget_type=\"button.default\">\n\t\t\t\t<div class=\"elementor-widget-container\">\n\t\t\t\t\t\t\t\t\t<div class=\"elementor-button-wrapper\">\n\t\t\t\t\t<a class=\"elementor-button elementor-button-link elementor-size-sm\" href=\"\">\n\t\t\t\t\t\t<span class=\"elementor-button-content-wrapper\">\n\t\t\t\t\t\t\t\t\t<span class=\"elementor-button-text\">Consulta proximas Fechas<\/span>\n\t\t\t\t\t<\/span>\n\t\t\t\t\t<\/a>\n\t\t\t\t<\/div>\n\t\t\t\t\t\t\t\t<\/div>\n\t\t\t\t<\/div>\n\t\t\t\t\t<\/div>\n\t\t<\/div>\n\t\t\t\t<div class=\"elementor-column elementor-col-50 elementor-top-column elementor-element elementor-element-30d62921\" data-id=\"30d62921\" data-element_type=\"column\">\n\t\t\t<div class=\"elementor-widget-wrap elementor-element-populated\">\n\t\t\t\t\t\t<div class=\"elementor-element elementor-element-4303a24d elementor-widget elementor-widget-image\" data-id=\"4303a24d\" data-element_type=\"widget\" data-widget_type=\"image.default\">\n\t\t\t\t<div class=\"elementor-widget-container\">\n\t\t\t\t\t\t\t\t\t\t\t\t\t\t\t<img fetchpriority=\"high\" decoding=\"async\" data-attachment-id=\"4361\" data-permalink=\"https:\/\/pauccarmarca.com\/en\/en-argentina\/attachment\/guillermo-en-aconcagua\/#main\" data-orig-file=\"https:\/\/pauccarmarca.com\/wp-content\/uploads\/2024\/04\/guillermo-en-aconcagua.jpg\" data-orig-size=\"2048,1536\" data-comments-opened=\"1\" data-image-meta=\"{&quot;aperture&quot;:&quot;0&quot;,&quot;credit&quot;:&quot;&quot;,&quot;camera&quot;:&quot;&quot;,&quot;caption&quot;:&quot;&quot;,&quot;created_timestamp&quot;:&quot;0&quot;,&quot;copyright&quot;:&quot;&quot;,&quot;focal_length&quot;:&quot;0&quot;,&quot;iso&quot;:&quot;0&quot;,&quot;shutter_speed&quot;:&quot;0&quot;,&quot;title&quot;:&quot;&quot;,&quot;orientation&quot;:&quot;0&quot;}\" data-image-title=\"guillermo en aconcagua\" data-image-description=\"\" data-image-caption=\"\" data-large-file=\"https:\/\/pauccarmarca.com\/wp-content\/uploads\/2024\/04\/guillermo-en-aconcagua-1024x768.jpg\" width=\"2048\" height=\"1536\" src=\"https:\/\/pauccarmarca.com\/wp-content\/uploads\/2024\/04\/guillermo-en-aconcagua.jpg\" class=\"attachment-full size-full wp-image-4361\" alt=\"Pauccarmarca en Argentina - Aconcagua\" srcset=\"https:\/\/pauccarmarca.com\/wp-content\/uploads\/2024\/04\/guillermo-en-aconcagua.jpg 2048w, https:\/\/pauccarmarca.com\/wp-content\/uploads\/2024\/04\/guillermo-en-aconcagua-300x225.jpg 300w, https:\/\/pauccarmarca.com\/wp-content\/uploads\/2024\/04\/guillermo-en-aconcagua-1024x768.jpg 1024w, https:\/\/pauccarmarca.com\/wp-content\/uploads\/2024\/04\/guillermo-en-aconcagua-768x576.jpg 768w, https:\/\/pauccarmarca.com\/wp-content\/uploads\/2024\/04\/guillermo-en-aconcagua-1536x1152.jpg 1536w, https:\/\/pauccarmarca.com\/wp-content\/uploads\/2024\/04\/guillermo-en-aconcagua-600x450.jpg 600w\" sizes=\"(max-width: 2048px) 100vw, 2048px\" data-attachment-id=\"4361\" data-permalink=\"https:\/\/pauccarmarca.com\/en\/en-argentina\/attachment\/guillermo-en-aconcagua\/#main\" data-orig-file=\"https:\/\/pauccarmarca.com\/wp-content\/uploads\/2024\/04\/guillermo-en-aconcagua.jpg\" data-orig-size=\"2048,1536\" data-comments-opened=\"1\" data-image-meta=\"{&quot;aperture&quot;:&quot;0&quot;,&quot;credit&quot;:&quot;&quot;,&quot;camera&quot;:&quot;&quot;,&quot;caption&quot;:&quot;&quot;,&quot;created_timestamp&quot;:&quot;0&quot;,&quot;copyright&quot;:&quot;&quot;,&quot;focal_length&quot;:&quot;0&quot;,&quot;iso&quot;:&quot;0&quot;,&quot;shutter_speed&quot;:&quot;0&quot;,&quot;title&quot;:&quot;&quot;,&quot;orientation&quot;:&quot;0&quot;}\" data-image-title=\"guillermo en aconcagua\" data-image-description=\"\" data-image-caption=\"\" data-large-file=\"https:\/\/pauccarmarca.com\/wp-content\/uploads\/2024\/04\/guillermo-en-aconcagua-1024x768.jpg\" \/>\t\t\t\t\t\t\t\t\t\t\t\t\t\t\t<\/div>\n\t\t\t\t<\/div>\n\t\t\t\t\t<\/div>\n\t\t<\/div>\n\t\t\t\t\t<\/div>\n\t\t<\/section>\n\t\t\t\t<section class=\"elementor-section elementor-top-section elementor-element elementor-element-cfc0ebe elementor-section-boxed elementor-section-height-default elementor-section-height-default\" data-id=\"cfc0ebe\" data-element_type=\"section\">\n\t\t\t\t\t\t<div class=\"elementor-container elementor-column-gap-default\">\n\t\t\t\t\t<div class=\"elementor-column elementor-col-50 elementor-top-column elementor-element elementor-element-d13d817\" data-id=\"d13d817\" data-element_type=\"column\">\n\t\t\t<div class=\"elementor-widget-wrap elementor-element-populated\">\n\t\t\t\t\t\t<div class=\"elementor-element elementor-element-1da66da elementor-widget elementor-widget-image\" data-id=\"1da66da\" data-element_type=\"widget\" data-widget_type=\"image.default\">\n\t\t\t\t<div class=\"elementor-widget-container\">\n\t\t\t\t\t\t\t\t\t\t\t\t\t\t\t<img decoding=\"async\" data-attachment-id=\"4363\" data-permalink=\"https:\/\/pauccarmarca.com\/en\/435895408_1185082599565830_5238693573121788440_n\/\" data-orig-file=\"https:\/\/pauccarmarca.com\/wp-content\/uploads\/2024\/04\/435895408_1185082599565830_5238693573121788440_n.jpg\" data-orig-size=\"2048,1152\" data-comments-opened=\"1\" data-image-meta=\"{&quot;aperture&quot;:&quot;0&quot;,&quot;credit&quot;:&quot;&quot;,&quot;camera&quot;:&quot;&quot;,&quot;caption&quot;:&quot;&quot;,&quot;created_timestamp&quot;:&quot;0&quot;,&quot;copyright&quot;:&quot;&quot;,&quot;focal_length&quot;:&quot;0&quot;,&quot;iso&quot;:&quot;0&quot;,&quot;shutter_speed&quot;:&quot;0&quot;,&quot;title&quot;:&quot;&quot;,&quot;orientation&quot;:&quot;0&quot;}\" data-image-title=\"435895408_1185082599565830_5238693573121788440_n\" data-image-description=\"\" data-image-caption=\"\" data-large-file=\"https:\/\/pauccarmarca.com\/wp-content\/uploads\/2024\/04\/435895408_1185082599565830_5238693573121788440_n-1024x576.jpg\" width=\"1024\" height=\"576\" src=\"https:\/\/pauccarmarca.com\/wp-content\/uploads\/2024\/04\/435895408_1185082599565830_5238693573121788440_n-1024x576.jpg\" class=\"attachment-large size-large wp-image-4363\" alt=\"\" srcset=\"https:\/\/pauccarmarca.com\/wp-content\/uploads\/2024\/04\/435895408_1185082599565830_5238693573121788440_n-1024x576.jpg 1024w, https:\/\/pauccarmarca.com\/wp-content\/uploads\/2024\/04\/435895408_1185082599565830_5238693573121788440_n-300x169.jpg 300w, https:\/\/pauccarmarca.com\/wp-content\/uploads\/2024\/04\/435895408_1185082599565830_5238693573121788440_n-768x432.jpg 768w, https:\/\/pauccarmarca.com\/wp-content\/uploads\/2024\/04\/435895408_1185082599565830_5238693573121788440_n-1536x864.jpg 1536w, https:\/\/pauccarmarca.com\/wp-content\/uploads\/2024\/04\/435895408_1185082599565830_5238693573121788440_n-600x338.jpg 600w, https:\/\/pauccarmarca.com\/wp-content\/uploads\/2024\/04\/435895408_1185082599565830_5238693573121788440_n.jpg 2048w\" sizes=\"(max-width: 1024px) 100vw, 1024px\" data-attachment-id=\"4363\" data-permalink=\"https:\/\/pauccarmarca.com\/en\/435895408_1185082599565830_5238693573121788440_n\/\" data-orig-file=\"https:\/\/pauccarmarca.com\/wp-content\/uploads\/2024\/04\/435895408_1185082599565830_5238693573121788440_n.jpg\" data-orig-size=\"2048,1152\" data-comments-opened=\"1\" data-image-meta=\"{&quot;aperture&quot;:&quot;0&quot;,&quot;credit&quot;:&quot;&quot;,&quot;camera&quot;:&quot;&quot;,&quot;caption&quot;:&quot;&quot;,&quot;created_timestamp&quot;:&quot;0&quot;,&quot;copyright&quot;:&quot;&quot;,&quot;focal_length&quot;:&quot;0&quot;,&quot;iso&quot;:&quot;0&quot;,&quot;shutter_speed&quot;:&quot;0&quot;,&quot;title&quot;:&quot;&quot;,&quot;orientation&quot;:&quot;0&quot;}\" data-image-title=\"435895408_1185082599565830_5238693573121788440_n\" data-image-description=\"\" data-image-caption=\"\" data-large-file=\"https:\/\/pauccarmarca.com\/wp-content\/uploads\/2024\/04\/435895408_1185082599565830_5238693573121788440_n-1024x576.jpg\" \/>\t\t\t\t\t\t\t\t\t\t\t\t\t\t\t<\/div>\n\t\t\t\t<\/div>\n\t\t\t\t\t<\/div>\n\t\t<\/div>\n\t\t\t\t<div class=\"elementor-column elementor-col-50 elementor-top-column elementor-element elementor-element-43476c1\" data-id=\"43476c1\" data-element_type=\"column\">\n\t\t\t<div class=\"elementor-widget-wrap elementor-element-populated\">\n\t\t\t\t\t\t<div class=\"elementor-element elementor-element-1ec0b99 elementor-widget elementor-widget-image\" data-id=\"1ec0b99\" data-element_type=\"widget\" data-widget_type=\"image.default\">\n\t\t\t\t<div class=\"elementor-widget-container\">\n\t\t\t\t\t\t\t\t\t\t\t\t\t\t\t<img decoding=\"async\" data-attachment-id=\"4362\" data-permalink=\"https:\/\/pauccarmarca.com\/en\/436252516_1185313272876096_2731945629441484075_n\/\" data-orig-file=\"https:\/\/pauccarmarca.com\/wp-content\/uploads\/2024\/04\/436252516_1185313272876096_2731945629441484075_n-scaled.jpg\" data-orig-size=\"2560,1440\" data-comments-opened=\"1\" data-image-meta=\"{&quot;aperture&quot;:&quot;0&quot;,&quot;credit&quot;:&quot;&quot;,&quot;camera&quot;:&quot;&quot;,&quot;caption&quot;:&quot;&quot;,&quot;created_timestamp&quot;:&quot;0&quot;,&quot;copyright&quot;:&quot;&quot;,&quot;focal_length&quot;:&quot;0&quot;,&quot;iso&quot;:&quot;0&quot;,&quot;shutter_speed&quot;:&quot;0&quot;,&quot;title&quot;:&quot;&quot;,&quot;orientation&quot;:&quot;0&quot;}\" data-image-title=\"436252516_1185313272876096_2731945629441484075_n\" data-image-description=\"\" data-image-caption=\"\" data-large-file=\"https:\/\/pauccarmarca.com\/wp-content\/uploads\/2024\/04\/436252516_1185313272876096_2731945629441484075_n-1024x576.jpg\" width=\"1024\" height=\"576\" src=\"https:\/\/pauccarmarca.com\/wp-content\/uploads\/2024\/04\/436252516_1185313272876096_2731945629441484075_n-1024x576.jpg\" class=\"attachment-large size-large wp-image-4362\" alt=\"\" srcset=\"https:\/\/pauccarmarca.com\/wp-content\/uploads\/2024\/04\/436252516_1185313272876096_2731945629441484075_n-1024x576.jpg 1024w, https:\/\/pauccarmarca.com\/wp-content\/uploads\/2024\/04\/436252516_1185313272876096_2731945629441484075_n-300x169.jpg 300w, https:\/\/pauccarmarca.com\/wp-content\/uploads\/2024\/04\/436252516_1185313272876096_2731945629441484075_n-768x432.jpg 768w, https:\/\/pauccarmarca.com\/wp-content\/uploads\/2024\/04\/436252516_1185313272876096_2731945629441484075_n-1536x864.jpg 1536w, https:\/\/pauccarmarca.com\/wp-content\/uploads\/2024\/04\/436252516_1185313272876096_2731945629441484075_n-2048x1152.jpg 2048w, https:\/\/pauccarmarca.com\/wp-content\/uploads\/2024\/04\/436252516_1185313272876096_2731945629441484075_n-600x338.jpg 600w\" sizes=\"(max-width: 1024px) 100vw, 1024px\" data-attachment-id=\"4362\" data-permalink=\"https:\/\/pauccarmarca.com\/en\/436252516_1185313272876096_2731945629441484075_n\/\" data-orig-file=\"https:\/\/pauccarmarca.com\/wp-content\/uploads\/2024\/04\/436252516_1185313272876096_2731945629441484075_n-scaled.jpg\" data-orig-size=\"2560,1440\" data-comments-opened=\"1\" data-image-meta=\"{&quot;aperture&quot;:&quot;0&quot;,&quot;credit&quot;:&quot;&quot;,&quot;camera&quot;:&quot;&quot;,&quot;caption&quot;:&quot;&quot;,&quot;created_timestamp&quot;:&quot;0&quot;,&quot;copyright&quot;:&quot;&quot;,&quot;focal_length&quot;:&quot;0&quot;,&quot;iso&quot;:&quot;0&quot;,&quot;shutter_speed&quot;:&quot;0&quot;,&quot;title&quot;:&quot;&quot;,&quot;orientation&quot;:&quot;0&quot;}\" data-image-title=\"436252516_1185313272876096_2731945629441484075_n\" data-image-description=\"\" data-image-caption=\"\" data-large-file=\"https:\/\/pauccarmarca.com\/wp-content\/uploads\/2024\/04\/436252516_1185313272876096_2731945629441484075_n-1024x576.jpg\" \/>\t\t\t\t\t\t\t\t\t\t\t\t\t\t\t<\/div>\n\t\t\t\t<\/div>\n\t\t\t\t\t<\/div>\n\t\t<\/div>\n\t\t\t\t\t<\/div>\n\t\t<\/section>\n\t\t\t\t<\/div>\n\t\t","protected":false},"excerpt":{"rendered":"<p>Consulta proximas ferchas Pronto estamos nuevamente en Argentina En Abril de 2024 estuvimos en C\u00f3rdoba y MendozaEn esa visita reson\u00f3 la zona de Arroyo Seco, Santa Fe, Rosario, Tigre, Buenos Aires y Mar del Plata. Gracias a todos los que se animaron a trascender sus limites y compartir junto a nosotros en nuestra visita al &#8230; <a title=\"En Argentina\" class=\"read-more\" href=\"https:\/\/pauccarmarca.com\/en\/en-argentina\/\" aria-label=\"More on En Argentina\">Read more<\/a><\/p>\n","protected":false},"author":3,"featured_media":0,"parent":0,"menu_order":0,"comment_status":"closed","ping_status":"closed","template":"","meta":{"footnotes":""},"class_list":["post-4060","page","type-page","status-publish"],"yoast_head":"<!-- This site is optimized with the Yoast SEO plugin v27.3 - https:\/\/yoast.com\/product\/yoast-seo-wordpress\/ -->\n<title>Pauccarmarca En Argentina<\/title>\n<meta name=\"description\" content=\"Los apus de Argentina convocan a mover la energ\u00eda del territorio. Pauccarmarca se dirige para recordar el origen y los guardianes del lugar. Acomp\u00e1\u00f1anos en este recorrido.\" \/>\n<meta name=\"robots\" content=\"index, follow, max-snippet:-1, max-image-preview:large, max-video-preview:-1\" \/>\n<link rel=\"canonical\" href=\"https:\/\/pauccarmarca.com\/en\/en-argentina\/\" \/>\n<meta property=\"og:locale\" content=\"en_US\" \/>\n<meta property=\"og:type\" content=\"article\" \/>\n<meta property=\"og:title\" content=\"Pauccarmarca En Argentina\" \/>\n<meta property=\"og:description\" content=\"Los apus de Argentina convocan a mover la energ\u00eda del territorio. Pauccarmarca se dirige para recordar el origen y los guardianes del lugar. Acomp\u00e1\u00f1anos en este recorrido.\" \/>\n<meta property=\"og:url\" content=\"https:\/\/pauccarmarca.com\/en\/en-argentina\/\" \/>\n<meta property=\"og:site_name\" content=\"Pauccarmarca\" \/>\n<meta property=\"article:modified_time\" content=\"2025-04-16T23:08:04+00:00\" \/>\n<meta property=\"og:image\" content=\"https:\/\/pauccarmarca.com\/wp-content\/uploads\/2024\/04\/guillermo-en-aconcagua.jpg\" \/>\n<meta name=\"twitter:card\" content=\"summary_large_image\" \/>\n<meta name=\"twitter:label1\" content=\"Est. reading time\" \/>\n\t<meta name=\"twitter:data1\" content=\"1 minute\" \/>\n<script type=\"application\/ld+json\" class=\"yoast-schema-graph\">{\"@context\":\"https:\\\/\\\/schema.org\",\"@graph\":[{\"@type\":\"WebPage\",\"@id\":\"https:\\\/\\\/pauccarmarca.com\\\/en\\\/en-argentina\\\/\",\"url\":\"https:\\\/\\\/pauccarmarca.com\\\/en\\\/en-argentina\\\/\",\"name\":\"Pauccarmarca En Argentina\",\"isPartOf\":{\"@id\":\"https:\\\/\\\/pauccarmarca.com\\\/en\\\/#website\"},\"primaryImageOfPage\":{\"@id\":\"https:\\\/\\\/pauccarmarca.com\\\/en\\\/en-argentina\\\/#primaryimage\"},\"image\":{\"@id\":\"https:\\\/\\\/pauccarmarca.com\\\/en-argentina\\\/#primaryimage\"},\"thumbnailUrl\":\"https:\\\/\\\/pauccarmarca.com\\\/wp-content\\\/uploads\\\/2024\\\/04\\\/guillermo-en-aconcagua.jpg\",\"datePublished\":\"2022-05-06T19:19:56+00:00\",\"dateModified\":\"2025-04-16T23:08:04+00:00\",\"description\":\"Los apus de Argentina convocan a mover la energ\u00eda del territorio. Pauccarmarca se dirige para recordar el origen y los guardianes del lugar. Acomp\u00e1\u00f1anos en este recorrido.\",\"breadcrumb\":{\"@id\":\"https:\\\/\\\/pauccarmarca.com\\\/en\\\/en-argentina\\\/#breadcrumb\"},\"inLanguage\":\"en-US\",\"potentialAction\":[{\"@type\":\"ReadAction\",\"target\":[[\"https:\\\/\\\/pauccarmarca.com\\\/en\\\/en-argentina\\\/\"]]}]},{\"@type\":\"ImageObject\",\"inLanguage\":\"en-US\",\"@id\":\"https:\\\/\\\/pauccarmarca.com\\\/en\\\/en-argentina\\\/#primaryimage\",\"url\":\"https:\\\/\\\/pauccarmarca.com\\\/wp-content\\\/uploads\\\/2024\\\/04\\\/guillermo-en-aconcagua.jpg\",\"contentUrl\":\"https:\\\/\\\/pauccarmarca.com\\\/wp-content\\\/uploads\\\/2024\\\/04\\\/guillermo-en-aconcagua.jpg\"},{\"@type\":\"BreadcrumbList\",\"@id\":\"https:\\\/\\\/pauccarmarca.com\\\/en\\\/en-argentina\\\/#breadcrumb\",\"itemListElement\":[{\"@type\":\"ListItem\",\"position\":1,\"name\":\"Portada\",\"item\":\"https:\\\/\\\/pauccarmarca.com\\\/en\\\/\"},{\"@type\":\"ListItem\",\"position\":2,\"name\":\"En Argentina\"}]},{\"@type\":\"WebSite\",\"@id\":\"https:\\\/\\\/pauccarmarca.com\\\/en\\\/#website\",\"url\":\"https:\\\/\\\/pauccarmarca.com\\\/en\\\/\",\"name\":\"Pauccarmarca\",\"description\":\"Viajes inici\u00e1ticos y espacios de sanaci\u00f3n\",\"publisher\":{\"@id\":\"https:\\\/\\\/pauccarmarca.com\\\/en\\\/#organization\"},\"potentialAction\":[{\"@type\":\"SearchAction\",\"target\":{\"@type\":\"EntryPoint\",\"urlTemplate\":\"https:\\\/\\\/pauccarmarca.com\\\/en\\\/?s={search_term_string}\"},\"query-input\":{\"@type\":\"PropertyValueSpecification\",\"valueRequired\":true,\"valueName\":\"search_term_string\"}}],\"inLanguage\":\"en-US\"},{\"@type\":\"Organization\",\"@id\":\"https:\\\/\\\/pauccarmarca.com\\\/en\\\/#organization\",\"name\":\"Pauccarmarca\",\"url\":\"https:\\\/\\\/pauccarmarca.com\\\/en\\\/\",\"logo\":{\"@type\":\"ImageObject\",\"inLanguage\":\"en-US\",\"@id\":\"https:\\\/\\\/pauccarmarca.com\\\/en\\\/#\\\/schema\\\/logo\\\/image\\\/\",\"url\":\"https:\\\/\\\/i1.wp.com\\\/pauccarmarca.com\\\/wp-content\\\/uploads\\\/2019\\\/02\\\/cropped-pauccarmarcaWEB3.png?fit=349%2C112&ssl=1\",\"contentUrl\":\"https:\\\/\\\/i1.wp.com\\\/pauccarmarca.com\\\/wp-content\\\/uploads\\\/2019\\\/02\\\/cropped-pauccarmarcaWEB3.png?fit=349%2C112&ssl=1\",\"width\":349,\"height\":112,\"caption\":\"Pauccarmarca\"},\"image\":{\"@id\":\"https:\\\/\\\/pauccarmarca.com\\\/en\\\/#\\\/schema\\\/logo\\\/image\\\/\"}}]}<\/script>\n<!-- \/ Yoast SEO plugin. -->","yoast_head_json":{"title":"Pauccarmarca En Argentina","description":"Los apus de Argentina convocan a mover la energ\u00eda del territorio. Pauccarmarca se dirige para recordar el origen y los guardianes del lugar. Acomp\u00e1\u00f1anos en este recorrido.","robots":{"index":"index","follow":"follow","max-snippet":"max-snippet:-1","max-image-preview":"max-image-preview:large","max-video-preview":"max-video-preview:-1"},"canonical":"https:\/\/pauccarmarca.com\/en\/en-argentina\/","og_locale":"en_US","og_type":"article","og_title":"Pauccarmarca En Argentina","og_description":"Los apus de Argentina convocan a mover la energ\u00eda del territorio. Pauccarmarca se dirige para recordar el origen y los guardianes del lugar. Acomp\u00e1\u00f1anos en este recorrido.","og_url":"https:\/\/pauccarmarca.com\/en\/en-argentina\/","og_site_name":"Pauccarmarca","article_modified_time":"2025-04-16T23:08:04+00:00","og_image":[{"url":"https:\/\/pauccarmarca.com\/wp-content\/uploads\/2024\/04\/guillermo-en-aconcagua.jpg","type":"","width":"","height":""}],"twitter_card":"summary_large_image","twitter_misc":{"Est. reading time":"1 minute"},"schema":{"@context":"https:\/\/schema.org","@graph":[{"@type":"WebPage","@id":"https:\/\/pauccarmarca.com\/en\/en-argentina\/","url":"https:\/\/pauccarmarca.com\/en\/en-argentina\/","name":"Pauccarmarca En Argentina","isPartOf":{"@id":"https:\/\/pauccarmarca.com\/en\/#website"},"primaryImageOfPage":{"@id":"https:\/\/pauccarmarca.com\/en\/en-argentina\/#primaryimage"},"image":{"@id":"https:\/\/pauccarmarca.com\/en-argentina\/#primaryimage"},"thumbnailUrl":"https:\/\/pauccarmarca.com\/wp-content\/uploads\/2024\/04\/guillermo-en-aconcagua.jpg","datePublished":"2022-05-06T19:19:56+00:00","dateModified":"2025-04-16T23:08:04+00:00","description":"Los apus de Argentina convocan a mover la energ\u00eda del territorio. Pauccarmarca se dirige para recordar el origen y los guardianes del lugar. Acomp\u00e1\u00f1anos en este recorrido.","breadcrumb":{"@id":"https:\/\/pauccarmarca.com\/en\/en-argentina\/#breadcrumb"},"inLanguage":"en-US","potentialAction":[{"@type":"ReadAction","target":[["https:\/\/pauccarmarca.com\/en\/en-argentina\/"]]}]},{"@type":"ImageObject","inLanguage":"en-US","@id":"https:\/\/pauccarmarca.com\/en\/en-argentina\/#primaryimage","url":"https:\/\/pauccarmarca.com\/wp-content\/uploads\/2024\/04\/guillermo-en-aconcagua.jpg","contentUrl":"https:\/\/pauccarmarca.com\/wp-content\/uploads\/2024\/04\/guillermo-en-aconcagua.jpg"},{"@type":"BreadcrumbList","@id":"https:\/\/pauccarmarca.com\/en\/en-argentina\/#breadcrumb","itemListElement":[{"@type":"ListItem","position":1,"name":"Portada","item":"https:\/\/pauccarmarca.com\/en\/"},{"@type":"ListItem","position":2,"name":"En Argentina"}]},{"@type":"WebSite","@id":"https:\/\/pauccarmarca.com\/en\/#website","url":"https:\/\/pauccarmarca.com\/en\/","name":"Pauccarmarca","description":"Viajes inici\u00e1ticos y espacios de sanaci\u00f3n","publisher":{"@id":"https:\/\/pauccarmarca.com\/en\/#organization"},"potentialAction":[{"@type":"SearchAction","target":{"@type":"EntryPoint","urlTemplate":"https:\/\/pauccarmarca.com\/en\/?s={search_term_string}"},"query-input":{"@type":"PropertyValueSpecification","valueRequired":true,"valueName":"search_term_string"}}],"inLanguage":"en-US"},{"@type":"Organization","@id":"https:\/\/pauccarmarca.com\/en\/#organization","name":"Pauccarmarca","url":"https:\/\/pauccarmarca.com\/en\/","logo":{"@type":"ImageObject","inLanguage":"en-US","@id":"https:\/\/pauccarmarca.com\/en\/#\/schema\/logo\/image\/","url":"https:\/\/i1.wp.com\/pauccarmarca.com\/wp-content\/uploads\/2019\/02\/cropped-pauccarmarcaWEB3.png?fit=349%2C112&ssl=1","contentUrl":"https:\/\/i1.wp.com\/pauccarmarca.com\/wp-content\/uploads\/2019\/02\/cropped-pauccarmarcaWEB3.png?fit=349%2C112&ssl=1","width":349,"height":112,"caption":"Pauccarmarca"},"image":{"@id":"https:\/\/pauccarmarca.com\/en\/#\/schema\/logo\/image\/"}}]}},"jetpack_sharing_enabled":true,"_links":{"self":[{"href":"https:\/\/pauccarmarca.com\/en\/wp-json\/wp\/v2\/pages\/4060","targetHints":{"allow":["GET"]}}],"collection":[{"href":"https:\/\/pauccarmarca.com\/en\/wp-json\/wp\/v2\/pages"}],"about":[{"href":"https:\/\/pauccarmarca.com\/en\/wp-json\/wp\/v2\/types\/page"}],"author":[{"embeddable":true,"href":"https:\/\/pauccarmarca.com\/en\/wp-json\/wp\/v2\/users\/3"}],"replies":[{"embeddable":true,"href":"https:\/\/pauccarmarca.com\/en\/wp-json\/wp\/v2\/comments?post=4060"}],"version-history":[{"count":4,"href":"https:\/\/pauccarmarca.com\/en\/wp-json\/wp\/v2\/pages\/4060\/revisions"}],"predecessor-version":[{"id":5330,"href":"https:\/\/pauccarmarca.com\/en\/wp-json\/wp\/v2\/pages\/4060\/revisions\/5330"}],"wp:attachment":[{"href":"https:\/\/pauccarmarca.com\/en\/wp-json\/wp\/v2\/media?parent=4060"}],"curies":[{"name":"wp","href":"https:\/\/api.w.org\/{rel}","templated":true}]}}