{"id":2888,"date":"2021-05-21T17:35:58","date_gmt":"2021-05-21T22:35:58","guid":{"rendered":"https:\/\/pauccarmarca.com\/?page_id=2888"},"modified":"2021-10-19T19:49:26","modified_gmt":"2021-10-20T00:49:26","slug":"despacho-andino","status":"publish","type":"page","link":"https:\/\/pauccarmarca.com\/en\/despacho-andino\/","title":{"rendered":"Despacho andino: Ofrendas a la pachamama"},"content":{"rendered":"<div class=\"wp-block-cover alignwide has-background-dim-60 has-very-dark-gray-background-color has-background-dim\" style=\"min-height:232px;aspect-ratio:unset;\"><img loading=\"lazy\" decoding=\"async\" width=\"1944\" height=\"1296\" data-attachment-id=\"2184\" data-permalink=\"https:\/\/pauccarmarca.com\/en\/sanaciones\/despacho-andino\/attachment\/despacho-intensionando\/#main\" data-orig-file=\"https:\/\/pauccarmarca.com\/wp-content\/uploads\/2020\/07\/despacho-intensionando.jpg\" data-orig-size=\"1944,1296\" data-comments-opened=\"1\" data-image-meta=\"{&quot;aperture&quot;:&quot;0&quot;,&quot;credit&quot;:&quot;&quot;,&quot;camera&quot;:&quot;&quot;,&quot;caption&quot;:&quot;&quot;,&quot;created_timestamp&quot;:&quot;0&quot;,&quot;copyright&quot;:&quot;&quot;,&quot;focal_length&quot;:&quot;0&quot;,&quot;iso&quot;:&quot;0&quot;,&quot;shutter_speed&quot;:&quot;0&quot;,&quot;title&quot;:&quot;&quot;,&quot;orientation&quot;:&quot;0&quot;}\" data-image-title=\"despacho andino  &amp;#8211; Guillermo Pauccar intencionando con campanilla\" data-image-description=\"\" data-image-caption=\"\" data-large-file=\"https:\/\/pauccarmarca.com\/wp-content\/uploads\/2020\/07\/despacho-intensionando-1024x683.jpg\" class=\"wp-block-cover__image-background wp-image-2184\" alt=\"\" src=\"https:\/\/pauccarmarca.com\/wp-content\/uploads\/2020\/07\/despacho-intensionando.jpg\" style=\"object-position:48% 75%\" data-object-fit=\"cover\" data-object-position=\"48% 75%\" srcset=\"https:\/\/pauccarmarca.com\/wp-content\/uploads\/2020\/07\/despacho-intensionando.jpg 1944w, https:\/\/pauccarmarca.com\/wp-content\/uploads\/2020\/07\/despacho-intensionando-300x200.jpg 300w, https:\/\/pauccarmarca.com\/wp-content\/uploads\/2020\/07\/despacho-intensionando-600x400.jpg 600w, https:\/\/pauccarmarca.com\/wp-content\/uploads\/2020\/07\/despacho-intensionando-1024x683.jpg 1024w, https:\/\/pauccarmarca.com\/wp-content\/uploads\/2020\/07\/despacho-intensionando-768x512.jpg 768w, https:\/\/pauccarmarca.com\/wp-content\/uploads\/2020\/07\/despacho-intensionando-1536x1024.jpg 1536w\" sizes=\"(max-width: 1944px) 100vw, 1944px\" \/><div class=\"wp-block-cover__inner-container is-layout-flow wp-block-cover-is-layout-flow\">\n<h2 class=\"has-text-align-center wp-block-heading\" id=\"h-la-ofrenda-de-los-andes-abundancia-prosperidad-armon-a-en-cada-aspecto-de-tu-vida\">La ofrenda de los andes. Abundancia, prosperidad, armon\u00eda en cada aspecto de tu vida<\/h2>\n<\/div><\/div>\n\n\n\n<div style=\"height:50px\" aria-hidden=\"true\" class=\"wp-block-spacer\"><\/div>\n\n\n\n<h2 class=\"wp-block-heading\" id=\"h-qu-es-un-despacho-andino\">\u00bfQu\u00e9 es un despacho andino?<\/h2>\n\n\n\n<p>La ofrenda a la pachamama son tambi\u00e9n conocida como <strong>despacho andino<\/strong>. En estas ceremonios es donde se agradece y se reconoce a la pachamama y a los apus. Es decir, a nuestra tierra y a nuestras entidades divinas. En estas ofrendas se ordenan las energ\u00edas que est\u00e1n presentes en tu vida y se construye lo nuevo en cuanto <strong>salud, prosperidad, armonizaci\u00f3n, familia, amor, negocios, proyectos, viajes<\/strong>. <\/p>\n\n\n\n<p>Las energ\u00edas densas, las que nos frenan y nos estancan son representadas simb\u00f3licamente  y se ubican en gratitud en el lugar que les corresponden, el uku pacha. <\/p>\n\n\n\n<p>Luego, comienza la construcci\u00f3n de la segunda etapa del despacho andino. Sobre las energ\u00edas densas, que sirven como base, se construyen nuevas l\u00edneas de tiempo en el mundo de las ideas, hanan pacha. Aqu\u00ed se contemplan todos nuestros deseos. La madre tierra y las energ\u00edas divinas son reconocidas al ofrecerles aquellos productos afines a su naturaleza. Esta es la parte dual del despacho andino, tambi\u00e9n conocida como kay pacha. Cada elemento incluido es un mensaje simb\u00f3lico a enviar a estas entidades y al subconsciente. <\/p>\n\n\n\n<p>Una vez terminada la construcci\u00f3n del despacho andino se lo entrega al fuego para que transmute la energ\u00eda densa no comprendida a la vez que el mensaje y las intenciones se subliman y ordenan el universo.<\/p>\n\n\n\n<h2 class=\"wp-block-heading\" id=\"h-tipos-de-despachos-andinos\">Tipos de despachos andinos<\/h2>\n\n\n\n<p>Existen muchos tipos de ofrendas.  Se pueden clasificar por el objetivo a cumplir, por el armado en cantidad de quintos y el lugar donde se efect\u00faa la ceremonia. Cada uno de estos despachos andinos han sido dise\u00f1ados de manera emp\u00edrica por el linaje Pauccar. Tambi\u00e9n son certificados bajo la tutela de los apus quienes ofrecen su conocimiento en profundo ayni en ceremonias de altomissayuq.<\/p>\n\n\n\n<h3 class=\"wp-block-heading\" id=\"h-clasificaci-n-de-los-despachos-de-los-andes-por-cantidad-de-quintus\">Clasificaci\u00f3n de los despachos de los andes por cantidad de quintus<\/h3>\n\n\n\n<p>En el mundo de las ofrendas de los andes los n\u00fameros y su distribuci\u00f3n son parte del mensaje que define a cada despacho andino. Estos n\u00fameros son contemplados en forma dual, uno para las energ\u00eda femenina o izquierda y otro para la energ\u00eda masculina o derecha. Asi nacen los despachos de:<\/p>\n\n\n\n<ul class=\"wp-block-list\"><li>6 trios 7 pares: El despacho m\u00e1s b\u00e1sico donde solo se contempla la integraci\u00f3n de cuerpo energ\u00e9tico logrando con esto dirigirse al objetivo deseado sin tener la energ\u00eda dividida.<\/li><li>8 trios y 9 pares: Esta ofrenda se orienta a desarrollar el camino del sacerdote, se conecta con la parte sutil de las ideas y facilita el entendimiento profundo del camino recorrido y a recorrer. En consecuencia tambi\u00e9n hay un crecimiento en en la  econom\u00eda interna y externa.<\/li><li>12 trios y 13 pares: Es el reconocimiento completo de la existencia por lo que se abren los caminos a la estabilidad de todos los cuerpos, espiritual, mental, f\u00edsico y emocional.<\/li><li>24 tr\u00edos y 23 pares: se utiliza para la expansi\u00f3n a nuevos niveles de conciencia como para para altomissayuq, expande todos los cuerpos en su totalidad por lo que se requiere de un gran trabajo previo para poder desarrollar lo que se experimenta y comprenderlo.<\/li><\/ul>\n\n\n\n<h3 class=\"wp-block-heading\" id=\"h-ofrendas-seg-n-su-objetivo\">Ofrendas seg\u00fan su objetivo<\/h3>\n\n\n\n<p>Esta es la manera m\u00e1s conocida para diferenciar los despachos andinos seg\u00fan el objetivo a lograr. Los temas mas conocidos son:<\/p>\n\n\n\n<ul class=\"wp-block-list\"><li>Despacho para incrementar tu <strong>Dinero<\/strong>, <\/li><li>Despacho para mejorar tu <strong>Salud<\/strong>, <\/li><li>Despacho para mejorar las condiciones de tu <strong>Trabajo<\/strong>, <\/li><li>Despacho para brillar en el <strong>Amor<\/strong>, <\/li><li>Despacho para incrementar tus <strong>Viajes<\/strong>, <\/li><li>Despacho para potenciar tu <strong>Negocios<\/strong>, <\/li><li>Despacho para <strong>armonizar tu parejas<\/strong>, <\/li><li>entre otros.<\/li><\/ul>\n\n\n\n<h3 class=\"wp-block-heading\" id=\"h-despacho-orcopunta\">Despacho ORCOPUNTA<\/h3>\n\n\n\n<p>Con este tipo de despacho andino se obtiene los mejores resultados y en corto tiempo. El despacho orcopunta es un encargo donde la persona que lo solicita describe con sumo detalle todo lo que desea transformar y los caminos que desea abrir para su empresa, proyecto, familia, etc y esta ofrenda es llevada por un altomissayuq a lo alto de una monta\u00f1a sagrada.<\/p>\n\n\n\n<h2 class=\"wp-block-heading\" id=\"h-modalidad-de-la-ceremonia\">Modalidad de la ceremonia<\/h2>\n\n\n\n<p>Esta ceremonia es posible llevarla a cabo por encargo, en persona o por videollamada. El altomissayuq <strong>Guillermo Pauccar Calcina<\/strong> te guiar\u00e1 a trav\u00e9s de los diferentes pasos del despacho en un claro espa\u00f1ol, si deseas hacer preguntas para aclarar tu mente puedes pedir una <a href=\"https:\/\/pauccarmarca.com\/lectura-de-hojas-de-coca\/\">lectura de hojas de coca<\/a> previamente.<\/p>\n\n\n\n<div style=\"height:50px\" aria-hidden=\"true\" class=\"wp-block-spacer\"><\/div>\n\n\n\n<div class=\"wp-block-buttons is-content-justification-center is-layout-flex wp-block-buttons-is-layout-flex\">\n<div class=\"wp-block-button is-style-fill\"><a class=\"wp-block-button__link has-background\" href=\"https:\/\/www.paypal.com\/cgi-bin\/webscr?cmd=_s-xclick&amp;hosted_button_id=HEUQMA8KR2VJS\" style=\"border-radius:48px;background:linear-gradient(177deg,rgb(2,3,129) 0%,rgb(40,116,252) 100%)\" target=\"_blank\" rel=\"noreferrer noopener nofollow\">Reserva por PayPal<\/a><\/div>\n\n\n\n<div class=\"wp-block-button is-style-fill\"><a class=\"wp-block-button__link has-very-light-gray-color has-vivid-green-cyan-background-color has-text-color has-background\" href=\"https:\/\/api.whatsapp.com\/send?phone=543541650897&amp;text=Hola%20Quiero%20hacer%20una%20consulta%20sobre%20Pauccarmarca\" target=\"_blank\" rel=\"nofollow noopener noreferrer\">consulta WhatsApp<\/a><\/div>\n<\/div>\n\n\n\n<div style=\"height:50px\" aria-hidden=\"true\" class=\"wp-block-spacer\"><\/div>\n\n\n\n<figure class=\"wp-block-image alignwide size-large\"><img loading=\"lazy\" decoding=\"async\" width=\"1024\" height=\"683\" data-attachment-id=\"2184\" data-permalink=\"https:\/\/pauccarmarca.com\/en\/sanaciones\/despacho-andino\/attachment\/despacho-intensionando\/#main\" data-orig-file=\"https:\/\/pauccarmarca.com\/wp-content\/uploads\/2020\/07\/despacho-intensionando.jpg\" data-orig-size=\"1944,1296\" data-comments-opened=\"1\" data-image-meta=\"{&quot;aperture&quot;:&quot;0&quot;,&quot;credit&quot;:&quot;&quot;,&quot;camera&quot;:&quot;&quot;,&quot;caption&quot;:&quot;&quot;,&quot;created_timestamp&quot;:&quot;0&quot;,&quot;copyright&quot;:&quot;&quot;,&quot;focal_length&quot;:&quot;0&quot;,&quot;iso&quot;:&quot;0&quot;,&quot;shutter_speed&quot;:&quot;0&quot;,&quot;title&quot;:&quot;&quot;,&quot;orientation&quot;:&quot;0&quot;}\" data-image-title=\"despacho andino  &amp;#8211; Guillermo Pauccar intencionando con campanilla\" data-image-description=\"\" data-image-caption=\"\" data-large-file=\"https:\/\/pauccarmarca.com\/wp-content\/uploads\/2020\/07\/despacho-intensionando-1024x683.jpg\" src=\"https:\/\/pauccarmarca.com\/wp-content\/uploads\/2020\/07\/despacho-intensionando-1024x683.jpg\" alt=\"Intencionando con campanilla el despacho andino\" class=\"wp-image-2184\" srcset=\"https:\/\/pauccarmarca.com\/wp-content\/uploads\/2020\/07\/despacho-intensionando-1024x683.jpg 1024w, https:\/\/pauccarmarca.com\/wp-content\/uploads\/2020\/07\/despacho-intensionando-300x200.jpg 300w, https:\/\/pauccarmarca.com\/wp-content\/uploads\/2020\/07\/despacho-intensionando-600x400.jpg 600w, https:\/\/pauccarmarca.com\/wp-content\/uploads\/2020\/07\/despacho-intensionando-768x512.jpg 768w, https:\/\/pauccarmarca.com\/wp-content\/uploads\/2020\/07\/despacho-intensionando-1536x1024.jpg 1536w, https:\/\/pauccarmarca.com\/wp-content\/uploads\/2020\/07\/despacho-intensionando.jpg 1944w\" sizes=\"(max-width: 1024px) 100vw, 1024px\" \/><\/figure>\n\n\n\n<h2 class=\"wp-block-heading\">Pauccarmarca Sanaciones <\/h2>\n\n\n<ul class=\"wp-block-latest-posts__list is-grid columns-3 wp-block-latest-posts\"><li><a class=\"wp-block-latest-posts__post-title\" href=\"https:\/\/pauccarmarca.com\/en\/sanaciones\/rompimiento-de-patrones\/\">Rompimiento de patrones<\/a><\/li>\n<li><a class=\"wp-block-latest-posts__post-title\" href=\"https:\/\/pauccarmarca.com\/en\/sanaciones\/despacho-andino\/\">Sana con un despacho andino<\/a><\/li>\n<li><a class=\"wp-block-latest-posts__post-title\" href=\"https:\/\/pauccarmarca.com\/en\/sanaciones\/lectura-de-hojas-de-coca\/\">Lectura de Hojas de Coca<\/a><\/li>\n<\/ul>","protected":false},"excerpt":{"rendered":"<p>\u00bfQu\u00e9 es un despacho andino? La ofrenda a la pachamama son tambi\u00e9n conocida como despacho andino. En estas ceremonios es donde se agradece y se reconoce a la pachamama y a los apus. Es decir, a nuestra tierra y a nuestras entidades divinas. En estas ofrendas se ordenan las energ\u00edas que est\u00e1n presentes en tu &#8230; <a title=\"Despacho andino: Ofrendas a la pachamama\" class=\"read-more\" href=\"https:\/\/pauccarmarca.com\/en\/despacho-andino\/\" aria-label=\"More on Despacho andino: Ofrendas a la pachamama\">Read more<\/a><\/p>\n","protected":false},"author":3,"featured_media":0,"parent":0,"menu_order":0,"comment_status":"closed","ping_status":"closed","template":"","meta":{"footnotes":""},"class_list":["post-2888","page","type-page","status-publish"],"yoast_head":"<!-- This site is optimized with the Yoast SEO plugin v27.5 - https:\/\/yoast.com\/product\/yoast-seo-wordpress\/ -->\n<title>Despacho andino: Ofrendas a la pachamama - Pauccarmarca<\/title>\n<meta name=\"description\" content=\"El despacho andino. Para mejorar \u2705 tu salud, prosperidad, armon\u00eda, familia, amor, negocios, proyectos, viajes.\" \/>\n<meta name=\"robots\" content=\"index, follow, max-snippet:-1, max-image-preview:large, max-video-preview:-1\" \/>\n<link rel=\"canonical\" href=\"https:\/\/pauccarmarca.com\/en\/despacho-andino\/\" \/>\n<meta property=\"og:locale\" content=\"en_US\" \/>\n<meta property=\"og:type\" content=\"article\" \/>\n<meta property=\"og:title\" content=\"Despacho andino: Ofrendas a la pachamama - Pauccarmarca\" \/>\n<meta property=\"og:description\" content=\"El despacho andino. Para mejorar \u2705 tu salud, prosperidad, armon\u00eda, familia, amor, negocios, proyectos, viajes.\" \/>\n<meta property=\"og:url\" content=\"https:\/\/pauccarmarca.com\/en\/despacho-andino\/\" \/>\n<meta property=\"og:site_name\" content=\"Pauccarmarca\" \/>\n<meta property=\"article:modified_time\" content=\"2021-10-20T00:49:26+00:00\" \/>\n<meta property=\"og:image\" content=\"https:\/\/pauccarmarca.com\/wp-content\/uploads\/2020\/07\/101295771_886735041799836_449800062210408448_o1-1024x768.jpg\" \/>\n<meta name=\"twitter:card\" content=\"summary_large_image\" \/>\n<meta name=\"twitter:label1\" content=\"Est. reading time\" \/>\n\t<meta name=\"twitter:data1\" content=\"4 minutes\" \/>\n<script type=\"application\/ld+json\" class=\"yoast-schema-graph\">{\"@context\":\"https:\\\/\\\/schema.org\",\"@graph\":[{\"@type\":\"WebPage\",\"@id\":\"https:\\\/\\\/pauccarmarca.com\\\/en\\\/despacho-andino\\\/\",\"url\":\"https:\\\/\\\/pauccarmarca.com\\\/en\\\/despacho-andino\\\/\",\"name\":\"Despacho andino: Ofrendas a la pachamama - Pauccarmarca\",\"isPartOf\":{\"@id\":\"https:\\\/\\\/pauccarmarca.com\\\/en\\\/#website\"},\"primaryImageOfPage\":{\"@id\":\"https:\\\/\\\/pauccarmarca.com\\\/en\\\/despacho-andino\\\/#primaryimage\"},\"image\":{\"@id\":\"https:\\\/\\\/pauccarmarca.com\\\/despacho-andino\\\/#primaryimage\"},\"thumbnailUrl\":\"https:\\\/\\\/pauccarmarca.com\\\/wp-content\\\/uploads\\\/2020\\\/07\\\/101295771_886735041799836_449800062210408448_o1-1024x768.jpg\",\"datePublished\":\"2021-05-21T22:35:58+00:00\",\"dateModified\":\"2021-10-20T00:49:26+00:00\",\"description\":\"El despacho andino. Para mejorar \u2705 tu salud, prosperidad, armon\u00eda, familia, amor, negocios, proyectos, viajes.\",\"breadcrumb\":{\"@id\":\"https:\\\/\\\/pauccarmarca.com\\\/en\\\/despacho-andino\\\/#breadcrumb\"},\"inLanguage\":\"en-US\",\"potentialAction\":[{\"@type\":\"ReadAction\",\"target\":[[\"https:\\\/\\\/pauccarmarca.com\\\/en\\\/despacho-andino\\\/\"]]}]},{\"@type\":\"ImageObject\",\"inLanguage\":\"en-US\",\"@id\":\"https:\\\/\\\/pauccarmarca.com\\\/en\\\/despacho-andino\\\/#primaryimage\",\"url\":\"https:\\\/\\\/pauccarmarca.com\\\/wp-content\\\/uploads\\\/2020\\\/07\\\/101295771_886735041799836_449800062210408448_o1-1024x768.jpg\",\"contentUrl\":\"https:\\\/\\\/pauccarmarca.com\\\/wp-content\\\/uploads\\\/2020\\\/07\\\/101295771_886735041799836_449800062210408448_o1-1024x768.jpg\"},{\"@type\":\"BreadcrumbList\",\"@id\":\"https:\\\/\\\/pauccarmarca.com\\\/en\\\/despacho-andino\\\/#breadcrumb\",\"itemListElement\":[{\"@type\":\"ListItem\",\"position\":1,\"name\":\"Portada\",\"item\":\"https:\\\/\\\/pauccarmarca.com\\\/en\\\/\"},{\"@type\":\"ListItem\",\"position\":2,\"name\":\"Despacho andino: Haiwarikui, alcance a la pachamama\"}]},{\"@type\":\"WebSite\",\"@id\":\"https:\\\/\\\/pauccarmarca.com\\\/en\\\/#website\",\"url\":\"https:\\\/\\\/pauccarmarca.com\\\/en\\\/\",\"name\":\"Pauccarmarca\",\"description\":\"Viajes inici\u00e1ticos y espacios de sanaci\u00f3n\",\"publisher\":{\"@id\":\"https:\\\/\\\/pauccarmarca.com\\\/en\\\/#organization\"},\"potentialAction\":[{\"@type\":\"SearchAction\",\"target\":{\"@type\":\"EntryPoint\",\"urlTemplate\":\"https:\\\/\\\/pauccarmarca.com\\\/en\\\/?s={search_term_string}\"},\"query-input\":{\"@type\":\"PropertyValueSpecification\",\"valueRequired\":true,\"valueName\":\"search_term_string\"}}],\"inLanguage\":\"en-US\"},{\"@type\":\"Organization\",\"@id\":\"https:\\\/\\\/pauccarmarca.com\\\/en\\\/#organization\",\"name\":\"Pauccarmarca\",\"url\":\"https:\\\/\\\/pauccarmarca.com\\\/en\\\/\",\"logo\":{\"@type\":\"ImageObject\",\"inLanguage\":\"en-US\",\"@id\":\"https:\\\/\\\/pauccarmarca.com\\\/en\\\/#\\\/schema\\\/logo\\\/image\\\/\",\"url\":\"https:\\\/\\\/i1.wp.com\\\/pauccarmarca.com\\\/wp-content\\\/uploads\\\/2019\\\/02\\\/cropped-pauccarmarcaWEB3.png?fit=349%2C112&ssl=1\",\"contentUrl\":\"https:\\\/\\\/i1.wp.com\\\/pauccarmarca.com\\\/wp-content\\\/uploads\\\/2019\\\/02\\\/cropped-pauccarmarcaWEB3.png?fit=349%2C112&ssl=1\",\"width\":349,\"height\":112,\"caption\":\"Pauccarmarca\"},\"image\":{\"@id\":\"https:\\\/\\\/pauccarmarca.com\\\/en\\\/#\\\/schema\\\/logo\\\/image\\\/\"}}]}<\/script>\n<!-- \/ Yoast SEO plugin. -->","yoast_head_json":{"title":"Despacho andino: Ofrendas a la pachamama - Pauccarmarca","description":"El despacho andino. Para mejorar \u2705 tu salud, prosperidad, armon\u00eda, familia, amor, negocios, proyectos, viajes.","robots":{"index":"index","follow":"follow","max-snippet":"max-snippet:-1","max-image-preview":"max-image-preview:large","max-video-preview":"max-video-preview:-1"},"canonical":"https:\/\/pauccarmarca.com\/en\/despacho-andino\/","og_locale":"en_US","og_type":"article","og_title":"Despacho andino: Ofrendas a la pachamama - Pauccarmarca","og_description":"El despacho andino. Para mejorar \u2705 tu salud, prosperidad, armon\u00eda, familia, amor, negocios, proyectos, viajes.","og_url":"https:\/\/pauccarmarca.com\/en\/despacho-andino\/","og_site_name":"Pauccarmarca","article_modified_time":"2021-10-20T00:49:26+00:00","og_image":[{"url":"https:\/\/pauccarmarca.com\/wp-content\/uploads\/2020\/07\/101295771_886735041799836_449800062210408448_o1-1024x768.jpg","type":"","width":"","height":""}],"twitter_card":"summary_large_image","twitter_misc":{"Est. reading time":"4 minutes"},"schema":{"@context":"https:\/\/schema.org","@graph":[{"@type":"WebPage","@id":"https:\/\/pauccarmarca.com\/en\/despacho-andino\/","url":"https:\/\/pauccarmarca.com\/en\/despacho-andino\/","name":"Despacho andino: Ofrendas a la pachamama - Pauccarmarca","isPartOf":{"@id":"https:\/\/pauccarmarca.com\/en\/#website"},"primaryImageOfPage":{"@id":"https:\/\/pauccarmarca.com\/en\/despacho-andino\/#primaryimage"},"image":{"@id":"https:\/\/pauccarmarca.com\/despacho-andino\/#primaryimage"},"thumbnailUrl":"https:\/\/pauccarmarca.com\/wp-content\/uploads\/2020\/07\/101295771_886735041799836_449800062210408448_o1-1024x768.jpg","datePublished":"2021-05-21T22:35:58+00:00","dateModified":"2021-10-20T00:49:26+00:00","description":"El despacho andino. Para mejorar \u2705 tu salud, prosperidad, armon\u00eda, familia, amor, negocios, proyectos, viajes.","breadcrumb":{"@id":"https:\/\/pauccarmarca.com\/en\/despacho-andino\/#breadcrumb"},"inLanguage":"en-US","potentialAction":[{"@type":"ReadAction","target":[["https:\/\/pauccarmarca.com\/en\/despacho-andino\/"]]}]},{"@type":"ImageObject","inLanguage":"en-US","@id":"https:\/\/pauccarmarca.com\/en\/despacho-andino\/#primaryimage","url":"https:\/\/pauccarmarca.com\/wp-content\/uploads\/2020\/07\/101295771_886735041799836_449800062210408448_o1-1024x768.jpg","contentUrl":"https:\/\/pauccarmarca.com\/wp-content\/uploads\/2020\/07\/101295771_886735041799836_449800062210408448_o1-1024x768.jpg"},{"@type":"BreadcrumbList","@id":"https:\/\/pauccarmarca.com\/en\/despacho-andino\/#breadcrumb","itemListElement":[{"@type":"ListItem","position":1,"name":"Portada","item":"https:\/\/pauccarmarca.com\/en\/"},{"@type":"ListItem","position":2,"name":"Despacho andino: Haiwarikui, alcance a la pachamama"}]},{"@type":"WebSite","@id":"https:\/\/pauccarmarca.com\/en\/#website","url":"https:\/\/pauccarmarca.com\/en\/","name":"Pauccarmarca","description":"Viajes inici\u00e1ticos y espacios de sanaci\u00f3n","publisher":{"@id":"https:\/\/pauccarmarca.com\/en\/#organization"},"potentialAction":[{"@type":"SearchAction","target":{"@type":"EntryPoint","urlTemplate":"https:\/\/pauccarmarca.com\/en\/?s={search_term_string}"},"query-input":{"@type":"PropertyValueSpecification","valueRequired":true,"valueName":"search_term_string"}}],"inLanguage":"en-US"},{"@type":"Organization","@id":"https:\/\/pauccarmarca.com\/en\/#organization","name":"Pauccarmarca","url":"https:\/\/pauccarmarca.com\/en\/","logo":{"@type":"ImageObject","inLanguage":"en-US","@id":"https:\/\/pauccarmarca.com\/en\/#\/schema\/logo\/image\/","url":"https:\/\/i1.wp.com\/pauccarmarca.com\/wp-content\/uploads\/2019\/02\/cropped-pauccarmarcaWEB3.png?fit=349%2C112&ssl=1","contentUrl":"https:\/\/i1.wp.com\/pauccarmarca.com\/wp-content\/uploads\/2019\/02\/cropped-pauccarmarcaWEB3.png?fit=349%2C112&ssl=1","width":349,"height":112,"caption":"Pauccarmarca"},"image":{"@id":"https:\/\/pauccarmarca.com\/en\/#\/schema\/logo\/image\/"}}]}},"jetpack_sharing_enabled":true,"_links":{"self":[{"href":"https:\/\/pauccarmarca.com\/en\/wp-json\/wp\/v2\/pages\/2888","targetHints":{"allow":["GET"]}}],"collection":[{"href":"https:\/\/pauccarmarca.com\/en\/wp-json\/wp\/v2\/pages"}],"about":[{"href":"https:\/\/pauccarmarca.com\/en\/wp-json\/wp\/v2\/types\/page"}],"author":[{"embeddable":true,"href":"https:\/\/pauccarmarca.com\/en\/wp-json\/wp\/v2\/users\/3"}],"replies":[{"embeddable":true,"href":"https:\/\/pauccarmarca.com\/en\/wp-json\/wp\/v2\/comments?post=2888"}],"version-history":[{"count":0,"href":"https:\/\/pauccarmarca.com\/en\/wp-json\/wp\/v2\/pages\/2888\/revisions"}],"wp:attachment":[{"href":"https:\/\/pauccarmarca.com\/en\/wp-json\/wp\/v2\/media?parent=2888"}],"curies":[{"name":"wp","href":"https:\/\/api.w.org\/{rel}","templated":true}]}}