{"id":2857,"date":"2021-05-23T18:50:55","date_gmt":"2021-05-23T23:50:55","guid":{"rendered":"https:\/\/pauccarmarca.com\/?page_id=2857"},"modified":"2021-06-06T19:02:23","modified_gmt":"2021-06-07T00:02:23","slug":"cosmovision-andina","status":"publish","type":"page","link":"https:\/\/pauccarmarca.com\/en\/cosmovision-andina\/","title":{"rendered":"Cosmovisi\u00f3n andina"},"content":{"rendered":"<p class=\"qtranxs-available-languages-message qtranxs-available-languages-message-en\">Sorry, this entry is only available in <a href=\"https:\/\/pauccarmarca.com\/es\/wp-json\/wp\/v2\/pages\/2857\" class=\"qtranxs-available-language-link qtranxs-available-language-link-es\" title=\"Espa\u00f1ol\">Espa\u00f1ol<\/a>.<\/p><div class=\"wp-block-group\"><div class=\"wp-block-group__inner-container is-layout-flow wp-block-group-is-layout-flow\">\n<h2 class=\"wp-block-heading\" id=\"h-qu-es-la-cosmovisi-n-andina\">Qu\u00e9 es la cosmovisi\u00f3n andina ?<\/h2>\n\n\n\n<p>La cosmovisi\u00f3n andina es la manera de ver y entender el universo que tienen los pueblos de los andes. Estas culturas milenarias, con esta manera particular de interpretar la realidad y aplicar los c\u00f3digos andinos, a sobrevivido hasta el dia de hoy y cada vez es m\u00e1s valorada por la cultura occidental.<\/p>\n\n\n\n<div class=\"wp-block-group\"><div class=\"wp-block-group__inner-container is-layout-flow wp-block-group-is-layout-flow\">\n<h3 class=\"wp-block-heading\" id=\"h-conceptos-y-herramientas-de-la-cosmovisi-n-andina\">Conceptos y herramientas de la cosmovisi\u00f3n andina. <\/h3>\n\n\n\n<p>Los conceptos y herramientas de la cosmovisi\u00f3n parten de aceptar que todo lo que nos rodea est\u00e1 vivo. Tierra, plantas, animales, estrellas, todo est\u00e1 vivo. Del reconocimiento, interacci\u00f3n, comunicaci\u00f3n y respeto entre todos los ser. Tambi\u00e9n la profunda observaci\u00f3n de lo cotidiano fue y sigue siendo una fuente inagotable de sabidur\u00eda. De esta manera se forma un gran tejido. Cada ser, una c\u00e9lula de algo m\u00e1s grande. Algo superior de lo que es parte. Parte con la que tambi\u00e9n puede estar en \u00edntima comunicaci\u00f3n.<\/p>\n\n\n\n<div class=\"wp-block-group padding-1 has-luminous-vivid-amber-background-color has-background\"><div class=\"wp-block-group__inner-container is-layout-flow wp-block-group-is-layout-flow\">\n<h4 class=\"wp-block-heading\" id=\"h-pachamama\"><strong>Pachamama<\/strong><\/h4>\n\n\n\n<p>La pachamama es la madre tierra que nos sostiene, nos da cobijo y alimento incondicionalmente. Cada surco de tierra, gota de lluvia, brisa de verano, rayo de sol pertenece a un tramado m\u00e1s grande. Este tejido m\u00e1s grande nombrado pachamama contiene en su interior el origen de la vida.<\/p>\n<\/div><\/div>\n\n\n\n<div class=\"wp-block-group padding-1\"><div class=\"wp-block-group__inner-container is-layout-flow wp-block-group-is-layout-flow\">\n<h4 class=\"wp-block-heading\" id=\"h-apus\"><strong>Apus<\/strong><\/h4>\n\n\n\n<p>Los apus son entidades divinas asociadas a las altas monta\u00f1as. Cada parte, cada c\u00e9lula unidas en un entramado dan lugar para un esp\u00edritu regente. Los apus representan a los esp\u00edritus evolucionados, de alto grado de conciencia, que han reconocido su parte divina. Esta caracter\u00edstica los habilita a ser regentes de un gran tramado de seres que aspiran o tienen la oportunidad de desarrollar su nivel de conciencia. Esta es la raz\u00f3n por la cual son invocados, entre otras cosas, como gu\u00edas espirituales para las personas que deciden iniciar su propio camino.<\/p>\n<\/div><\/div>\n\n\n\n<div class=\"wp-block-group padding-1 has-light-green-cyan-background-color has-background\"><div class=\"wp-block-group__inner-container is-layout-flow wp-block-group-is-layout-flow\">\n<h4 class=\"wp-block-heading\" id=\"h-trilog-a-andina\"><strong>Trilog\u00eda andina<\/strong><\/h4>\n\n\n\n<p>La trilog\u00eda andina se da lugar tambi\u00e9n desde la observaci\u00f3n. Tenemos a la pachamama como un ser vivo compuesto de muchas partes con vida. Luego las partes vivas con conciencia que hablan de estos temas. Y por \u00faltimo, los apus que habitan entre estas partes las cuales dan guia desde las altas monta\u00f1as.<\/p>\n\n\n\n<p>De aqu\u00ed se deduce a la tierra, donde caminamos, desde donde brota la vida, el origen, el uku pacha, el mundo de abajo, como el primer elemento de la trilog\u00eda.<\/p>\n\n\n\n<p>Luego, las partes que conforman los tejidos m\u00e1s grandes, el lugar donde se desarrolla la vida cotidiana, el kay pacha.<\/p>\n\n\n\n<p>Finalmente, el hanan pacha asociado a lo divino, al mundo de arriba, a los esp\u00edritus evolucionados a los que se les puede pedir orientaci\u00f3n.<\/p>\n<\/div><\/div>\n\n\n\n<div class=\"wp-block-group padding-1\"><div class=\"wp-block-group__inner-container is-layout-flow wp-block-group-is-layout-flow\">\n<h4 class=\"wp-block-heading\" id=\"h-missa-andina\"><strong>Missa andina<\/strong><\/h4>\n\n\n\n<h4 class=\"wp-block-heading\" id=\"h-la-missa-andina-es-la-representaci-n-del-universo-propio-de-un-iniciado-es-un-conjunto-de-tejidos-que-da-lugar-a-la-herramienta-m-s-poderosa-desarrollada-por-la-cultura-q-ero-en-estos-tejidos-q-ero-se-ve-claramente-la-interpretaci-n-de-la-trilog-a-andina-los-cuatro-elementos-el-recorrido-del-iniciado-y-el-entendimiento-de-cada-ser-es-un-universo-completo-formado-por-otras-partes-vivientes-en-el-cual-habita-un-esp-ritu-que-puede-evolucionar-su-nivel-de-conciencia\">La missa andina es la representaci\u00f3n del universo propio de un iniciado. Es un conjunto de tejidos que da lugar a la herramienta m\u00e1s poderosa desarrollada por la cultura q&#8217;ero. En estos tejidos q&#8217;ero se ve claramente la interpretaci\u00f3n de la trilog\u00eda andina, los cuatro elementos, el recorrido del iniciado y el entendimiento de cada ser es un universo completo, formado por otras partes vivientes, en el cual habita un esp\u00edritu que puede evolucionar su nivel de conciencia. <\/h4>\n<\/div><\/div>\n\n\n\n<div class=\"wp-block-group padding-1 has-white-color has-vivid-red-background-color has-text-color has-background\"><div class=\"wp-block-group__inner-container is-layout-flow wp-block-group-is-layout-flow\">\n<h4 class=\"has-white-color has-text-color wp-block-heading\" id=\"h-los-c-digos-andinos\"><strong>Los c\u00f3digos andinos<\/strong><\/h4>\n\n\n\n<p>Los c\u00f3digos andinos son un conjunto de normas que dan una guia de como actuar e interpretar el universo que nos rodea. Con el paso del tiempo se los ha podido catalogar en 7 c\u00f3digos:<\/p>\n\n\n\n<ol class=\"wp-block-list\"><li>Kawsay<\/li><li>Anya<\/li><li>Munay<\/li><li>Llank&#8217;ay<\/li><li>Yachay<\/li><li>Ayni<\/li><li>Kawsaypacha<\/li><\/ol>\n<\/div><\/div>\n<\/div><\/div>\n\n\n\n<p><\/p>\n<\/div><\/div>\n\n\n\n<p><\/p>","protected":false},"excerpt":{"rendered":"<p>Sorry, this entry is only available in Espa\u00f1ol. Qu\u00e9 es la cosmovisi\u00f3n andina ? La cosmovisi\u00f3n andina es la manera de ver y entender el universo que tienen los pueblos de los andes. Estas culturas milenarias, con esta manera particular de interpretar la realidad y aplicar los c\u00f3digos andinos, a sobrevivido hasta el dia de &#8230; <a title=\"Cosmovisi\u00f3n andina\" class=\"read-more\" href=\"https:\/\/pauccarmarca.com\/en\/cosmovision-andina\/\" aria-label=\"More on Cosmovisi\u00f3n andina\">Read more<\/a><\/p>\n","protected":false},"author":3,"featured_media":0,"parent":0,"menu_order":0,"comment_status":"closed","ping_status":"closed","template":"","meta":{"footnotes":""},"class_list":["post-2857","page","type-page","status-publish"],"yoast_head":"<!-- This site is optimized with the Yoast SEO plugin v27.5 - https:\/\/yoast.com\/product\/yoast-seo-wordpress\/ -->\n<title>Cosmovisi\u00f3n andina - Pauccarmarca<\/title>\n<meta name=\"robots\" content=\"index, follow, max-snippet:-1, max-image-preview:large, max-video-preview:-1\" \/>\n<link rel=\"canonical\" href=\"https:\/\/pauccarmarca.com\/en\/cosmovision-andina\/\" \/>\n<meta property=\"og:locale\" content=\"en_US\" \/>\n<meta property=\"og:type\" content=\"article\" \/>\n<meta property=\"og:title\" content=\"Cosmovisi\u00f3n andina - Pauccarmarca\" \/>\n<meta property=\"og:description\" content=\"Sorry, this entry is only available in Espa\u00f1ol. Qu\u00e9 es la cosmovisi\u00f3n andina ? La cosmovisi\u00f3n andina es la manera de ver y entender el universo que tienen los pueblos de los andes. Estas culturas milenarias, con esta manera particular de interpretar la realidad y aplicar los c\u00f3digos andinos, a sobrevivido hasta el dia de ... Read more\" \/>\n<meta property=\"og:url\" content=\"https:\/\/pauccarmarca.com\/en\/cosmovision-andina\/\" \/>\n<meta property=\"og:site_name\" content=\"Pauccarmarca\" \/>\n<meta property=\"article:modified_time\" content=\"2021-06-07T00:02:23+00:00\" \/>\n<meta name=\"twitter:card\" content=\"summary_large_image\" \/>\n<meta name=\"twitter:label1\" content=\"Est. reading time\" \/>\n\t<meta name=\"twitter:data1\" content=\"3 minutes\" \/>\n<script type=\"application\/ld+json\" class=\"yoast-schema-graph\">{\"@context\":\"https:\\\/\\\/schema.org\",\"@graph\":[{\"@type\":\"WebPage\",\"@id\":\"https:\\\/\\\/pauccarmarca.com\\\/en\\\/cosmovision-andina\\\/\",\"url\":\"https:\\\/\\\/pauccarmarca.com\\\/en\\\/cosmovision-andina\\\/\",\"name\":\"Cosmovisi\u00f3n andina - Pauccarmarca\",\"isPartOf\":{\"@id\":\"https:\\\/\\\/pauccarmarca.com\\\/en\\\/#website\"},\"datePublished\":\"2021-05-23T23:50:55+00:00\",\"dateModified\":\"2021-06-07T00:02:23+00:00\",\"breadcrumb\":{\"@id\":\"https:\\\/\\\/pauccarmarca.com\\\/en\\\/cosmovision-andina\\\/#breadcrumb\"},\"inLanguage\":\"en-US\",\"potentialAction\":[{\"@type\":\"ReadAction\",\"target\":[[\"https:\\\/\\\/pauccarmarca.com\\\/en\\\/cosmovision-andina\\\/\"]]}]},{\"@type\":\"BreadcrumbList\",\"@id\":\"https:\\\/\\\/pauccarmarca.com\\\/en\\\/cosmovision-andina\\\/#breadcrumb\",\"itemListElement\":[{\"@type\":\"ListItem\",\"position\":1,\"name\":\"Portada\",\"item\":\"https:\\\/\\\/pauccarmarca.com\\\/en\\\/\"},{\"@type\":\"ListItem\",\"position\":2,\"name\":\"Cosmovisi\u00f3n andina\"}]},{\"@type\":\"WebSite\",\"@id\":\"https:\\\/\\\/pauccarmarca.com\\\/en\\\/#website\",\"url\":\"https:\\\/\\\/pauccarmarca.com\\\/en\\\/\",\"name\":\"Pauccarmarca\",\"description\":\"Viajes inici\u00e1ticos y espacios de sanaci\u00f3n\",\"publisher\":{\"@id\":\"https:\\\/\\\/pauccarmarca.com\\\/en\\\/#organization\"},\"potentialAction\":[{\"@type\":\"SearchAction\",\"target\":{\"@type\":\"EntryPoint\",\"urlTemplate\":\"https:\\\/\\\/pauccarmarca.com\\\/en\\\/?s={search_term_string}\"},\"query-input\":{\"@type\":\"PropertyValueSpecification\",\"valueRequired\":true,\"valueName\":\"search_term_string\"}}],\"inLanguage\":\"en-US\"},{\"@type\":\"Organization\",\"@id\":\"https:\\\/\\\/pauccarmarca.com\\\/en\\\/#organization\",\"name\":\"Pauccarmarca\",\"url\":\"https:\\\/\\\/pauccarmarca.com\\\/en\\\/\",\"logo\":{\"@type\":\"ImageObject\",\"inLanguage\":\"en-US\",\"@id\":\"https:\\\/\\\/pauccarmarca.com\\\/en\\\/#\\\/schema\\\/logo\\\/image\\\/\",\"url\":\"https:\\\/\\\/i1.wp.com\\\/pauccarmarca.com\\\/wp-content\\\/uploads\\\/2019\\\/02\\\/cropped-pauccarmarcaWEB3.png?fit=349%2C112&ssl=1\",\"contentUrl\":\"https:\\\/\\\/i1.wp.com\\\/pauccarmarca.com\\\/wp-content\\\/uploads\\\/2019\\\/02\\\/cropped-pauccarmarcaWEB3.png?fit=349%2C112&ssl=1\",\"width\":349,\"height\":112,\"caption\":\"Pauccarmarca\"},\"image\":{\"@id\":\"https:\\\/\\\/pauccarmarca.com\\\/en\\\/#\\\/schema\\\/logo\\\/image\\\/\"}}]}<\/script>\n<!-- \/ Yoast SEO plugin. -->","yoast_head_json":{"title":"Cosmovisi\u00f3n andina - Pauccarmarca","robots":{"index":"index","follow":"follow","max-snippet":"max-snippet:-1","max-image-preview":"max-image-preview:large","max-video-preview":"max-video-preview:-1"},"canonical":"https:\/\/pauccarmarca.com\/en\/cosmovision-andina\/","og_locale":"en_US","og_type":"article","og_title":"Cosmovisi\u00f3n andina - Pauccarmarca","og_description":"Sorry, this entry is only available in Espa\u00f1ol. Qu\u00e9 es la cosmovisi\u00f3n andina ? La cosmovisi\u00f3n andina es la manera de ver y entender el universo que tienen los pueblos de los andes. Estas culturas milenarias, con esta manera particular de interpretar la realidad y aplicar los c\u00f3digos andinos, a sobrevivido hasta el dia de ... Read more","og_url":"https:\/\/pauccarmarca.com\/en\/cosmovision-andina\/","og_site_name":"Pauccarmarca","article_modified_time":"2021-06-07T00:02:23+00:00","twitter_card":"summary_large_image","twitter_misc":{"Est. reading time":"3 minutes"},"schema":{"@context":"https:\/\/schema.org","@graph":[{"@type":"WebPage","@id":"https:\/\/pauccarmarca.com\/en\/cosmovision-andina\/","url":"https:\/\/pauccarmarca.com\/en\/cosmovision-andina\/","name":"Cosmovisi\u00f3n andina - Pauccarmarca","isPartOf":{"@id":"https:\/\/pauccarmarca.com\/en\/#website"},"datePublished":"2021-05-23T23:50:55+00:00","dateModified":"2021-06-07T00:02:23+00:00","breadcrumb":{"@id":"https:\/\/pauccarmarca.com\/en\/cosmovision-andina\/#breadcrumb"},"inLanguage":"en-US","potentialAction":[{"@type":"ReadAction","target":[["https:\/\/pauccarmarca.com\/en\/cosmovision-andina\/"]]}]},{"@type":"BreadcrumbList","@id":"https:\/\/pauccarmarca.com\/en\/cosmovision-andina\/#breadcrumb","itemListElement":[{"@type":"ListItem","position":1,"name":"Portada","item":"https:\/\/pauccarmarca.com\/en\/"},{"@type":"ListItem","position":2,"name":"Cosmovisi\u00f3n andina"}]},{"@type":"WebSite","@id":"https:\/\/pauccarmarca.com\/en\/#website","url":"https:\/\/pauccarmarca.com\/en\/","name":"Pauccarmarca","description":"Viajes inici\u00e1ticos y espacios de sanaci\u00f3n","publisher":{"@id":"https:\/\/pauccarmarca.com\/en\/#organization"},"potentialAction":[{"@type":"SearchAction","target":{"@type":"EntryPoint","urlTemplate":"https:\/\/pauccarmarca.com\/en\/?s={search_term_string}"},"query-input":{"@type":"PropertyValueSpecification","valueRequired":true,"valueName":"search_term_string"}}],"inLanguage":"en-US"},{"@type":"Organization","@id":"https:\/\/pauccarmarca.com\/en\/#organization","name":"Pauccarmarca","url":"https:\/\/pauccarmarca.com\/en\/","logo":{"@type":"ImageObject","inLanguage":"en-US","@id":"https:\/\/pauccarmarca.com\/en\/#\/schema\/logo\/image\/","url":"https:\/\/i1.wp.com\/pauccarmarca.com\/wp-content\/uploads\/2019\/02\/cropped-pauccarmarcaWEB3.png?fit=349%2C112&ssl=1","contentUrl":"https:\/\/i1.wp.com\/pauccarmarca.com\/wp-content\/uploads\/2019\/02\/cropped-pauccarmarcaWEB3.png?fit=349%2C112&ssl=1","width":349,"height":112,"caption":"Pauccarmarca"},"image":{"@id":"https:\/\/pauccarmarca.com\/en\/#\/schema\/logo\/image\/"}}]}},"jetpack_sharing_enabled":true,"_links":{"self":[{"href":"https:\/\/pauccarmarca.com\/en\/wp-json\/wp\/v2\/pages\/2857","targetHints":{"allow":["GET"]}}],"collection":[{"href":"https:\/\/pauccarmarca.com\/en\/wp-json\/wp\/v2\/pages"}],"about":[{"href":"https:\/\/pauccarmarca.com\/en\/wp-json\/wp\/v2\/types\/page"}],"author":[{"embeddable":true,"href":"https:\/\/pauccarmarca.com\/en\/wp-json\/wp\/v2\/users\/3"}],"replies":[{"embeddable":true,"href":"https:\/\/pauccarmarca.com\/en\/wp-json\/wp\/v2\/comments?post=2857"}],"version-history":[{"count":0,"href":"https:\/\/pauccarmarca.com\/en\/wp-json\/wp\/v2\/pages\/2857\/revisions"}],"wp:attachment":[{"href":"https:\/\/pauccarmarca.com\/en\/wp-json\/wp\/v2\/media?parent=2857"}],"curies":[{"name":"wp","href":"https:\/\/api.w.org\/{rel}","templated":true}]}}